{"id":485,"date":"2016-03-27T16:59:53","date_gmt":"2016-03-27T16:59:53","guid":{"rendered":"http:\/\/www.linkwebsrl.it\/wordpress\/?page_id=485"},"modified":"2025-02-13T21:46:22","modified_gmt":"2025-02-13T20:46:22","slug":"scudi-2","status":"publish","type":"page","link":"https:\/\/www.zhi.it\/portalnew\/wikizhi\/oggetti\/craftabili\/scudi-2\/","title":{"rendered":"Scudi"},"content":{"rendered":"<p>Coloro i quali amano combattere in mischie feroci, devono essere dotati oltre che di una buona armatura, anche di un ottimo scudo, per difendersi e parare i colpi degli avversari.<\/p>\n<p>In giro fra i mercati e fra gli artigiani pi\u00f9 famosi se ne trovano di diversi tipi, divisi per categorie fra legno e metallo, alcuni pi\u00f9 leggeri, altri pi\u00f9 resistenti, e tutti di diversa fattura. Ogni armaiolo esperto infatti, riesce ad infondere le proprie capacit\u00e0, ed ogni oggetto da lui creato, scudo, arma o armatura che sia, \u00e8 un&#8217;estensione di se stesso&#8230;<\/p>\n<p>Per utilizzare uno scudo, \u00e8 necessario conoscere la skill Parrying. Maggiore \u00e8 il valore che si ha in questa skill, maggiore \u00e8 la probabilit\u00e0 di parare con successo un colpo.<\/p>\n<p>Uno scudo Exceptional sar\u00e0 pi\u00f9 maneggevole. Come tale, ridurr\u00e0 di meno la DEX, rispetto a scudo di normale fattura.<\/p>\n<p>Contrariamente alle comuni credenze, uno scudo in metallo, o in generale avere in mano uno scudo, non riduce l&#8217;efficacia dei cast se risulta in mano al lancio della magia.<\/p>\n<p>Ti ricordiamo che ogni materiale con cui viene fabbricata uno scudo ha delle sue particolarit\u00e0 che puoi trovare riassunte qui: <a href=\"https:\/\/www.zhi.it\/portalnew\/wikizhi\/systems\/crafting-system\/proprieta-delle-risorse\/\">Propriet\u00e0 delle Risorse<\/a><\/p>\n<p>&nbsp;<\/p>\n<table style=\"margin-left: auto; margin-right: auto;\" border=\"1\">\n<tbody>\n<tr>\n<td colspan=\"2\" align=\"center\"><strong>Scudi In Metallo<\/strong><\/td>\n<td colspan=\"2\" align=\"center\"><strong>Scudi in Legno<\/strong><\/td>\n<\/tr>\n<tr>\n<td align=\"center\"><strong>Buckler<\/strong><\/p>\n<p>Max HP: 80<\/p>\n<p>STR required: 30<\/p>\n<p>Dex reduction: -2<\/p>\n<p>Parrying bonus: 10<\/p>\n<p>Damage Reduction: 8<\/p>\n<p>AR Level: 4<\/p>\n<p>Exceptional AR Level: 6<\/td>\n<td align=\"center\">&nbsp;<\/p>\n<p><span class=\"inline inline-left\"><img loading=\"lazy\" decoding=\"async\" class=\"image image-_original aligncenter\" title=\"\" src=\"https:\/\/www.zhi.it\/portalnew\/images\/Buckler.png\" alt=\"\" width=\"47\" height=\"62\" \/><\/span><\/td>\n<td align=\"center\"><strong>Training Shield<\/strong><\/p>\n<p>Max HP: 40<\/p>\n<p>STR required: 20<\/p>\n<p>Dex reduction: 0<\/p>\n<p>Parrying bonus: 15<\/p>\n<p>Damage Reduction: 4<\/p>\n<p>AR Level: 4<\/p>\n<p>Exceptional AR Level: 6<\/td>\n<td align=\"center\">&nbsp;<\/p>\n<p><span class=\"inline inline-left\"><img loading=\"lazy\" decoding=\"async\" class=\"image image-_original aligncenter\" title=\"\" src=\"https:\/\/www.zhi.it\/portalnew\/images\/Training Shield.png\" alt=\"\" width=\"55\" height=\"57\" \/><\/span><\/td>\n<\/tr>\n<tr>\n<td align=\"center\"><strong>Metal Shield<\/strong><\/p>\n<p>Max HP: 88<\/p>\n<p>STR required: 60<\/p>\n<p>Dex reduction: -7<\/p>\n<p>Parrying bonus: 2<\/p>\n<p>Damage Reduction: 14<\/p>\n<p>AR Level: 3<\/p>\n<p>Exceptional AR Level: 5<\/td>\n<td align=\"center\">\u00a0<span class=\"inline inline-left\"><img loading=\"lazy\" decoding=\"async\" class=\"image image-_original aligncenter\" title=\"\" src=\"https:\/\/www.zhi.it\/portalnew\/images\/Immagine_0.png\" alt=\"\" width=\"58\" height=\"72\" \/><\/span><\/td>\n<td align=\"center\"><strong>Viking Wooden Shield<\/strong><\/p>\n<p>Max HP: 60<\/p>\n<p>STR required: 50<\/p>\n<p>Dex reduction: -5<\/p>\n<p>Parrying bonus: 7<\/p>\n<p>Damage Reduction: 10<\/p>\n<p>AR Level: 3<\/p>\n<p>Exceptional AR Level: 5<\/td>\n<td align=\"center\">\u00a0<span class=\"inline inline-left\"><img loading=\"lazy\" decoding=\"async\" class=\"image image-_original aligncenter\" title=\"\" src=\"https:\/\/www.zhi.it\/portalnew\/images\/Immagine2.png\" alt=\"\" width=\"68\" height=\"77\" \/><\/span><\/td>\n<\/tr>\n<tr>\n<td align=\"center\"><strong>Bronze Shield\u00a0<\/strong><\/p>\n<p>Max HP: 96<\/p>\n<p>STR required: 70<\/p>\n<p>Dex reduction: -6<\/p>\n<p>Parrying bonus: 0<\/p>\n<p>Damage Reduction: 16<\/p>\n<p>AR Level: 3<\/p>\n<p>Exceptional AR Level: 5<\/td>\n<td align=\"center\">&nbsp;<\/p>\n<p><span class=\"inline inline-left\"><img loading=\"lazy\" decoding=\"async\" class=\"image image-_original aligncenter\" title=\"\" src=\"https:\/\/www.zhi.it\/portalnew\/images\/Bronze Shield.png\" alt=\"\" width=\"59\" height=\"78\" \/><\/span><\/td>\n<td align=\"center\"><strong>Wooden Shield<\/strong><\/p>\n<p>Max HP: 80<\/p>\n<p>STR required: 60<\/p>\n<p>Dex reduction: -4<\/p>\n<p>Parrying bonus: 5<\/p>\n<p>Damage Reduction: 12<\/p>\n<p>AR Level: 3<\/p>\n<p>Exceptional AR Level: 5<\/td>\n<td align=\"center\">&nbsp;<\/p>\n<p><span class=\"inline inline-left\"><img loading=\"lazy\" decoding=\"async\" class=\"image image-_original aligncenter\" title=\"\" src=\"https:\/\/www.zhi.it\/portalnew\/images\/Wooden Shield.png\" alt=\"\" width=\"55\" height=\"66\" \/><\/span><\/td>\n<\/tr>\n<tr>\n<td align=\"center\"><strong>Metal Kite Shield<\/strong><\/p>\n<p>Max HP: 130<\/p>\n<p>STR required: 80<\/p>\n<p>Dex reduction: -8<\/p>\n<p>Parrying bonus: -7<\/p>\n<p>Damage Reduction: 22<\/p>\n<p>AR Level: 2<\/p>\n<p>Exceptional AR Level: 4<\/td>\n<td align=\"center\">\u00a0<span class=\"inline inline-left\"><img loading=\"lazy\" decoding=\"async\" class=\"image image-_original aligncenter\" title=\"\" src=\"https:\/\/www.zhi.it\/portalnew\/images\/Immagine3.png\" alt=\"\" width=\"59\" height=\"105\" \/><\/span><\/td>\n<td align=\"center\"><strong>Tribal Kite Shield<\/strong><\/p>\n<p>Max HP: 112<\/p>\n<p>STR required: 70<\/p>\n<p>Dex reduction: -7<\/p>\n<p>Parrying bonus: -2<\/p>\n<p>Damage Reduction: 18<\/p>\n<p>AR Level: 2<\/p>\n<p>Exceptional AR Level: 4<\/td>\n<td align=\"center\">\u00a0<span class=\"inline inline-left\"><img loading=\"lazy\" decoding=\"async\" class=\"image image-_original aligncenter\" title=\"\" src=\"https:\/\/www.zhi.it\/portalnew\/images\/Immagine4.png\" alt=\"\" width=\"54\" height=\"122\" \/><\/span><\/td>\n<\/tr>\n<tr>\n<td align=\"center\"><strong>Heater Shield\u00a0<\/strong><\/p>\n<p>Max HP: 144<\/p>\n<p>STR required: 90<\/p>\n<p>Dex reduction: -10<\/p>\n<p>Parrying bonus: -10<\/p>\n<p>Damage Reduction: 24<\/p>\n<p>AR Level: 1<\/p>\n<p>Exceptional AR Level: 3<\/td>\n<td align=\"center\">&nbsp;<\/p>\n<p><span class=\"inline inline-left\"><img loading=\"lazy\" decoding=\"async\" class=\"image image-_original aligncenter\" title=\"\" src=\"https:\/\/www.zhi.it\/portalnew\/images\/Heater Shield.png\" alt=\"\" width=\"63\" height=\"129\" \/><\/span><\/td>\n<td align=\"center\"><strong>Kite Shield<\/strong><\/p>\n<p>Max HP: 128<\/p>\n<p>STR required: 80<\/p>\n<p>Dex reduction: -8<\/p>\n<p>Parrying bonus: -5<\/p>\n<p>Damage Reduction: 20<\/p>\n<p>AR Level: 2<\/p>\n<p>Exceptional AR Level: 4<\/td>\n<td align=\"center\">&nbsp;<\/p>\n<p><span class=\"inline inline-left\"><img loading=\"lazy\" decoding=\"async\" class=\"image image-_original aligncenter\" title=\"\" src=\"https:\/\/www.zhi.it\/portalnew\/images\/Kite Shield.png\" alt=\"\" width=\"50\" height=\"116\" \/><\/span><\/td>\n<\/tr>\n<\/tbody>\n<\/table>\n<p>&nbsp;<\/p>\n","protected":false},"excerpt":{"rendered":"<p>Coloro i quali amano combattere in mischie feroci, devono essere dotati oltre che di una buona armatura, anche di un ottimo scudo, per difendersi e parare i colpi degli avversari. In giro fra i mercati e fra gli artigiani pi\u00f9 famosi se ne trovano di diversi tipi, divisi per categorie fra legno e metallo, alcuni [&hellip;]<\/p>\n","protected":false},"author":2,"featured_media":2980,"parent":479,"menu_order":0,"comment_status":"closed","ping_status":"closed","template":"","meta":{"inline_featured_image":false,"footnotes":""},"class_list":["post-485","page","type-page","status-publish","has-post-thumbnail","czr-hentry"],"yoast_head":"<!-- This site is optimized with the Yoast SEO plugin v27.4 - https:\/\/yoast.com\/product\/yoast-seo-wordpress\/ -->\n<title>Scudi - Zulu Hotel Italia<\/title>\n<meta name=\"robots\" content=\"index, follow, max-snippet:-1, max-image-preview:large, max-video-preview:-1\" \/>\n<link rel=\"canonical\" href=\"https:\/\/www.zhi.it\/portalnew\/wikizhi\/oggetti\/craftabili\/scudi-2\/\" \/>\n<meta property=\"og:locale\" content=\"it_IT\" \/>\n<meta property=\"og:type\" content=\"article\" \/>\n<meta property=\"og:title\" content=\"Scudi - Zulu Hotel Italia\" \/>\n<meta property=\"og:description\" content=\"Coloro i quali amano combattere in mischie feroci, devono essere dotati oltre che di una buona armatura, anche di un ottimo scudo, per difendersi e parare i colpi degli avversari. In giro fra i mercati e fra gli artigiani pi\u00f9 famosi se ne trovano di diversi tipi, divisi per categorie fra legno e metallo, alcuni [&hellip;]\" \/>\n<meta property=\"og:url\" content=\"https:\/\/www.zhi.it\/portalnew\/wikizhi\/oggetti\/craftabili\/scudi-2\/\" \/>\n<meta property=\"og:site_name\" content=\"Zulu Hotel Italia\" \/>\n<meta property=\"article:modified_time\" content=\"2025-02-13T20:46:22+00:00\" \/>\n<meta property=\"og:image\" content=\"https:\/\/www.zhi.it\/portalnew\/wp-content\/uploads\/2017\/07\/armors.jpg\" \/>\n\t<meta property=\"og:image:width\" content=\"526\" \/>\n\t<meta property=\"og:image:height\" content=\"690\" \/>\n\t<meta property=\"og:image:type\" content=\"image\/jpeg\" \/>\n<meta name=\"twitter:card\" content=\"summary_large_image\" \/>\n<meta name=\"twitter:label1\" content=\"Tempo di lettura stimato\" \/>\n\t<meta name=\"twitter:data1\" content=\"5 minuti\" \/>\n<script type=\"application\/ld+json\" class=\"yoast-schema-graph\">{\"@context\":\"https:\\\/\\\/schema.org\",\"@graph\":[{\"@type\":\"WebPage\",\"@id\":\"https:\\\/\\\/www.zhi.it\\\/portalnew\\\/wikizhi\\\/oggetti\\\/craftabili\\\/scudi-2\\\/\",\"url\":\"https:\\\/\\\/www.zhi.it\\\/portalnew\\\/wikizhi\\\/oggetti\\\/craftabili\\\/scudi-2\\\/\",\"name\":\"Scudi - Zulu Hotel Italia\",\"isPartOf\":{\"@id\":\"https:\\\/\\\/www.zhi.it\\\/portalnew\\\/#website\"},\"primaryImageOfPage\":{\"@id\":\"https:\\\/\\\/www.zhi.it\\\/portalnew\\\/wikizhi\\\/oggetti\\\/craftabili\\\/scudi-2\\\/#primaryimage\"},\"image\":{\"@id\":\"https:\\\/\\\/www.zhi.it\\\/portalnew\\\/wikizhi\\\/oggetti\\\/craftabili\\\/scudi-2\\\/#primaryimage\"},\"thumbnailUrl\":\"https:\\\/\\\/www.zhi.it\\\/portalnew\\\/wp-content\\\/uploads\\\/2017\\\/07\\\/armors.jpg\",\"datePublished\":\"2016-03-27T16:59:53+00:00\",\"dateModified\":\"2025-02-13T20:46:22+00:00\",\"breadcrumb\":{\"@id\":\"https:\\\/\\\/www.zhi.it\\\/portalnew\\\/wikizhi\\\/oggetti\\\/craftabili\\\/scudi-2\\\/#breadcrumb\"},\"inLanguage\":\"it-IT\",\"potentialAction\":[{\"@type\":\"ReadAction\",\"target\":[\"https:\\\/\\\/www.zhi.it\\\/portalnew\\\/wikizhi\\\/oggetti\\\/craftabili\\\/scudi-2\\\/\"]}]},{\"@type\":\"ImageObject\",\"inLanguage\":\"it-IT\",\"@id\":\"https:\\\/\\\/www.zhi.it\\\/portalnew\\\/wikizhi\\\/oggetti\\\/craftabili\\\/scudi-2\\\/#primaryimage\",\"url\":\"https:\\\/\\\/www.zhi.it\\\/portalnew\\\/wp-content\\\/uploads\\\/2017\\\/07\\\/armors.jpg\",\"contentUrl\":\"https:\\\/\\\/www.zhi.it\\\/portalnew\\\/wp-content\\\/uploads\\\/2017\\\/07\\\/armors.jpg\",\"width\":526,\"height\":690},{\"@type\":\"BreadcrumbList\",\"@id\":\"https:\\\/\\\/www.zhi.it\\\/portalnew\\\/wikizhi\\\/oggetti\\\/craftabili\\\/scudi-2\\\/#breadcrumb\",\"itemListElement\":[{\"@type\":\"ListItem\",\"position\":1,\"name\":\"Home\",\"item\":\"https:\\\/\\\/www.zhi.it\\\/portalnew\\\/\"},{\"@type\":\"ListItem\",\"position\":2,\"name\":\"Zhi Wiki\",\"item\":\"https:\\\/\\\/www.zhi.it\\\/portalnew\\\/wikizhi\\\/\"},{\"@type\":\"ListItem\",\"position\":3,\"name\":\"!Oggetti\",\"item\":\"https:\\\/\\\/www.zhi.it\\\/portalnew\\\/wikizhi\\\/oggetti\\\/\"},{\"@type\":\"ListItem\",\"position\":4,\"name\":\"Craftabili\",\"item\":\"https:\\\/\\\/www.zhi.it\\\/portalnew\\\/wikizhi\\\/oggetti\\\/craftabili\\\/\"},{\"@type\":\"ListItem\",\"position\":5,\"name\":\"Scudi\"}]},{\"@type\":\"WebSite\",\"@id\":\"https:\\\/\\\/www.zhi.it\\\/portalnew\\\/#website\",\"url\":\"https:\\\/\\\/www.zhi.it\\\/portalnew\\\/\",\"name\":\"Zulu Hotel Italia\",\"description\":\"\",\"publisher\":{\"@id\":\"https:\\\/\\\/www.zhi.it\\\/portalnew\\\/#organization\"},\"potentialAction\":[{\"@type\":\"SearchAction\",\"target\":{\"@type\":\"EntryPoint\",\"urlTemplate\":\"https:\\\/\\\/www.zhi.it\\\/portalnew\\\/?s={search_term_string}\"},\"query-input\":{\"@type\":\"PropertyValueSpecification\",\"valueRequired\":true,\"valueName\":\"search_term_string\"}}],\"inLanguage\":\"it-IT\"},{\"@type\":\"Organization\",\"@id\":\"https:\\\/\\\/www.zhi.it\\\/portalnew\\\/#organization\",\"name\":\"Zulu Hotel Italia\",\"url\":\"https:\\\/\\\/www.zhi.it\\\/portalnew\\\/\",\"logo\":{\"@type\":\"ImageObject\",\"inLanguage\":\"it-IT\",\"@id\":\"https:\\\/\\\/www.zhi.it\\\/portalnew\\\/#\\\/schema\\\/logo\\\/image\\\/\",\"url\":\"https:\\\/\\\/www.zhi.it\\\/portalnew\\\/wp-content\\\/uploads\\\/2018\\\/09\\\/cropped-zhi-logo-colorato.png\",\"contentUrl\":\"https:\\\/\\\/www.zhi.it\\\/portalnew\\\/wp-content\\\/uploads\\\/2018\\\/09\\\/cropped-zhi-logo-colorato.png\",\"width\":325,\"height\":325,\"caption\":\"Zulu Hotel Italia\"},\"image\":{\"@id\":\"https:\\\/\\\/www.zhi.it\\\/portalnew\\\/#\\\/schema\\\/logo\\\/image\\\/\"}}]}<\/script>\n<!-- \/ Yoast SEO plugin. -->","yoast_head_json":{"title":"Scudi - Zulu Hotel Italia","robots":{"index":"index","follow":"follow","max-snippet":"max-snippet:-1","max-image-preview":"max-image-preview:large","max-video-preview":"max-video-preview:-1"},"canonical":"https:\/\/www.zhi.it\/portalnew\/wikizhi\/oggetti\/craftabili\/scudi-2\/","og_locale":"it_IT","og_type":"article","og_title":"Scudi - Zulu Hotel Italia","og_description":"Coloro i quali amano combattere in mischie feroci, devono essere dotati oltre che di una buona armatura, anche di un ottimo scudo, per difendersi e parare i colpi degli avversari. In giro fra i mercati e fra gli artigiani pi\u00f9 famosi se ne trovano di diversi tipi, divisi per categorie fra legno e metallo, alcuni [&hellip;]","og_url":"https:\/\/www.zhi.it\/portalnew\/wikizhi\/oggetti\/craftabili\/scudi-2\/","og_site_name":"Zulu Hotel Italia","article_modified_time":"2025-02-13T20:46:22+00:00","og_image":[{"width":526,"height":690,"url":"https:\/\/www.zhi.it\/portalnew\/wp-content\/uploads\/2017\/07\/armors.jpg","type":"image\/jpeg"}],"twitter_card":"summary_large_image","twitter_misc":{"Tempo di lettura stimato":"5 minuti"},"schema":{"@context":"https:\/\/schema.org","@graph":[{"@type":"WebPage","@id":"https:\/\/www.zhi.it\/portalnew\/wikizhi\/oggetti\/craftabili\/scudi-2\/","url":"https:\/\/www.zhi.it\/portalnew\/wikizhi\/oggetti\/craftabili\/scudi-2\/","name":"Scudi - Zulu Hotel Italia","isPartOf":{"@id":"https:\/\/www.zhi.it\/portalnew\/#website"},"primaryImageOfPage":{"@id":"https:\/\/www.zhi.it\/portalnew\/wikizhi\/oggetti\/craftabili\/scudi-2\/#primaryimage"},"image":{"@id":"https:\/\/www.zhi.it\/portalnew\/wikizhi\/oggetti\/craftabili\/scudi-2\/#primaryimage"},"thumbnailUrl":"https:\/\/www.zhi.it\/portalnew\/wp-content\/uploads\/2017\/07\/armors.jpg","datePublished":"2016-03-27T16:59:53+00:00","dateModified":"2025-02-13T20:46:22+00:00","breadcrumb":{"@id":"https:\/\/www.zhi.it\/portalnew\/wikizhi\/oggetti\/craftabili\/scudi-2\/#breadcrumb"},"inLanguage":"it-IT","potentialAction":[{"@type":"ReadAction","target":["https:\/\/www.zhi.it\/portalnew\/wikizhi\/oggetti\/craftabili\/scudi-2\/"]}]},{"@type":"ImageObject","inLanguage":"it-IT","@id":"https:\/\/www.zhi.it\/portalnew\/wikizhi\/oggetti\/craftabili\/scudi-2\/#primaryimage","url":"https:\/\/www.zhi.it\/portalnew\/wp-content\/uploads\/2017\/07\/armors.jpg","contentUrl":"https:\/\/www.zhi.it\/portalnew\/wp-content\/uploads\/2017\/07\/armors.jpg","width":526,"height":690},{"@type":"BreadcrumbList","@id":"https:\/\/www.zhi.it\/portalnew\/wikizhi\/oggetti\/craftabili\/scudi-2\/#breadcrumb","itemListElement":[{"@type":"ListItem","position":1,"name":"Home","item":"https:\/\/www.zhi.it\/portalnew\/"},{"@type":"ListItem","position":2,"name":"Zhi Wiki","item":"https:\/\/www.zhi.it\/portalnew\/wikizhi\/"},{"@type":"ListItem","position":3,"name":"!Oggetti","item":"https:\/\/www.zhi.it\/portalnew\/wikizhi\/oggetti\/"},{"@type":"ListItem","position":4,"name":"Craftabili","item":"https:\/\/www.zhi.it\/portalnew\/wikizhi\/oggetti\/craftabili\/"},{"@type":"ListItem","position":5,"name":"Scudi"}]},{"@type":"WebSite","@id":"https:\/\/www.zhi.it\/portalnew\/#website","url":"https:\/\/www.zhi.it\/portalnew\/","name":"Zulu Hotel Italia","description":"","publisher":{"@id":"https:\/\/www.zhi.it\/portalnew\/#organization"},"potentialAction":[{"@type":"SearchAction","target":{"@type":"EntryPoint","urlTemplate":"https:\/\/www.zhi.it\/portalnew\/?s={search_term_string}"},"query-input":{"@type":"PropertyValueSpecification","valueRequired":true,"valueName":"search_term_string"}}],"inLanguage":"it-IT"},{"@type":"Organization","@id":"https:\/\/www.zhi.it\/portalnew\/#organization","name":"Zulu Hotel Italia","url":"https:\/\/www.zhi.it\/portalnew\/","logo":{"@type":"ImageObject","inLanguage":"it-IT","@id":"https:\/\/www.zhi.it\/portalnew\/#\/schema\/logo\/image\/","url":"https:\/\/www.zhi.it\/portalnew\/wp-content\/uploads\/2018\/09\/cropped-zhi-logo-colorato.png","contentUrl":"https:\/\/www.zhi.it\/portalnew\/wp-content\/uploads\/2018\/09\/cropped-zhi-logo-colorato.png","width":325,"height":325,"caption":"Zulu Hotel Italia"},"image":{"@id":"https:\/\/www.zhi.it\/portalnew\/#\/schema\/logo\/image\/"}}]}},"_links":{"self":[{"href":"https:\/\/www.zhi.it\/portalnew\/wp-json\/wp\/v2\/pages\/485","targetHints":{"allow":["GET"]}}],"collection":[{"href":"https:\/\/www.zhi.it\/portalnew\/wp-json\/wp\/v2\/pages"}],"about":[{"href":"https:\/\/www.zhi.it\/portalnew\/wp-json\/wp\/v2\/types\/page"}],"author":[{"embeddable":true,"href":"https:\/\/www.zhi.it\/portalnew\/wp-json\/wp\/v2\/users\/2"}],"replies":[{"embeddable":true,"href":"https:\/\/www.zhi.it\/portalnew\/wp-json\/wp\/v2\/comments?post=485"}],"version-history":[{"count":12,"href":"https:\/\/www.zhi.it\/portalnew\/wp-json\/wp\/v2\/pages\/485\/revisions"}],"predecessor-version":[{"id":8433,"href":"https:\/\/www.zhi.it\/portalnew\/wp-json\/wp\/v2\/pages\/485\/revisions\/8433"}],"up":[{"embeddable":true,"href":"https:\/\/www.zhi.it\/portalnew\/wp-json\/wp\/v2\/pages\/479"}],"wp:featuredmedia":[{"embeddable":true,"href":"https:\/\/www.zhi.it\/portalnew\/wp-json\/wp\/v2\/media\/2980"}],"wp:attachment":[{"href":"https:\/\/www.zhi.it\/portalnew\/wp-json\/wp\/v2\/media?parent=485"}],"curies":[{"name":"wp","href":"https:\/\/api.w.org\/{rel}","templated":true}]}}