{"id":4950,"date":"2018-02-07T15:23:27","date_gmt":"2018-02-07T15:23:27","guid":{"rendered":"https:\/\/www.zhi.it\/portalnew\/?page_id=4950"},"modified":"2018-10-01T17:52:18","modified_gmt":"2018-10-01T17:52:18","slug":"crafting-system-armor-armor-exceptional","status":"publish","type":"page","link":"https:\/\/www.zhi.it\/portalnew\/wikizhi\/systems\/crafting-system\/crafting-system-armor-armor-exceptional\/","title":{"rendered":"Crafting System &#8211; Armor e Armor Exceptional"},"content":{"rendered":"<p>Le armature proteggono dai colpi inflitti dai nemici, riducendo il danno inferto e permettendo di deviare i colpi.<br \/>\nDi contro, pi\u00f9 l&#8217;armatura \u00e8 pesante, pi\u00f9 sar\u00e0 difficile utilizzare le arti magiche durante il combattimento.<\/p>\n<p>Ecco riassunte tutte le propriet\u00e0 delle armor in base alla loro grado di protezione.<\/p>\n<p>Malus alla possibilit\u00e0 di castare (fizz) e al danno dei cast delle varie Armor<\/p>\n<p>Stuffed: nessun malus<br \/>\nLeather: 10% fizz circolo 8<br \/>\nStudded: 20% fizz circolo 8, 10% fizz circolo 7<br \/>\nChain: 30% fizz circolo 8, 20% fizz circolo 7, 5% malus ai danni dei cast<br \/>\nScale: 40% fizz circolo 8, 30% fizz circolo 7, 10% malus ai danni dei cast<br \/>\nPlate: 50% fizz circolo 8, 40% fizz circolo 7, 20% malus ai danni dei cast<\/p>\n<p>Scaletta della riduzione dei danni delle armors<\/p>\n<p>Stuffed 4<br \/>\nLeather 7<br \/>\nStudded 10<br \/>\nChainmail 14<br \/>\nScalemail 17<br \/>\nPlatemail 20<\/p>\n<p>Livello AR Armor Normale ed Exceptional<\/p>\n<p>Stuffed Normale 30 AR Exe 42 AR<br \/>\nLeather Normale 36 AR Exe 48 AR<br \/>\nStudded Normale 42 AR Exe 54 AR<br \/>\nChainmail Normale 48 AR Exe 60 AR<br \/>\nScalemail Normale 54 AR Exe 66 AR<br \/>\nPlatemail Normale 60 AR Exe 72 AR<\/p>\n<p>Bonus\/Malus riduzione dei danni.<\/p>\n<p>I classati War non hanno bonus di riduzione ai danni fisici subiti.<br \/>\nI classati Castanti non hanno Malus ai danni fisici subiti.<br \/>\nI classati Castanti hanno Malus ai danni fisici inflitti.<\/p>\n<h2><\/h2>\n<h2>ARMOR EXCEPTIONAL<\/h2>\n<p>La possibilit\u00e0 del crafting di armors exceptional \u00e8 diversificata a seconda del materiale utilizzato. I seguenti minerali hanno una probabilit\u00e0 di riuscita inferiore rispetto a tutti gli altri<\/p>\n<p>Platinum\/Wyrm<br \/>\nZulu<br \/>\nFatati<\/p>\n<p>Un crafter full ha circa il 25% di possibilit\u00e0 di craftare armature exceptional in metallo ed il 30% per le armature in pelle, ad eccezione di armors fatte nei materiali indicati prima, per le quali rimane circa al 10% per quelle in metallo e al 15% per quelle in pelle.<br \/>\nQuesta differenziazione dovrebbe indurre all&#8217;impiego di armor in materiali poco usati e ridurre nel contempo la media dei danni fisici subiti. Come vedete si tratta solo di incentivi all&#8217;uso di armor in materiali alternativi e di armor exceptional, chi lo vorr\u00e0 potr\u00e0 tranquillamente continuare ad usare l&#8217;armor che preferisce.<br \/>\nIl bonus alla riduzione dei danni delle armature exceptional corrisponde a +8 HP, qualunque materiale sia utilizzato.<\/p>\n","protected":false},"excerpt":{"rendered":"<p>Le armature proteggono dai colpi inflitti dai nemici, riducendo il danno inferto e permettendo di deviare i colpi. Di contro, pi\u00f9 l&#8217;armatura \u00e8 pesante, pi\u00f9 sar\u00e0 difficile utilizzare le arti magiche durante il combattimento. Ecco riassunte tutte le propriet\u00e0 delle armor in base alla loro grado di protezione. Malus alla possibilit\u00e0 di castare (fizz) e [&hellip;]<\/p>\n","protected":false},"author":2,"featured_media":3971,"parent":537,"menu_order":0,"comment_status":"closed","ping_status":"closed","template":"","meta":{"inline_featured_image":false,"footnotes":""},"class_list":["post-4950","page","type-page","status-publish","has-post-thumbnail","czr-hentry"],"yoast_head":"<!-- This site is optimized with the Yoast SEO plugin v27.5 - https:\/\/yoast.com\/product\/yoast-seo-wordpress\/ -->\n<title>Crafting System - Armor e Armor Exceptional - Zulu Hotel Italia<\/title>\n<meta name=\"robots\" content=\"index, follow, max-snippet:-1, max-image-preview:large, max-video-preview:-1\" \/>\n<link rel=\"canonical\" href=\"https:\/\/www.zhi.it\/portalnew\/wikizhi\/systems\/crafting-system\/crafting-system-armor-armor-exceptional\/\" \/>\n<meta property=\"og:locale\" content=\"it_IT\" \/>\n<meta property=\"og:type\" content=\"article\" \/>\n<meta property=\"og:title\" content=\"Crafting System - Armor e Armor Exceptional - Zulu Hotel Italia\" \/>\n<meta property=\"og:description\" content=\"Le armature proteggono dai colpi inflitti dai nemici, riducendo il danno inferto e permettendo di deviare i colpi. Di contro, pi\u00f9 l&#8217;armatura \u00e8 pesante, pi\u00f9 sar\u00e0 difficile utilizzare le arti magiche durante il combattimento. Ecco riassunte tutte le propriet\u00e0 delle armor in base alla loro grado di protezione. Malus alla possibilit\u00e0 di castare (fizz) e [&hellip;]\" \/>\n<meta property=\"og:url\" content=\"https:\/\/www.zhi.it\/portalnew\/wikizhi\/systems\/crafting-system\/crafting-system-armor-armor-exceptional\/\" \/>\n<meta property=\"og:site_name\" content=\"Zulu Hotel Italia\" \/>\n<meta property=\"article:modified_time\" content=\"2018-10-01T17:52:18+00:00\" \/>\n<meta property=\"og:image\" content=\"https:\/\/www.zhi.it\/portalnew\/wp-content\/uploads\/2017\/07\/weapons.jpg\" \/>\n\t<meta property=\"og:image:width\" content=\"526\" \/>\n\t<meta property=\"og:image:height\" content=\"690\" \/>\n\t<meta property=\"og:image:type\" content=\"image\/jpeg\" \/>\n<meta name=\"twitter:card\" content=\"summary_large_image\" \/>\n<meta name=\"twitter:label1\" content=\"Tempo di lettura stimato\" \/>\n\t<meta name=\"twitter:data1\" content=\"2 minuti\" \/>\n<script type=\"application\/ld+json\" class=\"yoast-schema-graph\">{\"@context\":\"https:\\\/\\\/schema.org\",\"@graph\":[{\"@type\":\"WebPage\",\"@id\":\"https:\\\/\\\/www.zhi.it\\\/portalnew\\\/wikizhi\\\/systems\\\/crafting-system\\\/crafting-system-armor-armor-exceptional\\\/\",\"url\":\"https:\\\/\\\/www.zhi.it\\\/portalnew\\\/wikizhi\\\/systems\\\/crafting-system\\\/crafting-system-armor-armor-exceptional\\\/\",\"name\":\"Crafting System - Armor e Armor Exceptional - Zulu Hotel Italia\",\"isPartOf\":{\"@id\":\"https:\\\/\\\/www.zhi.it\\\/portalnew\\\/#website\"},\"primaryImageOfPage\":{\"@id\":\"https:\\\/\\\/www.zhi.it\\\/portalnew\\\/wikizhi\\\/systems\\\/crafting-system\\\/crafting-system-armor-armor-exceptional\\\/#primaryimage\"},\"image\":{\"@id\":\"https:\\\/\\\/www.zhi.it\\\/portalnew\\\/wikizhi\\\/systems\\\/crafting-system\\\/crafting-system-armor-armor-exceptional\\\/#primaryimage\"},\"thumbnailUrl\":\"https:\\\/\\\/www.zhi.it\\\/portalnew\\\/wp-content\\\/uploads\\\/2017\\\/07\\\/weapons.jpg\",\"datePublished\":\"2018-02-07T15:23:27+00:00\",\"dateModified\":\"2018-10-01T17:52:18+00:00\",\"breadcrumb\":{\"@id\":\"https:\\\/\\\/www.zhi.it\\\/portalnew\\\/wikizhi\\\/systems\\\/crafting-system\\\/crafting-system-armor-armor-exceptional\\\/#breadcrumb\"},\"inLanguage\":\"it-IT\",\"potentialAction\":[{\"@type\":\"ReadAction\",\"target\":[\"https:\\\/\\\/www.zhi.it\\\/portalnew\\\/wikizhi\\\/systems\\\/crafting-system\\\/crafting-system-armor-armor-exceptional\\\/\"]}]},{\"@type\":\"ImageObject\",\"inLanguage\":\"it-IT\",\"@id\":\"https:\\\/\\\/www.zhi.it\\\/portalnew\\\/wikizhi\\\/systems\\\/crafting-system\\\/crafting-system-armor-armor-exceptional\\\/#primaryimage\",\"url\":\"https:\\\/\\\/www.zhi.it\\\/portalnew\\\/wp-content\\\/uploads\\\/2017\\\/07\\\/weapons.jpg\",\"contentUrl\":\"https:\\\/\\\/www.zhi.it\\\/portalnew\\\/wp-content\\\/uploads\\\/2017\\\/07\\\/weapons.jpg\",\"width\":526,\"height\":690},{\"@type\":\"BreadcrumbList\",\"@id\":\"https:\\\/\\\/www.zhi.it\\\/portalnew\\\/wikizhi\\\/systems\\\/crafting-system\\\/crafting-system-armor-armor-exceptional\\\/#breadcrumb\",\"itemListElement\":[{\"@type\":\"ListItem\",\"position\":1,\"name\":\"Home\",\"item\":\"https:\\\/\\\/www.zhi.it\\\/portalnew\\\/\"},{\"@type\":\"ListItem\",\"position\":2,\"name\":\"Zhi Wiki\",\"item\":\"https:\\\/\\\/www.zhi.it\\\/portalnew\\\/wikizhi\\\/\"},{\"@type\":\"ListItem\",\"position\":3,\"name\":\"!Systems\",\"item\":\"https:\\\/\\\/www.zhi.it\\\/portalnew\\\/wikizhi\\\/systems\\\/\"},{\"@type\":\"ListItem\",\"position\":4,\"name\":\"Crafting System\",\"item\":\"https:\\\/\\\/www.zhi.it\\\/portalnew\\\/wikizhi\\\/systems\\\/crafting-system\\\/\"},{\"@type\":\"ListItem\",\"position\":5,\"name\":\"Crafting System &#8211; Armor e Armor Exceptional\"}]},{\"@type\":\"WebSite\",\"@id\":\"https:\\\/\\\/www.zhi.it\\\/portalnew\\\/#website\",\"url\":\"https:\\\/\\\/www.zhi.it\\\/portalnew\\\/\",\"name\":\"Zulu Hotel Italia\",\"description\":\"\",\"publisher\":{\"@id\":\"https:\\\/\\\/www.zhi.it\\\/portalnew\\\/#organization\"},\"potentialAction\":[{\"@type\":\"SearchAction\",\"target\":{\"@type\":\"EntryPoint\",\"urlTemplate\":\"https:\\\/\\\/www.zhi.it\\\/portalnew\\\/?s={search_term_string}\"},\"query-input\":{\"@type\":\"PropertyValueSpecification\",\"valueRequired\":true,\"valueName\":\"search_term_string\"}}],\"inLanguage\":\"it-IT\"},{\"@type\":\"Organization\",\"@id\":\"https:\\\/\\\/www.zhi.it\\\/portalnew\\\/#organization\",\"name\":\"Zulu Hotel Italia\",\"url\":\"https:\\\/\\\/www.zhi.it\\\/portalnew\\\/\",\"logo\":{\"@type\":\"ImageObject\",\"inLanguage\":\"it-IT\",\"@id\":\"https:\\\/\\\/www.zhi.it\\\/portalnew\\\/#\\\/schema\\\/logo\\\/image\\\/\",\"url\":\"https:\\\/\\\/www.zhi.it\\\/portalnew\\\/wp-content\\\/uploads\\\/2018\\\/09\\\/cropped-zhi-logo-colorato.png\",\"contentUrl\":\"https:\\\/\\\/www.zhi.it\\\/portalnew\\\/wp-content\\\/uploads\\\/2018\\\/09\\\/cropped-zhi-logo-colorato.png\",\"width\":325,\"height\":325,\"caption\":\"Zulu Hotel Italia\"},\"image\":{\"@id\":\"https:\\\/\\\/www.zhi.it\\\/portalnew\\\/#\\\/schema\\\/logo\\\/image\\\/\"}}]}<\/script>\n<!-- \/ Yoast SEO plugin. -->","yoast_head_json":{"title":"Crafting System - Armor e Armor Exceptional - Zulu Hotel Italia","robots":{"index":"index","follow":"follow","max-snippet":"max-snippet:-1","max-image-preview":"max-image-preview:large","max-video-preview":"max-video-preview:-1"},"canonical":"https:\/\/www.zhi.it\/portalnew\/wikizhi\/systems\/crafting-system\/crafting-system-armor-armor-exceptional\/","og_locale":"it_IT","og_type":"article","og_title":"Crafting System - Armor e Armor Exceptional - Zulu Hotel Italia","og_description":"Le armature proteggono dai colpi inflitti dai nemici, riducendo il danno inferto e permettendo di deviare i colpi. Di contro, pi\u00f9 l&#8217;armatura \u00e8 pesante, pi\u00f9 sar\u00e0 difficile utilizzare le arti magiche durante il combattimento. Ecco riassunte tutte le propriet\u00e0 delle armor in base alla loro grado di protezione. Malus alla possibilit\u00e0 di castare (fizz) e [&hellip;]","og_url":"https:\/\/www.zhi.it\/portalnew\/wikizhi\/systems\/crafting-system\/crafting-system-armor-armor-exceptional\/","og_site_name":"Zulu Hotel Italia","article_modified_time":"2018-10-01T17:52:18+00:00","og_image":[{"width":526,"height":690,"url":"https:\/\/www.zhi.it\/portalnew\/wp-content\/uploads\/2017\/07\/weapons.jpg","type":"image\/jpeg"}],"twitter_card":"summary_large_image","twitter_misc":{"Tempo di lettura stimato":"2 minuti"},"schema":{"@context":"https:\/\/schema.org","@graph":[{"@type":"WebPage","@id":"https:\/\/www.zhi.it\/portalnew\/wikizhi\/systems\/crafting-system\/crafting-system-armor-armor-exceptional\/","url":"https:\/\/www.zhi.it\/portalnew\/wikizhi\/systems\/crafting-system\/crafting-system-armor-armor-exceptional\/","name":"Crafting System - Armor e Armor Exceptional - Zulu Hotel Italia","isPartOf":{"@id":"https:\/\/www.zhi.it\/portalnew\/#website"},"primaryImageOfPage":{"@id":"https:\/\/www.zhi.it\/portalnew\/wikizhi\/systems\/crafting-system\/crafting-system-armor-armor-exceptional\/#primaryimage"},"image":{"@id":"https:\/\/www.zhi.it\/portalnew\/wikizhi\/systems\/crafting-system\/crafting-system-armor-armor-exceptional\/#primaryimage"},"thumbnailUrl":"https:\/\/www.zhi.it\/portalnew\/wp-content\/uploads\/2017\/07\/weapons.jpg","datePublished":"2018-02-07T15:23:27+00:00","dateModified":"2018-10-01T17:52:18+00:00","breadcrumb":{"@id":"https:\/\/www.zhi.it\/portalnew\/wikizhi\/systems\/crafting-system\/crafting-system-armor-armor-exceptional\/#breadcrumb"},"inLanguage":"it-IT","potentialAction":[{"@type":"ReadAction","target":["https:\/\/www.zhi.it\/portalnew\/wikizhi\/systems\/crafting-system\/crafting-system-armor-armor-exceptional\/"]}]},{"@type":"ImageObject","inLanguage":"it-IT","@id":"https:\/\/www.zhi.it\/portalnew\/wikizhi\/systems\/crafting-system\/crafting-system-armor-armor-exceptional\/#primaryimage","url":"https:\/\/www.zhi.it\/portalnew\/wp-content\/uploads\/2017\/07\/weapons.jpg","contentUrl":"https:\/\/www.zhi.it\/portalnew\/wp-content\/uploads\/2017\/07\/weapons.jpg","width":526,"height":690},{"@type":"BreadcrumbList","@id":"https:\/\/www.zhi.it\/portalnew\/wikizhi\/systems\/crafting-system\/crafting-system-armor-armor-exceptional\/#breadcrumb","itemListElement":[{"@type":"ListItem","position":1,"name":"Home","item":"https:\/\/www.zhi.it\/portalnew\/"},{"@type":"ListItem","position":2,"name":"Zhi Wiki","item":"https:\/\/www.zhi.it\/portalnew\/wikizhi\/"},{"@type":"ListItem","position":3,"name":"!Systems","item":"https:\/\/www.zhi.it\/portalnew\/wikizhi\/systems\/"},{"@type":"ListItem","position":4,"name":"Crafting System","item":"https:\/\/www.zhi.it\/portalnew\/wikizhi\/systems\/crafting-system\/"},{"@type":"ListItem","position":5,"name":"Crafting System &#8211; Armor e Armor Exceptional"}]},{"@type":"WebSite","@id":"https:\/\/www.zhi.it\/portalnew\/#website","url":"https:\/\/www.zhi.it\/portalnew\/","name":"Zulu Hotel Italia","description":"","publisher":{"@id":"https:\/\/www.zhi.it\/portalnew\/#organization"},"potentialAction":[{"@type":"SearchAction","target":{"@type":"EntryPoint","urlTemplate":"https:\/\/www.zhi.it\/portalnew\/?s={search_term_string}"},"query-input":{"@type":"PropertyValueSpecification","valueRequired":true,"valueName":"search_term_string"}}],"inLanguage":"it-IT"},{"@type":"Organization","@id":"https:\/\/www.zhi.it\/portalnew\/#organization","name":"Zulu Hotel Italia","url":"https:\/\/www.zhi.it\/portalnew\/","logo":{"@type":"ImageObject","inLanguage":"it-IT","@id":"https:\/\/www.zhi.it\/portalnew\/#\/schema\/logo\/image\/","url":"https:\/\/www.zhi.it\/portalnew\/wp-content\/uploads\/2018\/09\/cropped-zhi-logo-colorato.png","contentUrl":"https:\/\/www.zhi.it\/portalnew\/wp-content\/uploads\/2018\/09\/cropped-zhi-logo-colorato.png","width":325,"height":325,"caption":"Zulu Hotel Italia"},"image":{"@id":"https:\/\/www.zhi.it\/portalnew\/#\/schema\/logo\/image\/"}}]}},"_links":{"self":[{"href":"https:\/\/www.zhi.it\/portalnew\/wp-json\/wp\/v2\/pages\/4950","targetHints":{"allow":["GET"]}}],"collection":[{"href":"https:\/\/www.zhi.it\/portalnew\/wp-json\/wp\/v2\/pages"}],"about":[{"href":"https:\/\/www.zhi.it\/portalnew\/wp-json\/wp\/v2\/types\/page"}],"author":[{"embeddable":true,"href":"https:\/\/www.zhi.it\/portalnew\/wp-json\/wp\/v2\/users\/2"}],"replies":[{"embeddable":true,"href":"https:\/\/www.zhi.it\/portalnew\/wp-json\/wp\/v2\/comments?post=4950"}],"version-history":[{"count":1,"href":"https:\/\/www.zhi.it\/portalnew\/wp-json\/wp\/v2\/pages\/4950\/revisions"}],"predecessor-version":[{"id":4951,"href":"https:\/\/www.zhi.it\/portalnew\/wp-json\/wp\/v2\/pages\/4950\/revisions\/4951"}],"up":[{"embeddable":true,"href":"https:\/\/www.zhi.it\/portalnew\/wp-json\/wp\/v2\/pages\/537"}],"wp:featuredmedia":[{"embeddable":true,"href":"https:\/\/www.zhi.it\/portalnew\/wp-json\/wp\/v2\/media\/3971"}],"wp:attachment":[{"href":"https:\/\/www.zhi.it\/portalnew\/wp-json\/wp\/v2\/media?parent=4950"}],"curies":[{"name":"wp","href":"https:\/\/api.w.org\/{rel}","templated":true}]}}