{"id":507,"date":"2016-03-27T17:05:58","date_gmt":"2016-03-27T17:05:58","guid":{"rendered":"http:\/\/www.linkwebsrl.it\/wordpress\/?page_id=507"},"modified":"2024-01-02T11:24:44","modified_gmt":"2024-01-02T10:24:44","slug":"allineamenti-e-gilde","status":"publish","type":"page","link":"https:\/\/www.zhi.it\/portalnew\/wikizhi\/ambientazione\/allineamenti-e-gilde\/","title":{"rendered":"Allineamenti e Gilde"},"content":{"rendered":"<p>Quelli riportati qui di seguito, sono gli allineamenti che troverete su ZHI.<br \/>\nOgni gilda, o clan, o pi\u00f9 comunemente un&#8217;alleanza n\u00e8 dovr\u00e0 scegliere uno fin dalla sua creazione e lo dovr\u00e0 mantenere.<br \/>\nGli allineamenti, sono tuttavia in stretta relazione con i regni e le razze, in quanto ogni gilda, alla sua creazione, deve scegliere un allineamento compatibile con il regno e\/o la razza scelta, pena la chiusura della gilda.<br \/>\nPer ulteriori info consultate la sezione: Regni e Citt\u00e0.<\/p>\n<p>NOTA BENE<br \/>\nLo staff si riserva di mantenere un bilanciamento costante tra gli schieramenti Good \/ Neutral \/ Evil &#8211; PK.<\/p>\n<h3>Good &#8211; I BUONI<\/h3>\n<p>I buoni per eccellenza. Qualsiasi loro azione \u00e8 rivolta alla giustizia e al bene comune.<br \/>\nLe gilde Good possono insediarsi solo nei Regni e nelle citt\u00e0 compatibili con il loro allineamento.<\/p>\n<p>Hanno particolare rilevanza, tra tutte le gilde Good, le Fazioni Order e Chaos e le gilde Razziali Good (Barbarian, Dwarf ed Elves).<\/p>\n<p>Restrizioni<br \/>\nNon possono gildare personaggi rossi.<\/p>\n<h3>Neutral &#8211; I NEUTRALI<\/h3>\n<p>I Neutral sono coloro che si pongono oltre le distinzioni tra bene e male, e perseguono unicamente i propri scopi e quelli della propria gilda, che siano legali e virtuosi o illegali e malvagi.<br \/>\nLe gilde Neutral possono insediarsi solo nei Regni e nelle citt\u00e0 compatibili con il loro allineamento.<\/p>\n<p>Hanno particolare rilevanza, tra tutte le gilde Neutral, le gilde Razziali Neutral (Barbarian, Drow, Dwarf, Elves e Goblin).<\/p>\n<p>Restrizioni<br \/>\nNon possono gildare personaggi rossi.<\/p>\n<h3>Evil &#8211; Player Killer<\/h3>\n<p>Il Male. Rappresentano i cattivi per eccellenza. Coloro i quali non si fermerebbero davanti a niente e nessuno per i loro interessi, o per puro e semplice divertimento.<br \/>\nIl PK \u00e8 uno dei mestieri pi\u00f9 pericolosi, ma probabilmente anche dei pi\u00f9 redditizi, che \u00e8 possibile intraprendere. Pattuglie organizzate di soldati battono regolarmente i territori selvaggi, cercando di sradicare questa piaga, con esiti a volte favorevoli e a volte&#8230; meno.<br \/>\nLe gilde Evil &#8211; PK possono insediarsi solo nelle citt\u00e0 compatibili con il loro allineamento.<\/p>\n<p>Hanno particolare rilevanza, tra tutte le gilde Evil, le gilde Razziali Evil (Drow e Goblin).<\/p>\n<p>Restrizioni<br \/>\nNon potranno gildare personaggi Blu.<\/p>\n","protected":false},"excerpt":{"rendered":"<p>Quelli riportati qui di seguito, sono gli allineamenti che troverete su ZHI. Ogni gilda, o clan, o pi\u00f9 comunemente un&#8217;alleanza n\u00e8 dovr\u00e0 scegliere uno fin dalla sua creazione e lo dovr\u00e0 mantenere. Gli allineamenti, sono tuttavia in stretta relazione con i regni e le razze, in quanto ogni gilda, alla sua creazione, deve scegliere un [&hellip;]<\/p>\n","protected":false},"author":2,"featured_media":5174,"parent":503,"menu_order":0,"comment_status":"closed","ping_status":"closed","template":"","meta":{"inline_featured_image":false,"footnotes":""},"class_list":["post-507","page","type-page","status-publish","has-post-thumbnail","czr-hentry"],"yoast_head":"<!-- This site is optimized with the Yoast SEO plugin v27.5 - https:\/\/yoast.com\/product\/yoast-seo-wordpress\/ -->\n<title>Allineamenti e Gilde - Zulu Hotel Italia<\/title>\n<meta name=\"robots\" content=\"index, follow, max-snippet:-1, max-image-preview:large, max-video-preview:-1\" \/>\n<link rel=\"canonical\" href=\"https:\/\/www.zhi.it\/portalnew\/wikizhi\/ambientazione\/allineamenti-e-gilde\/\" \/>\n<meta property=\"og:locale\" content=\"it_IT\" \/>\n<meta property=\"og:type\" content=\"article\" \/>\n<meta property=\"og:title\" content=\"Allineamenti e Gilde - Zulu Hotel Italia\" \/>\n<meta property=\"og:description\" content=\"Quelli riportati qui di seguito, sono gli allineamenti che troverete su ZHI. Ogni gilda, o clan, o pi\u00f9 comunemente un&#8217;alleanza n\u00e8 dovr\u00e0 scegliere uno fin dalla sua creazione e lo dovr\u00e0 mantenere. Gli allineamenti, sono tuttavia in stretta relazione con i regni e le razze, in quanto ogni gilda, alla sua creazione, deve scegliere un [&hellip;]\" \/>\n<meta property=\"og:url\" content=\"https:\/\/www.zhi.it\/portalnew\/wikizhi\/ambientazione\/allineamenti-e-gilde\/\" \/>\n<meta property=\"og:site_name\" content=\"Zulu Hotel Italia\" \/>\n<meta property=\"article:modified_time\" content=\"2024-01-02T10:24:44+00:00\" \/>\n<meta property=\"og:image\" content=\"https:\/\/www.zhi.it\/portalnew\/wp-content\/uploads\/2016\/04\/SplashZHI.png\" \/>\n\t<meta property=\"og:image:width\" content=\"820\" \/>\n\t<meta property=\"og:image:height\" content=\"312\" \/>\n\t<meta property=\"og:image:type\" content=\"image\/png\" \/>\n<meta name=\"twitter:card\" content=\"summary_large_image\" \/>\n<meta name=\"twitter:label1\" content=\"Tempo di lettura stimato\" \/>\n\t<meta name=\"twitter:data1\" content=\"3 minuti\" \/>\n<script type=\"application\/ld+json\" class=\"yoast-schema-graph\">{\"@context\":\"https:\\\/\\\/schema.org\",\"@graph\":[{\"@type\":\"WebPage\",\"@id\":\"https:\\\/\\\/www.zhi.it\\\/portalnew\\\/wikizhi\\\/ambientazione\\\/allineamenti-e-gilde\\\/\",\"url\":\"https:\\\/\\\/www.zhi.it\\\/portalnew\\\/wikizhi\\\/ambientazione\\\/allineamenti-e-gilde\\\/\",\"name\":\"Allineamenti e Gilde - Zulu Hotel Italia\",\"isPartOf\":{\"@id\":\"https:\\\/\\\/www.zhi.it\\\/portalnew\\\/#website\"},\"primaryImageOfPage\":{\"@id\":\"https:\\\/\\\/www.zhi.it\\\/portalnew\\\/wikizhi\\\/ambientazione\\\/allineamenti-e-gilde\\\/#primaryimage\"},\"image\":{\"@id\":\"https:\\\/\\\/www.zhi.it\\\/portalnew\\\/wikizhi\\\/ambientazione\\\/allineamenti-e-gilde\\\/#primaryimage\"},\"thumbnailUrl\":\"https:\\\/\\\/www.zhi.it\\\/portalnew\\\/wp-content\\\/uploads\\\/2016\\\/04\\\/SplashZHI.png\",\"datePublished\":\"2016-03-27T17:05:58+00:00\",\"dateModified\":\"2024-01-02T10:24:44+00:00\",\"breadcrumb\":{\"@id\":\"https:\\\/\\\/www.zhi.it\\\/portalnew\\\/wikizhi\\\/ambientazione\\\/allineamenti-e-gilde\\\/#breadcrumb\"},\"inLanguage\":\"it-IT\",\"potentialAction\":[{\"@type\":\"ReadAction\",\"target\":[\"https:\\\/\\\/www.zhi.it\\\/portalnew\\\/wikizhi\\\/ambientazione\\\/allineamenti-e-gilde\\\/\"]}]},{\"@type\":\"ImageObject\",\"inLanguage\":\"it-IT\",\"@id\":\"https:\\\/\\\/www.zhi.it\\\/portalnew\\\/wikizhi\\\/ambientazione\\\/allineamenti-e-gilde\\\/#primaryimage\",\"url\":\"https:\\\/\\\/www.zhi.it\\\/portalnew\\\/wp-content\\\/uploads\\\/2016\\\/04\\\/SplashZHI.png\",\"contentUrl\":\"https:\\\/\\\/www.zhi.it\\\/portalnew\\\/wp-content\\\/uploads\\\/2016\\\/04\\\/SplashZHI.png\",\"width\":820,\"height\":312},{\"@type\":\"BreadcrumbList\",\"@id\":\"https:\\\/\\\/www.zhi.it\\\/portalnew\\\/wikizhi\\\/ambientazione\\\/allineamenti-e-gilde\\\/#breadcrumb\",\"itemListElement\":[{\"@type\":\"ListItem\",\"position\":1,\"name\":\"Home\",\"item\":\"https:\\\/\\\/www.zhi.it\\\/portalnew\\\/\"},{\"@type\":\"ListItem\",\"position\":2,\"name\":\"Zhi Wiki\",\"item\":\"https:\\\/\\\/www.zhi.it\\\/portalnew\\\/wikizhi\\\/\"},{\"@type\":\"ListItem\",\"position\":3,\"name\":\"Ambientazione\",\"item\":\"https:\\\/\\\/www.zhi.it\\\/portalnew\\\/wikizhi\\\/ambientazione\\\/\"},{\"@type\":\"ListItem\",\"position\":4,\"name\":\"Allineamenti e Gilde\"}]},{\"@type\":\"WebSite\",\"@id\":\"https:\\\/\\\/www.zhi.it\\\/portalnew\\\/#website\",\"url\":\"https:\\\/\\\/www.zhi.it\\\/portalnew\\\/\",\"name\":\"Zulu Hotel Italia\",\"description\":\"\",\"publisher\":{\"@id\":\"https:\\\/\\\/www.zhi.it\\\/portalnew\\\/#organization\"},\"potentialAction\":[{\"@type\":\"SearchAction\",\"target\":{\"@type\":\"EntryPoint\",\"urlTemplate\":\"https:\\\/\\\/www.zhi.it\\\/portalnew\\\/?s={search_term_string}\"},\"query-input\":{\"@type\":\"PropertyValueSpecification\",\"valueRequired\":true,\"valueName\":\"search_term_string\"}}],\"inLanguage\":\"it-IT\"},{\"@type\":\"Organization\",\"@id\":\"https:\\\/\\\/www.zhi.it\\\/portalnew\\\/#organization\",\"name\":\"Zulu Hotel Italia\",\"url\":\"https:\\\/\\\/www.zhi.it\\\/portalnew\\\/\",\"logo\":{\"@type\":\"ImageObject\",\"inLanguage\":\"it-IT\",\"@id\":\"https:\\\/\\\/www.zhi.it\\\/portalnew\\\/#\\\/schema\\\/logo\\\/image\\\/\",\"url\":\"https:\\\/\\\/www.zhi.it\\\/portalnew\\\/wp-content\\\/uploads\\\/2018\\\/09\\\/cropped-zhi-logo-colorato.png\",\"contentUrl\":\"https:\\\/\\\/www.zhi.it\\\/portalnew\\\/wp-content\\\/uploads\\\/2018\\\/09\\\/cropped-zhi-logo-colorato.png\",\"width\":325,\"height\":325,\"caption\":\"Zulu Hotel Italia\"},\"image\":{\"@id\":\"https:\\\/\\\/www.zhi.it\\\/portalnew\\\/#\\\/schema\\\/logo\\\/image\\\/\"}}]}<\/script>\n<!-- \/ Yoast SEO plugin. -->","yoast_head_json":{"title":"Allineamenti e Gilde - Zulu Hotel Italia","robots":{"index":"index","follow":"follow","max-snippet":"max-snippet:-1","max-image-preview":"max-image-preview:large","max-video-preview":"max-video-preview:-1"},"canonical":"https:\/\/www.zhi.it\/portalnew\/wikizhi\/ambientazione\/allineamenti-e-gilde\/","og_locale":"it_IT","og_type":"article","og_title":"Allineamenti e Gilde - Zulu Hotel Italia","og_description":"Quelli riportati qui di seguito, sono gli allineamenti che troverete su ZHI. Ogni gilda, o clan, o pi\u00f9 comunemente un&#8217;alleanza n\u00e8 dovr\u00e0 scegliere uno fin dalla sua creazione e lo dovr\u00e0 mantenere. Gli allineamenti, sono tuttavia in stretta relazione con i regni e le razze, in quanto ogni gilda, alla sua creazione, deve scegliere un [&hellip;]","og_url":"https:\/\/www.zhi.it\/portalnew\/wikizhi\/ambientazione\/allineamenti-e-gilde\/","og_site_name":"Zulu Hotel Italia","article_modified_time":"2024-01-02T10:24:44+00:00","og_image":[{"width":820,"height":312,"url":"https:\/\/www.zhi.it\/portalnew\/wp-content\/uploads\/2016\/04\/SplashZHI.png","type":"image\/png"}],"twitter_card":"summary_large_image","twitter_misc":{"Tempo di lettura stimato":"3 minuti"},"schema":{"@context":"https:\/\/schema.org","@graph":[{"@type":"WebPage","@id":"https:\/\/www.zhi.it\/portalnew\/wikizhi\/ambientazione\/allineamenti-e-gilde\/","url":"https:\/\/www.zhi.it\/portalnew\/wikizhi\/ambientazione\/allineamenti-e-gilde\/","name":"Allineamenti e Gilde - Zulu Hotel Italia","isPartOf":{"@id":"https:\/\/www.zhi.it\/portalnew\/#website"},"primaryImageOfPage":{"@id":"https:\/\/www.zhi.it\/portalnew\/wikizhi\/ambientazione\/allineamenti-e-gilde\/#primaryimage"},"image":{"@id":"https:\/\/www.zhi.it\/portalnew\/wikizhi\/ambientazione\/allineamenti-e-gilde\/#primaryimage"},"thumbnailUrl":"https:\/\/www.zhi.it\/portalnew\/wp-content\/uploads\/2016\/04\/SplashZHI.png","datePublished":"2016-03-27T17:05:58+00:00","dateModified":"2024-01-02T10:24:44+00:00","breadcrumb":{"@id":"https:\/\/www.zhi.it\/portalnew\/wikizhi\/ambientazione\/allineamenti-e-gilde\/#breadcrumb"},"inLanguage":"it-IT","potentialAction":[{"@type":"ReadAction","target":["https:\/\/www.zhi.it\/portalnew\/wikizhi\/ambientazione\/allineamenti-e-gilde\/"]}]},{"@type":"ImageObject","inLanguage":"it-IT","@id":"https:\/\/www.zhi.it\/portalnew\/wikizhi\/ambientazione\/allineamenti-e-gilde\/#primaryimage","url":"https:\/\/www.zhi.it\/portalnew\/wp-content\/uploads\/2016\/04\/SplashZHI.png","contentUrl":"https:\/\/www.zhi.it\/portalnew\/wp-content\/uploads\/2016\/04\/SplashZHI.png","width":820,"height":312},{"@type":"BreadcrumbList","@id":"https:\/\/www.zhi.it\/portalnew\/wikizhi\/ambientazione\/allineamenti-e-gilde\/#breadcrumb","itemListElement":[{"@type":"ListItem","position":1,"name":"Home","item":"https:\/\/www.zhi.it\/portalnew\/"},{"@type":"ListItem","position":2,"name":"Zhi Wiki","item":"https:\/\/www.zhi.it\/portalnew\/wikizhi\/"},{"@type":"ListItem","position":3,"name":"Ambientazione","item":"https:\/\/www.zhi.it\/portalnew\/wikizhi\/ambientazione\/"},{"@type":"ListItem","position":4,"name":"Allineamenti e Gilde"}]},{"@type":"WebSite","@id":"https:\/\/www.zhi.it\/portalnew\/#website","url":"https:\/\/www.zhi.it\/portalnew\/","name":"Zulu Hotel Italia","description":"","publisher":{"@id":"https:\/\/www.zhi.it\/portalnew\/#organization"},"potentialAction":[{"@type":"SearchAction","target":{"@type":"EntryPoint","urlTemplate":"https:\/\/www.zhi.it\/portalnew\/?s={search_term_string}"},"query-input":{"@type":"PropertyValueSpecification","valueRequired":true,"valueName":"search_term_string"}}],"inLanguage":"it-IT"},{"@type":"Organization","@id":"https:\/\/www.zhi.it\/portalnew\/#organization","name":"Zulu Hotel Italia","url":"https:\/\/www.zhi.it\/portalnew\/","logo":{"@type":"ImageObject","inLanguage":"it-IT","@id":"https:\/\/www.zhi.it\/portalnew\/#\/schema\/logo\/image\/","url":"https:\/\/www.zhi.it\/portalnew\/wp-content\/uploads\/2018\/09\/cropped-zhi-logo-colorato.png","contentUrl":"https:\/\/www.zhi.it\/portalnew\/wp-content\/uploads\/2018\/09\/cropped-zhi-logo-colorato.png","width":325,"height":325,"caption":"Zulu Hotel Italia"},"image":{"@id":"https:\/\/www.zhi.it\/portalnew\/#\/schema\/logo\/image\/"}}]}},"_links":{"self":[{"href":"https:\/\/www.zhi.it\/portalnew\/wp-json\/wp\/v2\/pages\/507","targetHints":{"allow":["GET"]}}],"collection":[{"href":"https:\/\/www.zhi.it\/portalnew\/wp-json\/wp\/v2\/pages"}],"about":[{"href":"https:\/\/www.zhi.it\/portalnew\/wp-json\/wp\/v2\/types\/page"}],"author":[{"embeddable":true,"href":"https:\/\/www.zhi.it\/portalnew\/wp-json\/wp\/v2\/users\/2"}],"replies":[{"embeddable":true,"href":"https:\/\/www.zhi.it\/portalnew\/wp-json\/wp\/v2\/comments?post=507"}],"version-history":[{"count":6,"href":"https:\/\/www.zhi.it\/portalnew\/wp-json\/wp\/v2\/pages\/507\/revisions"}],"predecessor-version":[{"id":7578,"href":"https:\/\/www.zhi.it\/portalnew\/wp-json\/wp\/v2\/pages\/507\/revisions\/7578"}],"up":[{"embeddable":true,"href":"https:\/\/www.zhi.it\/portalnew\/wp-json\/wp\/v2\/pages\/503"}],"wp:featuredmedia":[{"embeddable":true,"href":"https:\/\/www.zhi.it\/portalnew\/wp-json\/wp\/v2\/media\/5174"}],"wp:attachment":[{"href":"https:\/\/www.zhi.it\/portalnew\/wp-json\/wp\/v2\/media?parent=507"}],"curies":[{"name":"wp","href":"https:\/\/api.w.org\/{rel}","templated":true}]}}