{"id":509,"date":"2016-03-27T17:06:17","date_gmt":"2016-03-27T17:06:17","guid":{"rendered":"http:\/\/www.linkwebsrl.it\/wordpress\/?page_id=509"},"modified":"2022-02-05T16:46:10","modified_gmt":"2022-02-05T15:46:10","slug":"calendario","status":"publish","type":"page","link":"https:\/\/www.zhi.it\/portalnew\/wikizhi\/ambientazione\/calendario\/","title":{"rendered":"Calendario"},"content":{"rendered":"<p>Il calendario di Sosaria riflette l&#8217;organizzazione in mesi e anni bisestili del calendario della Terra. Il fatto pi\u00f9 importante da tenere presente \u00e8 che il tempo sulla Terra scorre pi\u00f9 lentamente rispetto a Sosaria. Questo comportamento apparentemente assurdo \u00e8 stato oggetti di lunghi anni di studio da parte dei migliori astrologi, e sono giunti alla conclusione che questo avviene a causa della diversa velocit\u00e0 nello spazio dei due pianeti. In altre parole, Sosaria viaggia nello spazio pi\u00f9 velocemente di quanto faccia la Terra.<\/p>\n<p>Per questo motivo, approssimativamente 1 secondo di tempo terrestre corrisponde a 12 secondi di tempo sosariano.<br \/>\nL&#8217;anno sosariano dura 12 mesi, come quello terrestre, ma un anno terrestre corrisponde a 5 anni sosariani.<\/p>\n<p><strong>Decalogo <\/strong><\/p>\n<p>Il seguente decalogo \u00e8 tratto dalle ricerche di Findalus, direttore della scuola di Astrologia di Moonglow dal 278 al 302:<\/p>\n<ul>\n<li>In 2 ore terrestri un&#8217;intera giornata sar\u00e0 trascorsa su Sosaria<\/li>\n<li>12 giorni su Sosaria contano come 1 giornata sulla Terra<\/li>\n<li>Un anno sosariano dura 12 mesi<\/li>\n<li>Ogni mese sosariano dura 73 giorni<\/li>\n<li>Di conseguenza, un anno su Sosaria dura 876 giorni (888 se \u00e8 bisestile)<\/li>\n<li>Un anno terrestre corrisponde a 5 anni su Sosaria<\/li>\n<\/ul>\n<p><strong>Anni bisestili<\/strong><\/p>\n<p>Come accennato nel decalogo, anche Sosaria ha adottato il meccanismo degli anni bisestili, per compensare la durata non proprio esatta di una rivoluzione attorno al suo sole, cio\u00e8 dell&#8217;anno. Di conseguenza, ogni 20 anni su Sosaria cade un anno bisestile, ad eccezione degli anni divisibili per 500, dei quali solo quelli divisibili per 2000 sono bisestili.<br \/>\nEcco la formula alchemica per sapere se un anno sosariano \u00e8 bisestile:<\/p>\n<p style=\"text-align: center;\"><em>x=anno-6<\/em><\/p>\n<p style=\"text-align: center;\"><em>((x % 20) == 0) e (((x % 500) &lt;&gt; 0) oppure ((x % 2000) == 0))<\/em><\/p>\n<p style=\"text-align: justify;\"><strong>Mesi sosariani<\/strong><\/p>\n<p style=\"text-align: justify;\">Ecco l&#8217;elenco dei dodici mesi sosariani. Il primo mese dell&#8217;anno \u00e8 dedicato a Zoe, signora di Virt\u00f9 e dei Principi:<\/p>\n<ol>\n<li>Zoe<\/li>\n<li>Amor<\/li>\n<li>Animi<\/li>\n<li>Verum<\/li>\n<li>Honor<\/li>\n<li>Humilitas<\/li>\n<li>Iustitiae<\/li>\n<li>Pietas<\/li>\n<li>Probitas<\/li>\n<li>Religiosum<\/li>\n<li>Sacrificium<\/li>\n<li>Virtus<\/li>\n<\/ol>\n<p><strong>Anno 0 e corrispondenza tra calendari<br \/>\n<\/strong><\/p>\n<p>Le origini e le motivazioni che hanno spinto a definire l&#8217;anno zero su Sosaria si sono perse ormai nella notte dei tempi. Quello che si sa \u00e8 che il il 1 Zoe del 314\u00a0 corrisponde al 25 settembre dell&#8217;anno 1997 terrestre. Grazie a questa preziosa informazione, \u00e8 possibile convertire date dal calendario terrestre a quello sosariano e viceversa.<\/p>\n<p>Gli astrologi sono tuttora al lavoro per fornire, a chi ben provvisto di oro, uno strumento di facile utilizzo per calcolare queste informazioni.<\/p>\n<p><strong>Orologio<\/strong><\/p>\n<p>Uno strumento gi\u00e0 ampiamente in vendita e disponibile in molte forme e in prezzi molti diversi tra loro \u00e8 l&#8217;orologio a pendolo. Questo oggetto, frutto di anni di ricerche dell&#8217;Accademia, \u00e8 ora costruibile con gli appositi strumenti, e mostra sia la data che l&#8217;ora corretta su Sosaria.<\/p>\n<p style=\"text-align: center;\"><span class=\"inline inline-middle\"><a href=\"https:\/\/www.zhi.it\/portalnew\/imagegalleries\/immaginisito\/skills\/orologiopendolo.html\"><img loading=\"lazy\" decoding=\"async\" class=\"image image-preview\" title=\"\" src=\"https:\/\/www.zhi.it\/portalnew\/images\/orologio.png\" alt=\"\" width=\"208\" height=\"116\" \/><\/a><\/span><\/p>\n<p style=\"text-align: left;\">\n<p><strong>Forensic Evaluation<\/strong><\/p>\n<p>Attraverso questa abilit\u00e0 sar\u00e0 possibile conoscere anche la data di uccisione del cadavere esaminato. I valori richiesti sono 120 per la data e 125 per data e ora.<\/p>\n<p><strong>Comando<\/strong><\/p>\n<p>Per sapere solamente la data odierna, \u00e8 invece possibile utilizzare il comando <strong>.date<\/strong><\/p>\n","protected":false},"excerpt":{"rendered":"<p>Il calendario di Sosaria riflette l&#8217;organizzazione in mesi e anni bisestili del calendario della Terra. Il fatto pi\u00f9 importante da tenere presente \u00e8 che il tempo sulla Terra scorre pi\u00f9 lentamente rispetto a Sosaria. Questo comportamento apparentemente assurdo \u00e8 stato oggetti di lunghi anni di studio da parte dei migliori astrologi, e sono giunti alla [&hellip;]<\/p>\n","protected":false},"author":2,"featured_media":3623,"parent":503,"menu_order":0,"comment_status":"closed","ping_status":"closed","template":"","meta":{"inline_featured_image":false,"footnotes":""},"class_list":["post-509","page","type-page","status-publish","has-post-thumbnail","czr-hentry"],"yoast_head":"<!-- This site is optimized with the Yoast SEO plugin v27.5 - https:\/\/yoast.com\/product\/yoast-seo-wordpress\/ -->\n<title>Calendario - Zulu Hotel Italia<\/title>\n<meta name=\"robots\" content=\"index, follow, max-snippet:-1, max-image-preview:large, max-video-preview:-1\" \/>\n<link rel=\"canonical\" href=\"https:\/\/www.zhi.it\/portalnew\/wikizhi\/ambientazione\/calendario\/\" \/>\n<meta property=\"og:locale\" content=\"it_IT\" \/>\n<meta property=\"og:type\" content=\"article\" \/>\n<meta property=\"og:title\" content=\"Calendario - Zulu Hotel Italia\" \/>\n<meta property=\"og:description\" content=\"Il calendario di Sosaria riflette l&#8217;organizzazione in mesi e anni bisestili del calendario della Terra. Il fatto pi\u00f9 importante da tenere presente \u00e8 che il tempo sulla Terra scorre pi\u00f9 lentamente rispetto a Sosaria. Questo comportamento apparentemente assurdo \u00e8 stato oggetti di lunghi anni di studio da parte dei migliori astrologi, e sono giunti alla [&hellip;]\" \/>\n<meta property=\"og:url\" content=\"https:\/\/www.zhi.it\/portalnew\/wikizhi\/ambientazione\/calendario\/\" \/>\n<meta property=\"og:site_name\" content=\"Zulu Hotel Italia\" \/>\n<meta property=\"article:modified_time\" content=\"2022-02-05T15:46:10+00:00\" \/>\n<meta property=\"og:image\" content=\"https:\/\/www.zhi.it\/portalnew\/wp-content\/uploads\/2017\/07\/orologio.png\" \/>\n\t<meta property=\"og:image:width\" content=\"208\" \/>\n\t<meta property=\"og:image:height\" content=\"116\" \/>\n\t<meta property=\"og:image:type\" content=\"image\/png\" \/>\n<meta name=\"twitter:card\" content=\"summary_large_image\" \/>\n<meta name=\"twitter:label1\" content=\"Tempo di lettura stimato\" \/>\n\t<meta name=\"twitter:data1\" content=\"3 minuti\" \/>\n<script type=\"application\/ld+json\" class=\"yoast-schema-graph\">{\"@context\":\"https:\\\/\\\/schema.org\",\"@graph\":[{\"@type\":\"WebPage\",\"@id\":\"https:\\\/\\\/www.zhi.it\\\/portalnew\\\/wikizhi\\\/ambientazione\\\/calendario\\\/\",\"url\":\"https:\\\/\\\/www.zhi.it\\\/portalnew\\\/wikizhi\\\/ambientazione\\\/calendario\\\/\",\"name\":\"Calendario - Zulu Hotel Italia\",\"isPartOf\":{\"@id\":\"https:\\\/\\\/www.zhi.it\\\/portalnew\\\/#website\"},\"primaryImageOfPage\":{\"@id\":\"https:\\\/\\\/www.zhi.it\\\/portalnew\\\/wikizhi\\\/ambientazione\\\/calendario\\\/#primaryimage\"},\"image\":{\"@id\":\"https:\\\/\\\/www.zhi.it\\\/portalnew\\\/wikizhi\\\/ambientazione\\\/calendario\\\/#primaryimage\"},\"thumbnailUrl\":\"https:\\\/\\\/www.zhi.it\\\/portalnew\\\/wp-content\\\/uploads\\\/2017\\\/07\\\/orologio.png\",\"datePublished\":\"2016-03-27T17:06:17+00:00\",\"dateModified\":\"2022-02-05T15:46:10+00:00\",\"breadcrumb\":{\"@id\":\"https:\\\/\\\/www.zhi.it\\\/portalnew\\\/wikizhi\\\/ambientazione\\\/calendario\\\/#breadcrumb\"},\"inLanguage\":\"it-IT\",\"potentialAction\":[{\"@type\":\"ReadAction\",\"target\":[\"https:\\\/\\\/www.zhi.it\\\/portalnew\\\/wikizhi\\\/ambientazione\\\/calendario\\\/\"]}]},{\"@type\":\"ImageObject\",\"inLanguage\":\"it-IT\",\"@id\":\"https:\\\/\\\/www.zhi.it\\\/portalnew\\\/wikizhi\\\/ambientazione\\\/calendario\\\/#primaryimage\",\"url\":\"https:\\\/\\\/www.zhi.it\\\/portalnew\\\/wp-content\\\/uploads\\\/2017\\\/07\\\/orologio.png\",\"contentUrl\":\"https:\\\/\\\/www.zhi.it\\\/portalnew\\\/wp-content\\\/uploads\\\/2017\\\/07\\\/orologio.png\",\"width\":208,\"height\":116},{\"@type\":\"BreadcrumbList\",\"@id\":\"https:\\\/\\\/www.zhi.it\\\/portalnew\\\/wikizhi\\\/ambientazione\\\/calendario\\\/#breadcrumb\",\"itemListElement\":[{\"@type\":\"ListItem\",\"position\":1,\"name\":\"Home\",\"item\":\"https:\\\/\\\/www.zhi.it\\\/portalnew\\\/\"},{\"@type\":\"ListItem\",\"position\":2,\"name\":\"Zhi Wiki\",\"item\":\"https:\\\/\\\/www.zhi.it\\\/portalnew\\\/wikizhi\\\/\"},{\"@type\":\"ListItem\",\"position\":3,\"name\":\"Ambientazione\",\"item\":\"https:\\\/\\\/www.zhi.it\\\/portalnew\\\/wikizhi\\\/ambientazione\\\/\"},{\"@type\":\"ListItem\",\"position\":4,\"name\":\"Calendario\"}]},{\"@type\":\"WebSite\",\"@id\":\"https:\\\/\\\/www.zhi.it\\\/portalnew\\\/#website\",\"url\":\"https:\\\/\\\/www.zhi.it\\\/portalnew\\\/\",\"name\":\"Zulu Hotel Italia\",\"description\":\"\",\"publisher\":{\"@id\":\"https:\\\/\\\/www.zhi.it\\\/portalnew\\\/#organization\"},\"potentialAction\":[{\"@type\":\"SearchAction\",\"target\":{\"@type\":\"EntryPoint\",\"urlTemplate\":\"https:\\\/\\\/www.zhi.it\\\/portalnew\\\/?s={search_term_string}\"},\"query-input\":{\"@type\":\"PropertyValueSpecification\",\"valueRequired\":true,\"valueName\":\"search_term_string\"}}],\"inLanguage\":\"it-IT\"},{\"@type\":\"Organization\",\"@id\":\"https:\\\/\\\/www.zhi.it\\\/portalnew\\\/#organization\",\"name\":\"Zulu Hotel Italia\",\"url\":\"https:\\\/\\\/www.zhi.it\\\/portalnew\\\/\",\"logo\":{\"@type\":\"ImageObject\",\"inLanguage\":\"it-IT\",\"@id\":\"https:\\\/\\\/www.zhi.it\\\/portalnew\\\/#\\\/schema\\\/logo\\\/image\\\/\",\"url\":\"https:\\\/\\\/www.zhi.it\\\/portalnew\\\/wp-content\\\/uploads\\\/2018\\\/09\\\/cropped-zhi-logo-colorato.png\",\"contentUrl\":\"https:\\\/\\\/www.zhi.it\\\/portalnew\\\/wp-content\\\/uploads\\\/2018\\\/09\\\/cropped-zhi-logo-colorato.png\",\"width\":325,\"height\":325,\"caption\":\"Zulu Hotel Italia\"},\"image\":{\"@id\":\"https:\\\/\\\/www.zhi.it\\\/portalnew\\\/#\\\/schema\\\/logo\\\/image\\\/\"}}]}<\/script>\n<!-- \/ Yoast SEO plugin. -->","yoast_head_json":{"title":"Calendario - Zulu Hotel Italia","robots":{"index":"index","follow":"follow","max-snippet":"max-snippet:-1","max-image-preview":"max-image-preview:large","max-video-preview":"max-video-preview:-1"},"canonical":"https:\/\/www.zhi.it\/portalnew\/wikizhi\/ambientazione\/calendario\/","og_locale":"it_IT","og_type":"article","og_title":"Calendario - Zulu Hotel Italia","og_description":"Il calendario di Sosaria riflette l&#8217;organizzazione in mesi e anni bisestili del calendario della Terra. Il fatto pi\u00f9 importante da tenere presente \u00e8 che il tempo sulla Terra scorre pi\u00f9 lentamente rispetto a Sosaria. Questo comportamento apparentemente assurdo \u00e8 stato oggetti di lunghi anni di studio da parte dei migliori astrologi, e sono giunti alla [&hellip;]","og_url":"https:\/\/www.zhi.it\/portalnew\/wikizhi\/ambientazione\/calendario\/","og_site_name":"Zulu Hotel Italia","article_modified_time":"2022-02-05T15:46:10+00:00","og_image":[{"width":208,"height":116,"url":"https:\/\/www.zhi.it\/portalnew\/wp-content\/uploads\/2017\/07\/orologio.png","type":"image\/png"}],"twitter_card":"summary_large_image","twitter_misc":{"Tempo di lettura stimato":"3 minuti"},"schema":{"@context":"https:\/\/schema.org","@graph":[{"@type":"WebPage","@id":"https:\/\/www.zhi.it\/portalnew\/wikizhi\/ambientazione\/calendario\/","url":"https:\/\/www.zhi.it\/portalnew\/wikizhi\/ambientazione\/calendario\/","name":"Calendario - Zulu Hotel Italia","isPartOf":{"@id":"https:\/\/www.zhi.it\/portalnew\/#website"},"primaryImageOfPage":{"@id":"https:\/\/www.zhi.it\/portalnew\/wikizhi\/ambientazione\/calendario\/#primaryimage"},"image":{"@id":"https:\/\/www.zhi.it\/portalnew\/wikizhi\/ambientazione\/calendario\/#primaryimage"},"thumbnailUrl":"https:\/\/www.zhi.it\/portalnew\/wp-content\/uploads\/2017\/07\/orologio.png","datePublished":"2016-03-27T17:06:17+00:00","dateModified":"2022-02-05T15:46:10+00:00","breadcrumb":{"@id":"https:\/\/www.zhi.it\/portalnew\/wikizhi\/ambientazione\/calendario\/#breadcrumb"},"inLanguage":"it-IT","potentialAction":[{"@type":"ReadAction","target":["https:\/\/www.zhi.it\/portalnew\/wikizhi\/ambientazione\/calendario\/"]}]},{"@type":"ImageObject","inLanguage":"it-IT","@id":"https:\/\/www.zhi.it\/portalnew\/wikizhi\/ambientazione\/calendario\/#primaryimage","url":"https:\/\/www.zhi.it\/portalnew\/wp-content\/uploads\/2017\/07\/orologio.png","contentUrl":"https:\/\/www.zhi.it\/portalnew\/wp-content\/uploads\/2017\/07\/orologio.png","width":208,"height":116},{"@type":"BreadcrumbList","@id":"https:\/\/www.zhi.it\/portalnew\/wikizhi\/ambientazione\/calendario\/#breadcrumb","itemListElement":[{"@type":"ListItem","position":1,"name":"Home","item":"https:\/\/www.zhi.it\/portalnew\/"},{"@type":"ListItem","position":2,"name":"Zhi Wiki","item":"https:\/\/www.zhi.it\/portalnew\/wikizhi\/"},{"@type":"ListItem","position":3,"name":"Ambientazione","item":"https:\/\/www.zhi.it\/portalnew\/wikizhi\/ambientazione\/"},{"@type":"ListItem","position":4,"name":"Calendario"}]},{"@type":"WebSite","@id":"https:\/\/www.zhi.it\/portalnew\/#website","url":"https:\/\/www.zhi.it\/portalnew\/","name":"Zulu Hotel Italia","description":"","publisher":{"@id":"https:\/\/www.zhi.it\/portalnew\/#organization"},"potentialAction":[{"@type":"SearchAction","target":{"@type":"EntryPoint","urlTemplate":"https:\/\/www.zhi.it\/portalnew\/?s={search_term_string}"},"query-input":{"@type":"PropertyValueSpecification","valueRequired":true,"valueName":"search_term_string"}}],"inLanguage":"it-IT"},{"@type":"Organization","@id":"https:\/\/www.zhi.it\/portalnew\/#organization","name":"Zulu Hotel Italia","url":"https:\/\/www.zhi.it\/portalnew\/","logo":{"@type":"ImageObject","inLanguage":"it-IT","@id":"https:\/\/www.zhi.it\/portalnew\/#\/schema\/logo\/image\/","url":"https:\/\/www.zhi.it\/portalnew\/wp-content\/uploads\/2018\/09\/cropped-zhi-logo-colorato.png","contentUrl":"https:\/\/www.zhi.it\/portalnew\/wp-content\/uploads\/2018\/09\/cropped-zhi-logo-colorato.png","width":325,"height":325,"caption":"Zulu Hotel Italia"},"image":{"@id":"https:\/\/www.zhi.it\/portalnew\/#\/schema\/logo\/image\/"}}]}},"_links":{"self":[{"href":"https:\/\/www.zhi.it\/portalnew\/wp-json\/wp\/v2\/pages\/509","targetHints":{"allow":["GET"]}}],"collection":[{"href":"https:\/\/www.zhi.it\/portalnew\/wp-json\/wp\/v2\/pages"}],"about":[{"href":"https:\/\/www.zhi.it\/portalnew\/wp-json\/wp\/v2\/types\/page"}],"author":[{"embeddable":true,"href":"https:\/\/www.zhi.it\/portalnew\/wp-json\/wp\/v2\/users\/2"}],"replies":[{"embeddable":true,"href":"https:\/\/www.zhi.it\/portalnew\/wp-json\/wp\/v2\/comments?post=509"}],"version-history":[{"count":3,"href":"https:\/\/www.zhi.it\/portalnew\/wp-json\/wp\/v2\/pages\/509\/revisions"}],"predecessor-version":[{"id":7143,"href":"https:\/\/www.zhi.it\/portalnew\/wp-json\/wp\/v2\/pages\/509\/revisions\/7143"}],"up":[{"embeddable":true,"href":"https:\/\/www.zhi.it\/portalnew\/wp-json\/wp\/v2\/pages\/503"}],"wp:featuredmedia":[{"embeddable":true,"href":"https:\/\/www.zhi.it\/portalnew\/wp-json\/wp\/v2\/media\/3623"}],"wp:attachment":[{"href":"https:\/\/www.zhi.it\/portalnew\/wp-json\/wp\/v2\/media?parent=509"}],"curies":[{"name":"wp","href":"https:\/\/api.w.org\/{rel}","templated":true}]}}