{"id":511,"date":"2016-03-27T17:06:39","date_gmt":"2016-03-27T17:06:39","guid":{"rendered":"http:\/\/www.linkwebsrl.it\/wordpress\/?page_id=511"},"modified":"2018-09-30T13:21:37","modified_gmt":"2018-09-30T13:21:37","slug":"il-mondo-di-sosaria","status":"publish","type":"page","link":"https:\/\/www.zhi.it\/portalnew\/wikizhi\/ambientazione\/il-mondo-di-sosaria\/","title":{"rendered":"Il Mondo di Sosaria"},"content":{"rendered":"<p>E&#8217; difficile dare una definizione corretta al sostantivo SOSARIA. Diciamo che per noi, questo termine, identifica tutto ci\u00f2 che \u00e8 racchiuso nel mondo del nostro shard.<br \/>\nMa se desiderate una spiegazione pi\u00f9 accademica, SOSARIA \u00e8 il sostantivo che racchiude ogni mappa presente nel gioco, nello specifico ogni mondo che potete attraversare all&#8217;interno dello shard di ZHI fa parte di SOSARIA.<br \/>\nCome Britannia, Le Lost Lands e Ilshenar.<\/p>\n<p>All&#8217;interno di SOSARIA potete trovare citt\u00e0, montagne, mari, fiumi, laghi, coltivazioni, rovine, dungeon, animali, mostri e personaggi non giocanti.<\/p>\n","protected":false},"excerpt":{"rendered":"<p>E&#8217; difficile dare una definizione corretta al sostantivo SOSARIA. Diciamo che per noi, questo termine, identifica tutto ci\u00f2 che \u00e8 racchiuso nel mondo del nostro shard. Ma se desiderate una spiegazione pi\u00f9 accademica, SOSARIA \u00e8 il sostantivo che racchiude ogni mappa presente nel gioco, nello specifico ogni mondo che potete attraversare all&#8217;interno dello shard di [&hellip;]<\/p>\n","protected":false},"author":2,"featured_media":5174,"parent":503,"menu_order":0,"comment_status":"closed","ping_status":"closed","template":"","meta":{"inline_featured_image":false,"footnotes":""},"class_list":["post-511","page","type-page","status-publish","has-post-thumbnail","czr-hentry"],"yoast_head":"<!-- This site is optimized with the Yoast SEO plugin v27.4 - https:\/\/yoast.com\/product\/yoast-seo-wordpress\/ -->\n<title>Il Mondo di Sosaria - Zulu Hotel Italia<\/title>\n<meta name=\"robots\" content=\"index, follow, max-snippet:-1, max-image-preview:large, max-video-preview:-1\" \/>\n<link rel=\"canonical\" href=\"https:\/\/www.zhi.it\/portalnew\/wikizhi\/ambientazione\/il-mondo-di-sosaria\/\" \/>\n<meta property=\"og:locale\" content=\"it_IT\" \/>\n<meta property=\"og:type\" content=\"article\" \/>\n<meta property=\"og:title\" content=\"Il Mondo di Sosaria - Zulu Hotel Italia\" \/>\n<meta property=\"og:description\" content=\"E&#8217; difficile dare una definizione corretta al sostantivo SOSARIA. Diciamo che per noi, questo termine, identifica tutto ci\u00f2 che \u00e8 racchiuso nel mondo del nostro shard. Ma se desiderate una spiegazione pi\u00f9 accademica, SOSARIA \u00e8 il sostantivo che racchiude ogni mappa presente nel gioco, nello specifico ogni mondo che potete attraversare all&#8217;interno dello shard di [&hellip;]\" \/>\n<meta property=\"og:url\" content=\"https:\/\/www.zhi.it\/portalnew\/wikizhi\/ambientazione\/il-mondo-di-sosaria\/\" \/>\n<meta property=\"og:site_name\" content=\"Zulu Hotel Italia\" \/>\n<meta property=\"article:modified_time\" content=\"2018-09-30T13:21:37+00:00\" \/>\n<meta property=\"og:image\" content=\"https:\/\/www.zhi.it\/portalnew\/wp-content\/uploads\/2016\/04\/SplashZHI.png\" \/>\n\t<meta property=\"og:image:width\" content=\"820\" \/>\n\t<meta property=\"og:image:height\" content=\"312\" \/>\n\t<meta property=\"og:image:type\" content=\"image\/png\" \/>\n<meta name=\"twitter:card\" content=\"summary_large_image\" \/>\n<script type=\"application\/ld+json\" class=\"yoast-schema-graph\">{\"@context\":\"https:\\\/\\\/schema.org\",\"@graph\":[{\"@type\":\"WebPage\",\"@id\":\"https:\\\/\\\/www.zhi.it\\\/portalnew\\\/wikizhi\\\/ambientazione\\\/il-mondo-di-sosaria\\\/\",\"url\":\"https:\\\/\\\/www.zhi.it\\\/portalnew\\\/wikizhi\\\/ambientazione\\\/il-mondo-di-sosaria\\\/\",\"name\":\"Il Mondo di Sosaria - Zulu Hotel Italia\",\"isPartOf\":{\"@id\":\"https:\\\/\\\/www.zhi.it\\\/portalnew\\\/#website\"},\"primaryImageOfPage\":{\"@id\":\"https:\\\/\\\/www.zhi.it\\\/portalnew\\\/wikizhi\\\/ambientazione\\\/il-mondo-di-sosaria\\\/#primaryimage\"},\"image\":{\"@id\":\"https:\\\/\\\/www.zhi.it\\\/portalnew\\\/wikizhi\\\/ambientazione\\\/il-mondo-di-sosaria\\\/#primaryimage\"},\"thumbnailUrl\":\"https:\\\/\\\/www.zhi.it\\\/portalnew\\\/wp-content\\\/uploads\\\/2016\\\/04\\\/SplashZHI.png\",\"datePublished\":\"2016-03-27T17:06:39+00:00\",\"dateModified\":\"2018-09-30T13:21:37+00:00\",\"breadcrumb\":{\"@id\":\"https:\\\/\\\/www.zhi.it\\\/portalnew\\\/wikizhi\\\/ambientazione\\\/il-mondo-di-sosaria\\\/#breadcrumb\"},\"inLanguage\":\"it-IT\",\"potentialAction\":[{\"@type\":\"ReadAction\",\"target\":[\"https:\\\/\\\/www.zhi.it\\\/portalnew\\\/wikizhi\\\/ambientazione\\\/il-mondo-di-sosaria\\\/\"]}]},{\"@type\":\"ImageObject\",\"inLanguage\":\"it-IT\",\"@id\":\"https:\\\/\\\/www.zhi.it\\\/portalnew\\\/wikizhi\\\/ambientazione\\\/il-mondo-di-sosaria\\\/#primaryimage\",\"url\":\"https:\\\/\\\/www.zhi.it\\\/portalnew\\\/wp-content\\\/uploads\\\/2016\\\/04\\\/SplashZHI.png\",\"contentUrl\":\"https:\\\/\\\/www.zhi.it\\\/portalnew\\\/wp-content\\\/uploads\\\/2016\\\/04\\\/SplashZHI.png\",\"width\":820,\"height\":312},{\"@type\":\"BreadcrumbList\",\"@id\":\"https:\\\/\\\/www.zhi.it\\\/portalnew\\\/wikizhi\\\/ambientazione\\\/il-mondo-di-sosaria\\\/#breadcrumb\",\"itemListElement\":[{\"@type\":\"ListItem\",\"position\":1,\"name\":\"Home\",\"item\":\"https:\\\/\\\/www.zhi.it\\\/portalnew\\\/\"},{\"@type\":\"ListItem\",\"position\":2,\"name\":\"Zhi Wiki\",\"item\":\"https:\\\/\\\/www.zhi.it\\\/portalnew\\\/wikizhi\\\/\"},{\"@type\":\"ListItem\",\"position\":3,\"name\":\"Ambientazione\",\"item\":\"https:\\\/\\\/www.zhi.it\\\/portalnew\\\/wikizhi\\\/ambientazione\\\/\"},{\"@type\":\"ListItem\",\"position\":4,\"name\":\"Il Mondo di Sosaria\"}]},{\"@type\":\"WebSite\",\"@id\":\"https:\\\/\\\/www.zhi.it\\\/portalnew\\\/#website\",\"url\":\"https:\\\/\\\/www.zhi.it\\\/portalnew\\\/\",\"name\":\"Zulu Hotel Italia\",\"description\":\"\",\"publisher\":{\"@id\":\"https:\\\/\\\/www.zhi.it\\\/portalnew\\\/#organization\"},\"potentialAction\":[{\"@type\":\"SearchAction\",\"target\":{\"@type\":\"EntryPoint\",\"urlTemplate\":\"https:\\\/\\\/www.zhi.it\\\/portalnew\\\/?s={search_term_string}\"},\"query-input\":{\"@type\":\"PropertyValueSpecification\",\"valueRequired\":true,\"valueName\":\"search_term_string\"}}],\"inLanguage\":\"it-IT\"},{\"@type\":\"Organization\",\"@id\":\"https:\\\/\\\/www.zhi.it\\\/portalnew\\\/#organization\",\"name\":\"Zulu Hotel Italia\",\"url\":\"https:\\\/\\\/www.zhi.it\\\/portalnew\\\/\",\"logo\":{\"@type\":\"ImageObject\",\"inLanguage\":\"it-IT\",\"@id\":\"https:\\\/\\\/www.zhi.it\\\/portalnew\\\/#\\\/schema\\\/logo\\\/image\\\/\",\"url\":\"https:\\\/\\\/www.zhi.it\\\/portalnew\\\/wp-content\\\/uploads\\\/2018\\\/09\\\/cropped-zhi-logo-colorato.png\",\"contentUrl\":\"https:\\\/\\\/www.zhi.it\\\/portalnew\\\/wp-content\\\/uploads\\\/2018\\\/09\\\/cropped-zhi-logo-colorato.png\",\"width\":325,\"height\":325,\"caption\":\"Zulu Hotel Italia\"},\"image\":{\"@id\":\"https:\\\/\\\/www.zhi.it\\\/portalnew\\\/#\\\/schema\\\/logo\\\/image\\\/\"}}]}<\/script>\n<!-- \/ Yoast SEO plugin. -->","yoast_head_json":{"title":"Il Mondo di Sosaria - Zulu Hotel Italia","robots":{"index":"index","follow":"follow","max-snippet":"max-snippet:-1","max-image-preview":"max-image-preview:large","max-video-preview":"max-video-preview:-1"},"canonical":"https:\/\/www.zhi.it\/portalnew\/wikizhi\/ambientazione\/il-mondo-di-sosaria\/","og_locale":"it_IT","og_type":"article","og_title":"Il Mondo di Sosaria - Zulu Hotel Italia","og_description":"E&#8217; difficile dare una definizione corretta al sostantivo SOSARIA. Diciamo che per noi, questo termine, identifica tutto ci\u00f2 che \u00e8 racchiuso nel mondo del nostro shard. Ma se desiderate una spiegazione pi\u00f9 accademica, SOSARIA \u00e8 il sostantivo che racchiude ogni mappa presente nel gioco, nello specifico ogni mondo che potete attraversare all&#8217;interno dello shard di [&hellip;]","og_url":"https:\/\/www.zhi.it\/portalnew\/wikizhi\/ambientazione\/il-mondo-di-sosaria\/","og_site_name":"Zulu Hotel Italia","article_modified_time":"2018-09-30T13:21:37+00:00","og_image":[{"width":820,"height":312,"url":"https:\/\/www.zhi.it\/portalnew\/wp-content\/uploads\/2016\/04\/SplashZHI.png","type":"image\/png"}],"twitter_card":"summary_large_image","schema":{"@context":"https:\/\/schema.org","@graph":[{"@type":"WebPage","@id":"https:\/\/www.zhi.it\/portalnew\/wikizhi\/ambientazione\/il-mondo-di-sosaria\/","url":"https:\/\/www.zhi.it\/portalnew\/wikizhi\/ambientazione\/il-mondo-di-sosaria\/","name":"Il Mondo di Sosaria - Zulu Hotel Italia","isPartOf":{"@id":"https:\/\/www.zhi.it\/portalnew\/#website"},"primaryImageOfPage":{"@id":"https:\/\/www.zhi.it\/portalnew\/wikizhi\/ambientazione\/il-mondo-di-sosaria\/#primaryimage"},"image":{"@id":"https:\/\/www.zhi.it\/portalnew\/wikizhi\/ambientazione\/il-mondo-di-sosaria\/#primaryimage"},"thumbnailUrl":"https:\/\/www.zhi.it\/portalnew\/wp-content\/uploads\/2016\/04\/SplashZHI.png","datePublished":"2016-03-27T17:06:39+00:00","dateModified":"2018-09-30T13:21:37+00:00","breadcrumb":{"@id":"https:\/\/www.zhi.it\/portalnew\/wikizhi\/ambientazione\/il-mondo-di-sosaria\/#breadcrumb"},"inLanguage":"it-IT","potentialAction":[{"@type":"ReadAction","target":["https:\/\/www.zhi.it\/portalnew\/wikizhi\/ambientazione\/il-mondo-di-sosaria\/"]}]},{"@type":"ImageObject","inLanguage":"it-IT","@id":"https:\/\/www.zhi.it\/portalnew\/wikizhi\/ambientazione\/il-mondo-di-sosaria\/#primaryimage","url":"https:\/\/www.zhi.it\/portalnew\/wp-content\/uploads\/2016\/04\/SplashZHI.png","contentUrl":"https:\/\/www.zhi.it\/portalnew\/wp-content\/uploads\/2016\/04\/SplashZHI.png","width":820,"height":312},{"@type":"BreadcrumbList","@id":"https:\/\/www.zhi.it\/portalnew\/wikizhi\/ambientazione\/il-mondo-di-sosaria\/#breadcrumb","itemListElement":[{"@type":"ListItem","position":1,"name":"Home","item":"https:\/\/www.zhi.it\/portalnew\/"},{"@type":"ListItem","position":2,"name":"Zhi Wiki","item":"https:\/\/www.zhi.it\/portalnew\/wikizhi\/"},{"@type":"ListItem","position":3,"name":"Ambientazione","item":"https:\/\/www.zhi.it\/portalnew\/wikizhi\/ambientazione\/"},{"@type":"ListItem","position":4,"name":"Il Mondo di Sosaria"}]},{"@type":"WebSite","@id":"https:\/\/www.zhi.it\/portalnew\/#website","url":"https:\/\/www.zhi.it\/portalnew\/","name":"Zulu Hotel Italia","description":"","publisher":{"@id":"https:\/\/www.zhi.it\/portalnew\/#organization"},"potentialAction":[{"@type":"SearchAction","target":{"@type":"EntryPoint","urlTemplate":"https:\/\/www.zhi.it\/portalnew\/?s={search_term_string}"},"query-input":{"@type":"PropertyValueSpecification","valueRequired":true,"valueName":"search_term_string"}}],"inLanguage":"it-IT"},{"@type":"Organization","@id":"https:\/\/www.zhi.it\/portalnew\/#organization","name":"Zulu Hotel Italia","url":"https:\/\/www.zhi.it\/portalnew\/","logo":{"@type":"ImageObject","inLanguage":"it-IT","@id":"https:\/\/www.zhi.it\/portalnew\/#\/schema\/logo\/image\/","url":"https:\/\/www.zhi.it\/portalnew\/wp-content\/uploads\/2018\/09\/cropped-zhi-logo-colorato.png","contentUrl":"https:\/\/www.zhi.it\/portalnew\/wp-content\/uploads\/2018\/09\/cropped-zhi-logo-colorato.png","width":325,"height":325,"caption":"Zulu Hotel Italia"},"image":{"@id":"https:\/\/www.zhi.it\/portalnew\/#\/schema\/logo\/image\/"}}]}},"_links":{"self":[{"href":"https:\/\/www.zhi.it\/portalnew\/wp-json\/wp\/v2\/pages\/511","targetHints":{"allow":["GET"]}}],"collection":[{"href":"https:\/\/www.zhi.it\/portalnew\/wp-json\/wp\/v2\/pages"}],"about":[{"href":"https:\/\/www.zhi.it\/portalnew\/wp-json\/wp\/v2\/types\/page"}],"author":[{"embeddable":true,"href":"https:\/\/www.zhi.it\/portalnew\/wp-json\/wp\/v2\/users\/2"}],"replies":[{"embeddable":true,"href":"https:\/\/www.zhi.it\/portalnew\/wp-json\/wp\/v2\/comments?post=511"}],"version-history":[{"count":2,"href":"https:\/\/www.zhi.it\/portalnew\/wp-json\/wp\/v2\/pages\/511\/revisions"}],"predecessor-version":[{"id":5301,"href":"https:\/\/www.zhi.it\/portalnew\/wp-json\/wp\/v2\/pages\/511\/revisions\/5301"}],"up":[{"embeddable":true,"href":"https:\/\/www.zhi.it\/portalnew\/wp-json\/wp\/v2\/pages\/503"}],"wp:featuredmedia":[{"embeddable":true,"href":"https:\/\/www.zhi.it\/portalnew\/wp-json\/wp\/v2\/media\/5174"}],"wp:attachment":[{"href":"https:\/\/www.zhi.it\/portalnew\/wp-json\/wp\/v2\/media?parent=511"}],"curies":[{"name":"wp","href":"https:\/\/api.w.org\/{rel}","templated":true}]}}