{"id":519,"date":"2016-03-27T17:08:49","date_gmt":"2016-03-27T17:08:49","guid":{"rendered":"http:\/\/www.linkwebsrl.it\/wordpress\/?page_id=519"},"modified":"2025-01-23T17:18:49","modified_gmt":"2025-01-23T16:18:49","slug":"guerre","status":"publish","type":"page","link":"https:\/\/www.zhi.it\/portalnew\/wikizhi\/ambientazione\/guerre\/","title":{"rendered":"Guerre"},"content":{"rendered":"<p><strong>REGOLAMENTO WAR DA STONE<\/strong><\/p>\n<p>&nbsp;<\/p>\n<p><strong>WAR DA STONE<\/strong><\/p>\n<p>Le Gilde possono dichiarare guerra tramite missive su Discord e la gilda &#8220;attaccata&#8221; pu\u00f2 accettare o rifiutare, sempre tramite risposta alla missiva ricevuta.<\/p>\n<p>Le gilde con allineamento Evil (PK) non posso dichiarare una war da stone essendo in war costante con tutte le gilde nella realt\u00e0 dei fatti.<\/p>\n<ul>\n<li><strong>Gilda attaccante<\/strong>: Trova una motivazione GDR per attaccare un&#8217;altra gilda e la comunica allo Staff, a cui vanno versati 500k. Salvo particolari problemi lo Staff approver\u00e0 la guerra.<\/li>\n<li><strong>Gilda attaccata<\/strong>: Non paga nulla e dovr\u00e0 valutare insieme alla gilda attaccantequale modalit\u00e0 conviene adottare per la guerra, il campo di battaglia su cui scontrarsi e con quale tipologia di loot. Nel tempo limite di una settimana il gm di gilda dovr\u00e0 dichiarare questi tre parametri allo staff.<br \/>\nIn assenza di accordo lo Staff decider\u00e0 il regolamento della guerra.<\/li>\n<\/ul>\n<p>&nbsp;<\/p>\n<p><strong>TIPOLOGIE DI GUERRA<\/strong><\/p>\n<p>Esistono due diverse tipologie di guerra:<\/p>\n<ul>\n<li><strong>War HEADS<\/strong>:\u00a0L&#8217;esito della WAR dipender\u00e0 dal maggior numero di Teste raccolte da una gilda.<br \/>\nPer far incrementare di 1 punto il contatore delle Teste della gilda \u00e8 necessario che un gildato uccida un pg nemico e che la testa dell&#8217;avversario venga staccata o da lui o da un compagno di gilda o da un alleato anch&#8217;esso in war con lo stesso nemico.<\/li>\n<li><strong>War KILL<\/strong>:\u00a0L&#8217;esito della WAR dipender\u00e0 dal maggior numero di Kill realizzati da una gilda.<br \/>\nPer far incrementare di 1 punto il contatore dei Kill occorrer\u00e0 semplicemente che un gildato uccida un pg nemico.<\/li>\n<\/ul>\n<p>&nbsp;<\/p>\n<p><strong>MODALITA&#8217; DI GUERRA<\/strong><\/p>\n<p>Non tutte le gilde sono di pari numero o portate equivalentemente al PVP. Per equiparare le situazioni, la gilda che riceve l&#8217;attacco ha diritto a scegliere la modalit\u00e0 della guerra, fra quelle qui di seguito elencate:<\/p>\n<ul>\n<li><strong>Scontro diretto<\/strong>: L&#8217;esito della guerra verr\u00e0 deciso dal raggiungimento di un numero di Teste \/ Kill da accumulare entro 3 mesi dalla dichiarazione della guerra. La scelta di tale numero spetter\u00e0 ai GM delle gilde in causa.<br \/>\nI PG con tag protetti [ ] non potranno essere attaccati n\u00e8 intervenire in nessun modo negli scontri.<\/li>\n<li><strong>Permawar<\/strong>: Questa tipologia di guerra \u00e8 accessibile esclusivamente alle gilde di razza.<br \/>\nUna permawar pu\u00f2 essere sospesa solo su richiesta, attestante valide motivazioni, da parte di uno dei GM interessati e successiva approvazione dello Staff Eventi di riferimento.<br \/>\nI PG con tag protetti [ ] non potranno essere attaccati n\u00e8 intervenire in nessun modo negli scontri.<\/li>\n<\/ul>\n<p>&nbsp;<\/p>\n<p>Sono consentite le seguenti permawar:<\/p>\n<ul>\n<li>Le War di fazione sono considerate PERMAWAR<\/li>\n<\/ul>\n<p>&nbsp;<\/p>\n<p>Descrizione War tra controparti razziali:<\/p>\n<ul>\n<li>Dwarf (solo blu) contro Drow e Goblin<\/li>\n<li>Drow (o blu o rossi) contro Barbarian, Dwarf ed Elves<\/li>\n<li>Elf (solo blu) contro Drow e Goblin<\/li>\n<li>Goblin (o blu o rossi) contro Barbarian, Dwarf ed Elves<\/li>\n<li>Barbarian (solo blu) contro Drow e Goblin<\/li>\n<\/ul>\n<p>&nbsp;<\/p>\n<h2 style=\"text-align: center;\"><strong>REGOLE DI WAR<\/strong><\/h2>\n<ul>\n<li>Se tra le gilde coinvolte nella guerra non vi \u00e8 accordo sulle modalit\u00e0 da adottare, il campo di battaglia o la tipologia di loot, lo Staff decider\u00e0 il regolamento della guerra applicando la tipologia WAR KILL, la modalit\u00e0 Scontro diretto con LOOT e un PREMIO sulla base delle Teste \/ Kill accumulate, ognuna valutata 5k.<\/li>\n<li>Se due gilde alleate, di cui una di queste impegnata in una Permawar, st\u00e0 ai GM delle due gilde in questione decidere nel regolamento della guerra se far entrare o meno anche gli alleati nella Permawar. Questo comporter\u00e0 una war da stone per gli alleati.<\/li>\n<li>I pg sgildati o gildati ROSSI, non avendo nessuna tutela, possono intervenire contro chiunque BLU o ROSSO che sia, senza incorrere in nessuna sanzione.<\/li>\n<li>I pg sgildati BLU, possono intervenire (curare\/attaccare\/gatare) solo contro pg ROSSI e GRIGI, GILDATI e NON, senza incorrere in nessuna sanzione.<\/li>\n<li>Un pg gildato BLU che incontra membri rossi di una gilda in war da stone, pu\u00f2 comportarsi come meglio crede in quanto le azioni sono a favore o sfavore di un pg rosso, ovvero un pg non tutelato in nessuna maniera.<\/li>\n<li>Un pg gildato BLU che incontra membri BLU di una o pi\u00f9 gilde in war da stone (a cui lui non appartiene) NON DEVE TASSATIVAMENTE interferire in nessuna maniera, ovvero attaccare, curare e\/o gatare per dare benefit o malus al combattimento in corso.<\/li>\n<li>Rimane libera l&#8217;interazione di pg che derubano i presenti con l&#8217;utilizzo della skills snooping\/stealing.<\/li>\n<li>Se il pg invece decide di interferire apportando benefit o malus, AI PG BLU IN WAR da stone (attaccare, curare, gatare) lo staff non interverr\u00e0 punendo in nessun modo in quanto primo episodio; star\u00e0 ai GM di gilda gestire la situazione con eventuale missiva su echi ma tassativamente con prova del fatto avvenuto.<\/li>\n<li>Alla seconda azione nei confronti di un pg blu in war da stone (a cui non appartiene) la gilda in questione verr\u00e0 immediatamente settata in war contro la gilda che ha subito l&#8217;interferenza(sempre con prova del fatto avvenuto tramite seconda missiva su echi).<\/li>\n<li>Se nel primo caso attaccano un BLU di una gilda e nel secondo un BLU di un&#8217;altra gilda, automaticamente verr\u00e0 settata war con entrambe le gilde.<\/li>\n<li>Le gilde in war sono invitate a risolvere autonomamente problematiche relative ad intromissioni di pg terzi che usano a loro beneficio l&#8217;eventuale morte di un pg della war che sta combattendo in quel frangente col solo scopo di lootare senza aver partecipato in modo attivo e quindi essere passibile delle sopra citate regole di comportamento<\/li>\n<\/ul>\n<div class=\"message__80c10 cozyMessage__64ce7 wrapper__09ecc cozy_f5c119 zalgo__39311\" tabindex=\"-1\" role=\"article\" data-list-item-id=\"chat-messages___chat-messages-931672752346263602-1181739941768728626\" aria-setsize=\"-1\" aria-roledescription=\"Messaggio\" aria-labelledby=\"message-username-1181739865180733520 uid_1 message-content-1181739941768728626 uid_2 message-timestamp-1181739941768728626\"><\/div>\n","protected":false},"excerpt":{"rendered":"<p>REGOLAMENTO WAR DA STONE &nbsp; WAR DA STONE Le Gilde possono dichiarare guerra tramite missive su Discord e la gilda &#8220;attaccata&#8221; pu\u00f2 accettare o rifiutare, sempre tramite risposta alla missiva ricevuta. Le gilde con allineamento Evil (PK) non posso dichiarare una war da stone essendo in war costante con tutte le gilde nella realt\u00e0 dei [&hellip;]<\/p>\n","protected":false},"author":2,"featured_media":5174,"parent":503,"menu_order":0,"comment_status":"closed","ping_status":"closed","template":"","meta":{"inline_featured_image":false,"footnotes":""},"class_list":["post-519","page","type-page","status-publish","has-post-thumbnail","czr-hentry"],"yoast_head":"<!-- This site is optimized with the Yoast SEO plugin v27.5 - https:\/\/yoast.com\/product\/yoast-seo-wordpress\/ -->\n<title>Guerre - Zulu Hotel Italia<\/title>\n<meta name=\"robots\" content=\"index, follow, max-snippet:-1, max-image-preview:large, max-video-preview:-1\" \/>\n<link rel=\"canonical\" href=\"https:\/\/www.zhi.it\/portalnew\/wikizhi\/ambientazione\/guerre\/\" \/>\n<meta property=\"og:locale\" content=\"it_IT\" \/>\n<meta property=\"og:type\" content=\"article\" \/>\n<meta property=\"og:title\" content=\"Guerre - Zulu Hotel Italia\" \/>\n<meta property=\"og:description\" content=\"REGOLAMENTO WAR DA STONE &nbsp; WAR DA STONE Le Gilde possono dichiarare guerra tramite missive su Discord e la gilda &#8220;attaccata&#8221; pu\u00f2 accettare o rifiutare, sempre tramite risposta alla missiva ricevuta. Le gilde con allineamento Evil (PK) non posso dichiarare una war da stone essendo in war costante con tutte le gilde nella realt\u00e0 dei [&hellip;]\" \/>\n<meta property=\"og:url\" content=\"https:\/\/www.zhi.it\/portalnew\/wikizhi\/ambientazione\/guerre\/\" \/>\n<meta property=\"og:site_name\" content=\"Zulu Hotel Italia\" \/>\n<meta property=\"article:modified_time\" content=\"2025-01-23T16:18:49+00:00\" \/>\n<meta property=\"og:image\" content=\"https:\/\/www.zhi.it\/portalnew\/wp-content\/uploads\/2016\/04\/SplashZHI.png\" \/>\n\t<meta property=\"og:image:width\" content=\"820\" \/>\n\t<meta property=\"og:image:height\" content=\"312\" \/>\n\t<meta property=\"og:image:type\" content=\"image\/png\" \/>\n<meta name=\"twitter:card\" content=\"summary_large_image\" \/>\n<meta name=\"twitter:label1\" content=\"Tempo di lettura stimato\" \/>\n\t<meta name=\"twitter:data1\" content=\"5 minuti\" \/>\n<script type=\"application\/ld+json\" class=\"yoast-schema-graph\">{\"@context\":\"https:\\\/\\\/schema.org\",\"@graph\":[{\"@type\":\"WebPage\",\"@id\":\"https:\\\/\\\/www.zhi.it\\\/portalnew\\\/wikizhi\\\/ambientazione\\\/guerre\\\/\",\"url\":\"https:\\\/\\\/www.zhi.it\\\/portalnew\\\/wikizhi\\\/ambientazione\\\/guerre\\\/\",\"name\":\"Guerre - Zulu Hotel Italia\",\"isPartOf\":{\"@id\":\"https:\\\/\\\/www.zhi.it\\\/portalnew\\\/#website\"},\"primaryImageOfPage\":{\"@id\":\"https:\\\/\\\/www.zhi.it\\\/portalnew\\\/wikizhi\\\/ambientazione\\\/guerre\\\/#primaryimage\"},\"image\":{\"@id\":\"https:\\\/\\\/www.zhi.it\\\/portalnew\\\/wikizhi\\\/ambientazione\\\/guerre\\\/#primaryimage\"},\"thumbnailUrl\":\"https:\\\/\\\/www.zhi.it\\\/portalnew\\\/wp-content\\\/uploads\\\/2016\\\/04\\\/SplashZHI.png\",\"datePublished\":\"2016-03-27T17:08:49+00:00\",\"dateModified\":\"2025-01-23T16:18:49+00:00\",\"breadcrumb\":{\"@id\":\"https:\\\/\\\/www.zhi.it\\\/portalnew\\\/wikizhi\\\/ambientazione\\\/guerre\\\/#breadcrumb\"},\"inLanguage\":\"it-IT\",\"potentialAction\":[{\"@type\":\"ReadAction\",\"target\":[\"https:\\\/\\\/www.zhi.it\\\/portalnew\\\/wikizhi\\\/ambientazione\\\/guerre\\\/\"]}]},{\"@type\":\"ImageObject\",\"inLanguage\":\"it-IT\",\"@id\":\"https:\\\/\\\/www.zhi.it\\\/portalnew\\\/wikizhi\\\/ambientazione\\\/guerre\\\/#primaryimage\",\"url\":\"https:\\\/\\\/www.zhi.it\\\/portalnew\\\/wp-content\\\/uploads\\\/2016\\\/04\\\/SplashZHI.png\",\"contentUrl\":\"https:\\\/\\\/www.zhi.it\\\/portalnew\\\/wp-content\\\/uploads\\\/2016\\\/04\\\/SplashZHI.png\",\"width\":820,\"height\":312},{\"@type\":\"BreadcrumbList\",\"@id\":\"https:\\\/\\\/www.zhi.it\\\/portalnew\\\/wikizhi\\\/ambientazione\\\/guerre\\\/#breadcrumb\",\"itemListElement\":[{\"@type\":\"ListItem\",\"position\":1,\"name\":\"Home\",\"item\":\"https:\\\/\\\/www.zhi.it\\\/portalnew\\\/\"},{\"@type\":\"ListItem\",\"position\":2,\"name\":\"Zhi Wiki\",\"item\":\"https:\\\/\\\/www.zhi.it\\\/portalnew\\\/wikizhi\\\/\"},{\"@type\":\"ListItem\",\"position\":3,\"name\":\"Ambientazione\",\"item\":\"https:\\\/\\\/www.zhi.it\\\/portalnew\\\/wikizhi\\\/ambientazione\\\/\"},{\"@type\":\"ListItem\",\"position\":4,\"name\":\"Guerre\"}]},{\"@type\":\"WebSite\",\"@id\":\"https:\\\/\\\/www.zhi.it\\\/portalnew\\\/#website\",\"url\":\"https:\\\/\\\/www.zhi.it\\\/portalnew\\\/\",\"name\":\"Zulu Hotel Italia\",\"description\":\"\",\"publisher\":{\"@id\":\"https:\\\/\\\/www.zhi.it\\\/portalnew\\\/#organization\"},\"potentialAction\":[{\"@type\":\"SearchAction\",\"target\":{\"@type\":\"EntryPoint\",\"urlTemplate\":\"https:\\\/\\\/www.zhi.it\\\/portalnew\\\/?s={search_term_string}\"},\"query-input\":{\"@type\":\"PropertyValueSpecification\",\"valueRequired\":true,\"valueName\":\"search_term_string\"}}],\"inLanguage\":\"it-IT\"},{\"@type\":\"Organization\",\"@id\":\"https:\\\/\\\/www.zhi.it\\\/portalnew\\\/#organization\",\"name\":\"Zulu Hotel Italia\",\"url\":\"https:\\\/\\\/www.zhi.it\\\/portalnew\\\/\",\"logo\":{\"@type\":\"ImageObject\",\"inLanguage\":\"it-IT\",\"@id\":\"https:\\\/\\\/www.zhi.it\\\/portalnew\\\/#\\\/schema\\\/logo\\\/image\\\/\",\"url\":\"https:\\\/\\\/www.zhi.it\\\/portalnew\\\/wp-content\\\/uploads\\\/2018\\\/09\\\/cropped-zhi-logo-colorato.png\",\"contentUrl\":\"https:\\\/\\\/www.zhi.it\\\/portalnew\\\/wp-content\\\/uploads\\\/2018\\\/09\\\/cropped-zhi-logo-colorato.png\",\"width\":325,\"height\":325,\"caption\":\"Zulu Hotel Italia\"},\"image\":{\"@id\":\"https:\\\/\\\/www.zhi.it\\\/portalnew\\\/#\\\/schema\\\/logo\\\/image\\\/\"}}]}<\/script>\n<!-- \/ Yoast SEO plugin. -->","yoast_head_json":{"title":"Guerre - Zulu Hotel Italia","robots":{"index":"index","follow":"follow","max-snippet":"max-snippet:-1","max-image-preview":"max-image-preview:large","max-video-preview":"max-video-preview:-1"},"canonical":"https:\/\/www.zhi.it\/portalnew\/wikizhi\/ambientazione\/guerre\/","og_locale":"it_IT","og_type":"article","og_title":"Guerre - Zulu Hotel Italia","og_description":"REGOLAMENTO WAR DA STONE &nbsp; WAR DA STONE Le Gilde possono dichiarare guerra tramite missive su Discord e la gilda &#8220;attaccata&#8221; pu\u00f2 accettare o rifiutare, sempre tramite risposta alla missiva ricevuta. Le gilde con allineamento Evil (PK) non posso dichiarare una war da stone essendo in war costante con tutte le gilde nella realt\u00e0 dei [&hellip;]","og_url":"https:\/\/www.zhi.it\/portalnew\/wikizhi\/ambientazione\/guerre\/","og_site_name":"Zulu Hotel Italia","article_modified_time":"2025-01-23T16:18:49+00:00","og_image":[{"width":820,"height":312,"url":"https:\/\/www.zhi.it\/portalnew\/wp-content\/uploads\/2016\/04\/SplashZHI.png","type":"image\/png"}],"twitter_card":"summary_large_image","twitter_misc":{"Tempo di lettura stimato":"5 minuti"},"schema":{"@context":"https:\/\/schema.org","@graph":[{"@type":"WebPage","@id":"https:\/\/www.zhi.it\/portalnew\/wikizhi\/ambientazione\/guerre\/","url":"https:\/\/www.zhi.it\/portalnew\/wikizhi\/ambientazione\/guerre\/","name":"Guerre - Zulu Hotel Italia","isPartOf":{"@id":"https:\/\/www.zhi.it\/portalnew\/#website"},"primaryImageOfPage":{"@id":"https:\/\/www.zhi.it\/portalnew\/wikizhi\/ambientazione\/guerre\/#primaryimage"},"image":{"@id":"https:\/\/www.zhi.it\/portalnew\/wikizhi\/ambientazione\/guerre\/#primaryimage"},"thumbnailUrl":"https:\/\/www.zhi.it\/portalnew\/wp-content\/uploads\/2016\/04\/SplashZHI.png","datePublished":"2016-03-27T17:08:49+00:00","dateModified":"2025-01-23T16:18:49+00:00","breadcrumb":{"@id":"https:\/\/www.zhi.it\/portalnew\/wikizhi\/ambientazione\/guerre\/#breadcrumb"},"inLanguage":"it-IT","potentialAction":[{"@type":"ReadAction","target":["https:\/\/www.zhi.it\/portalnew\/wikizhi\/ambientazione\/guerre\/"]}]},{"@type":"ImageObject","inLanguage":"it-IT","@id":"https:\/\/www.zhi.it\/portalnew\/wikizhi\/ambientazione\/guerre\/#primaryimage","url":"https:\/\/www.zhi.it\/portalnew\/wp-content\/uploads\/2016\/04\/SplashZHI.png","contentUrl":"https:\/\/www.zhi.it\/portalnew\/wp-content\/uploads\/2016\/04\/SplashZHI.png","width":820,"height":312},{"@type":"BreadcrumbList","@id":"https:\/\/www.zhi.it\/portalnew\/wikizhi\/ambientazione\/guerre\/#breadcrumb","itemListElement":[{"@type":"ListItem","position":1,"name":"Home","item":"https:\/\/www.zhi.it\/portalnew\/"},{"@type":"ListItem","position":2,"name":"Zhi Wiki","item":"https:\/\/www.zhi.it\/portalnew\/wikizhi\/"},{"@type":"ListItem","position":3,"name":"Ambientazione","item":"https:\/\/www.zhi.it\/portalnew\/wikizhi\/ambientazione\/"},{"@type":"ListItem","position":4,"name":"Guerre"}]},{"@type":"WebSite","@id":"https:\/\/www.zhi.it\/portalnew\/#website","url":"https:\/\/www.zhi.it\/portalnew\/","name":"Zulu Hotel Italia","description":"","publisher":{"@id":"https:\/\/www.zhi.it\/portalnew\/#organization"},"potentialAction":[{"@type":"SearchAction","target":{"@type":"EntryPoint","urlTemplate":"https:\/\/www.zhi.it\/portalnew\/?s={search_term_string}"},"query-input":{"@type":"PropertyValueSpecification","valueRequired":true,"valueName":"search_term_string"}}],"inLanguage":"it-IT"},{"@type":"Organization","@id":"https:\/\/www.zhi.it\/portalnew\/#organization","name":"Zulu Hotel Italia","url":"https:\/\/www.zhi.it\/portalnew\/","logo":{"@type":"ImageObject","inLanguage":"it-IT","@id":"https:\/\/www.zhi.it\/portalnew\/#\/schema\/logo\/image\/","url":"https:\/\/www.zhi.it\/portalnew\/wp-content\/uploads\/2018\/09\/cropped-zhi-logo-colorato.png","contentUrl":"https:\/\/www.zhi.it\/portalnew\/wp-content\/uploads\/2018\/09\/cropped-zhi-logo-colorato.png","width":325,"height":325,"caption":"Zulu Hotel Italia"},"image":{"@id":"https:\/\/www.zhi.it\/portalnew\/#\/schema\/logo\/image\/"}}]}},"_links":{"self":[{"href":"https:\/\/www.zhi.it\/portalnew\/wp-json\/wp\/v2\/pages\/519","targetHints":{"allow":["GET"]}}],"collection":[{"href":"https:\/\/www.zhi.it\/portalnew\/wp-json\/wp\/v2\/pages"}],"about":[{"href":"https:\/\/www.zhi.it\/portalnew\/wp-json\/wp\/v2\/types\/page"}],"author":[{"embeddable":true,"href":"https:\/\/www.zhi.it\/portalnew\/wp-json\/wp\/v2\/users\/2"}],"replies":[{"embeddable":true,"href":"https:\/\/www.zhi.it\/portalnew\/wp-json\/wp\/v2\/comments?post=519"}],"version-history":[{"count":10,"href":"https:\/\/www.zhi.it\/portalnew\/wp-json\/wp\/v2\/pages\/519\/revisions"}],"predecessor-version":[{"id":7986,"href":"https:\/\/www.zhi.it\/portalnew\/wp-json\/wp\/v2\/pages\/519\/revisions\/7986"}],"up":[{"embeddable":true,"href":"https:\/\/www.zhi.it\/portalnew\/wp-json\/wp\/v2\/pages\/503"}],"wp:featuredmedia":[{"embeddable":true,"href":"https:\/\/www.zhi.it\/portalnew\/wp-json\/wp\/v2\/media\/5174"}],"wp:attachment":[{"href":"https:\/\/www.zhi.it\/portalnew\/wp-json\/wp\/v2\/media?parent=519"}],"curies":[{"name":"wp","href":"https:\/\/api.w.org\/{rel}","templated":true}]}}