{"id":525,"date":"2016-03-27T17:09:52","date_gmt":"2016-03-27T17:09:52","guid":{"rendered":"http:\/\/www.linkwebsrl.it\/wordpress\/?page_id=525"},"modified":"2022-02-19T11:55:50","modified_gmt":"2022-02-19T10:55:50","slug":"dungeons","status":"publish","type":"page","link":"https:\/\/www.zhi.it\/portalnew\/wikizhi\/ambientazione\/dungeons\/","title":{"rendered":"Dungeons"},"content":{"rendered":"<h2 style=\"text-align: center;\"><strong>Dungeons<\/strong><\/h2>\n<p>Chiese dissacrate, mausolei, dungeons&#8230; questi posti disseminati un po&#8217; ovunque per i territori di Sosaria nascondono terribili insidie e immense ricchezze. Molte leggende vengono narrate dagli anziani e molte trovano verit\u00e0 nei racconti degli esploratori che si avventurano per questi sentieri oscuri. La lista dei luoghi maledetti \u00e8 lunga e non tutte le locazioni sono ancora state scoperte.<\/p>\n<p>Sarai abbastanza coraggioso da scendere tra le profondit\u00e0 dell&#8217;inferno per affrontare creature leggendarie e mettere alla prova le tue abilit\u00e0 di combattente? O sarai cos\u00ec stolto da rischiare la vita per seguire la tua curiosit\u00e0?<\/p>\n<p>All&#8217;interno di Sosaria sono presenti i seguenti Dungeon:<\/p>\n<p>Catacombe di Trinsic<br \/>\nCovetous<br \/>\nDeceit<br \/>\nDespise<br \/>\nDestard<br \/>\nEpic Dungeon<br \/>\nFire Dungeon<br \/>\nHythloth<br \/>\nIce Dungeon<br \/>\nMaelstrom<br \/>\nMausoleo Sideblade<br \/>\nNewbie Dungeon<br \/>\nOphidian&#8217;s Lair<br \/>\nLost Outpost<br \/>\nPath of Heaven<br \/>\nSacrifice<br \/>\nShame<br \/>\nTerathan&#8217;s Keep<br \/>\nWrong<\/p>\n<p>Prossimamente questa sezione verr\u00e0 aggiornata con i NUOVI DUNGEON e delle schede proprietarie per ognuno di loro: STAY TUNED.<\/p>\n","protected":false},"excerpt":{"rendered":"<p>Dungeons Chiese dissacrate, mausolei, dungeons&#8230; questi posti disseminati un po&#8217; ovunque per i territori di Sosaria nascondono terribili insidie e immense ricchezze. Molte leggende vengono narrate dagli anziani e molte trovano verit\u00e0 nei racconti degli esploratori che si avventurano per questi sentieri oscuri. La lista dei luoghi maledetti \u00e8 lunga e non tutte le locazioni [&hellip;]<\/p>\n","protected":false},"author":2,"featured_media":5174,"parent":503,"menu_order":0,"comment_status":"closed","ping_status":"closed","template":"","meta":{"inline_featured_image":false,"footnotes":""},"class_list":["post-525","page","type-page","status-publish","has-post-thumbnail","czr-hentry"],"yoast_head":"<!-- This site is optimized with the Yoast SEO plugin v27.4 - https:\/\/yoast.com\/product\/yoast-seo-wordpress\/ -->\n<title>Dungeons - Zulu Hotel Italia<\/title>\n<meta name=\"robots\" content=\"index, follow, max-snippet:-1, max-image-preview:large, max-video-preview:-1\" \/>\n<link rel=\"canonical\" href=\"https:\/\/www.zhi.it\/portalnew\/wikizhi\/ambientazione\/dungeons\/\" \/>\n<meta property=\"og:locale\" content=\"it_IT\" \/>\n<meta property=\"og:type\" content=\"article\" \/>\n<meta property=\"og:title\" content=\"Dungeons - Zulu Hotel Italia\" \/>\n<meta property=\"og:description\" content=\"Dungeons Chiese dissacrate, mausolei, dungeons&#8230; questi posti disseminati un po&#8217; ovunque per i territori di Sosaria nascondono terribili insidie e immense ricchezze. Molte leggende vengono narrate dagli anziani e molte trovano verit\u00e0 nei racconti degli esploratori che si avventurano per questi sentieri oscuri. La lista dei luoghi maledetti \u00e8 lunga e non tutte le locazioni [&hellip;]\" \/>\n<meta property=\"og:url\" content=\"https:\/\/www.zhi.it\/portalnew\/wikizhi\/ambientazione\/dungeons\/\" \/>\n<meta property=\"og:site_name\" content=\"Zulu Hotel Italia\" \/>\n<meta property=\"article:modified_time\" content=\"2022-02-19T10:55:50+00:00\" \/>\n<meta property=\"og:image\" content=\"https:\/\/www.zhi.it\/portalnew\/wp-content\/uploads\/2016\/04\/SplashZHI.png\" \/>\n\t<meta property=\"og:image:width\" content=\"820\" \/>\n\t<meta property=\"og:image:height\" content=\"312\" \/>\n\t<meta property=\"og:image:type\" content=\"image\/png\" \/>\n<meta name=\"twitter:card\" content=\"summary_large_image\" \/>\n<meta name=\"twitter:label1\" content=\"Tempo di lettura stimato\" \/>\n\t<meta name=\"twitter:data1\" content=\"1 minuto\" \/>\n<script type=\"application\/ld+json\" class=\"yoast-schema-graph\">{\"@context\":\"https:\\\/\\\/schema.org\",\"@graph\":[{\"@type\":\"WebPage\",\"@id\":\"https:\\\/\\\/www.zhi.it\\\/portalnew\\\/wikizhi\\\/ambientazione\\\/dungeons\\\/\",\"url\":\"https:\\\/\\\/www.zhi.it\\\/portalnew\\\/wikizhi\\\/ambientazione\\\/dungeons\\\/\",\"name\":\"Dungeons - Zulu Hotel Italia\",\"isPartOf\":{\"@id\":\"https:\\\/\\\/www.zhi.it\\\/portalnew\\\/#website\"},\"primaryImageOfPage\":{\"@id\":\"https:\\\/\\\/www.zhi.it\\\/portalnew\\\/wikizhi\\\/ambientazione\\\/dungeons\\\/#primaryimage\"},\"image\":{\"@id\":\"https:\\\/\\\/www.zhi.it\\\/portalnew\\\/wikizhi\\\/ambientazione\\\/dungeons\\\/#primaryimage\"},\"thumbnailUrl\":\"https:\\\/\\\/www.zhi.it\\\/portalnew\\\/wp-content\\\/uploads\\\/2016\\\/04\\\/SplashZHI.png\",\"datePublished\":\"2016-03-27T17:09:52+00:00\",\"dateModified\":\"2022-02-19T10:55:50+00:00\",\"breadcrumb\":{\"@id\":\"https:\\\/\\\/www.zhi.it\\\/portalnew\\\/wikizhi\\\/ambientazione\\\/dungeons\\\/#breadcrumb\"},\"inLanguage\":\"it-IT\",\"potentialAction\":[{\"@type\":\"ReadAction\",\"target\":[\"https:\\\/\\\/www.zhi.it\\\/portalnew\\\/wikizhi\\\/ambientazione\\\/dungeons\\\/\"]}]},{\"@type\":\"ImageObject\",\"inLanguage\":\"it-IT\",\"@id\":\"https:\\\/\\\/www.zhi.it\\\/portalnew\\\/wikizhi\\\/ambientazione\\\/dungeons\\\/#primaryimage\",\"url\":\"https:\\\/\\\/www.zhi.it\\\/portalnew\\\/wp-content\\\/uploads\\\/2016\\\/04\\\/SplashZHI.png\",\"contentUrl\":\"https:\\\/\\\/www.zhi.it\\\/portalnew\\\/wp-content\\\/uploads\\\/2016\\\/04\\\/SplashZHI.png\",\"width\":820,\"height\":312},{\"@type\":\"BreadcrumbList\",\"@id\":\"https:\\\/\\\/www.zhi.it\\\/portalnew\\\/wikizhi\\\/ambientazione\\\/dungeons\\\/#breadcrumb\",\"itemListElement\":[{\"@type\":\"ListItem\",\"position\":1,\"name\":\"Home\",\"item\":\"https:\\\/\\\/www.zhi.it\\\/portalnew\\\/\"},{\"@type\":\"ListItem\",\"position\":2,\"name\":\"Zhi Wiki\",\"item\":\"https:\\\/\\\/www.zhi.it\\\/portalnew\\\/wikizhi\\\/\"},{\"@type\":\"ListItem\",\"position\":3,\"name\":\"Ambientazione\",\"item\":\"https:\\\/\\\/www.zhi.it\\\/portalnew\\\/wikizhi\\\/ambientazione\\\/\"},{\"@type\":\"ListItem\",\"position\":4,\"name\":\"Dungeons\"}]},{\"@type\":\"WebSite\",\"@id\":\"https:\\\/\\\/www.zhi.it\\\/portalnew\\\/#website\",\"url\":\"https:\\\/\\\/www.zhi.it\\\/portalnew\\\/\",\"name\":\"Zulu Hotel Italia\",\"description\":\"\",\"publisher\":{\"@id\":\"https:\\\/\\\/www.zhi.it\\\/portalnew\\\/#organization\"},\"potentialAction\":[{\"@type\":\"SearchAction\",\"target\":{\"@type\":\"EntryPoint\",\"urlTemplate\":\"https:\\\/\\\/www.zhi.it\\\/portalnew\\\/?s={search_term_string}\"},\"query-input\":{\"@type\":\"PropertyValueSpecification\",\"valueRequired\":true,\"valueName\":\"search_term_string\"}}],\"inLanguage\":\"it-IT\"},{\"@type\":\"Organization\",\"@id\":\"https:\\\/\\\/www.zhi.it\\\/portalnew\\\/#organization\",\"name\":\"Zulu Hotel Italia\",\"url\":\"https:\\\/\\\/www.zhi.it\\\/portalnew\\\/\",\"logo\":{\"@type\":\"ImageObject\",\"inLanguage\":\"it-IT\",\"@id\":\"https:\\\/\\\/www.zhi.it\\\/portalnew\\\/#\\\/schema\\\/logo\\\/image\\\/\",\"url\":\"https:\\\/\\\/www.zhi.it\\\/portalnew\\\/wp-content\\\/uploads\\\/2018\\\/09\\\/cropped-zhi-logo-colorato.png\",\"contentUrl\":\"https:\\\/\\\/www.zhi.it\\\/portalnew\\\/wp-content\\\/uploads\\\/2018\\\/09\\\/cropped-zhi-logo-colorato.png\",\"width\":325,\"height\":325,\"caption\":\"Zulu Hotel Italia\"},\"image\":{\"@id\":\"https:\\\/\\\/www.zhi.it\\\/portalnew\\\/#\\\/schema\\\/logo\\\/image\\\/\"}}]}<\/script>\n<!-- \/ Yoast SEO plugin. -->","yoast_head_json":{"title":"Dungeons - Zulu Hotel Italia","robots":{"index":"index","follow":"follow","max-snippet":"max-snippet:-1","max-image-preview":"max-image-preview:large","max-video-preview":"max-video-preview:-1"},"canonical":"https:\/\/www.zhi.it\/portalnew\/wikizhi\/ambientazione\/dungeons\/","og_locale":"it_IT","og_type":"article","og_title":"Dungeons - Zulu Hotel Italia","og_description":"Dungeons Chiese dissacrate, mausolei, dungeons&#8230; questi posti disseminati un po&#8217; ovunque per i territori di Sosaria nascondono terribili insidie e immense ricchezze. Molte leggende vengono narrate dagli anziani e molte trovano verit\u00e0 nei racconti degli esploratori che si avventurano per questi sentieri oscuri. La lista dei luoghi maledetti \u00e8 lunga e non tutte le locazioni [&hellip;]","og_url":"https:\/\/www.zhi.it\/portalnew\/wikizhi\/ambientazione\/dungeons\/","og_site_name":"Zulu Hotel Italia","article_modified_time":"2022-02-19T10:55:50+00:00","og_image":[{"width":820,"height":312,"url":"https:\/\/www.zhi.it\/portalnew\/wp-content\/uploads\/2016\/04\/SplashZHI.png","type":"image\/png"}],"twitter_card":"summary_large_image","twitter_misc":{"Tempo di lettura stimato":"1 minuto"},"schema":{"@context":"https:\/\/schema.org","@graph":[{"@type":"WebPage","@id":"https:\/\/www.zhi.it\/portalnew\/wikizhi\/ambientazione\/dungeons\/","url":"https:\/\/www.zhi.it\/portalnew\/wikizhi\/ambientazione\/dungeons\/","name":"Dungeons - Zulu Hotel Italia","isPartOf":{"@id":"https:\/\/www.zhi.it\/portalnew\/#website"},"primaryImageOfPage":{"@id":"https:\/\/www.zhi.it\/portalnew\/wikizhi\/ambientazione\/dungeons\/#primaryimage"},"image":{"@id":"https:\/\/www.zhi.it\/portalnew\/wikizhi\/ambientazione\/dungeons\/#primaryimage"},"thumbnailUrl":"https:\/\/www.zhi.it\/portalnew\/wp-content\/uploads\/2016\/04\/SplashZHI.png","datePublished":"2016-03-27T17:09:52+00:00","dateModified":"2022-02-19T10:55:50+00:00","breadcrumb":{"@id":"https:\/\/www.zhi.it\/portalnew\/wikizhi\/ambientazione\/dungeons\/#breadcrumb"},"inLanguage":"it-IT","potentialAction":[{"@type":"ReadAction","target":["https:\/\/www.zhi.it\/portalnew\/wikizhi\/ambientazione\/dungeons\/"]}]},{"@type":"ImageObject","inLanguage":"it-IT","@id":"https:\/\/www.zhi.it\/portalnew\/wikizhi\/ambientazione\/dungeons\/#primaryimage","url":"https:\/\/www.zhi.it\/portalnew\/wp-content\/uploads\/2016\/04\/SplashZHI.png","contentUrl":"https:\/\/www.zhi.it\/portalnew\/wp-content\/uploads\/2016\/04\/SplashZHI.png","width":820,"height":312},{"@type":"BreadcrumbList","@id":"https:\/\/www.zhi.it\/portalnew\/wikizhi\/ambientazione\/dungeons\/#breadcrumb","itemListElement":[{"@type":"ListItem","position":1,"name":"Home","item":"https:\/\/www.zhi.it\/portalnew\/"},{"@type":"ListItem","position":2,"name":"Zhi Wiki","item":"https:\/\/www.zhi.it\/portalnew\/wikizhi\/"},{"@type":"ListItem","position":3,"name":"Ambientazione","item":"https:\/\/www.zhi.it\/portalnew\/wikizhi\/ambientazione\/"},{"@type":"ListItem","position":4,"name":"Dungeons"}]},{"@type":"WebSite","@id":"https:\/\/www.zhi.it\/portalnew\/#website","url":"https:\/\/www.zhi.it\/portalnew\/","name":"Zulu Hotel Italia","description":"","publisher":{"@id":"https:\/\/www.zhi.it\/portalnew\/#organization"},"potentialAction":[{"@type":"SearchAction","target":{"@type":"EntryPoint","urlTemplate":"https:\/\/www.zhi.it\/portalnew\/?s={search_term_string}"},"query-input":{"@type":"PropertyValueSpecification","valueRequired":true,"valueName":"search_term_string"}}],"inLanguage":"it-IT"},{"@type":"Organization","@id":"https:\/\/www.zhi.it\/portalnew\/#organization","name":"Zulu Hotel Italia","url":"https:\/\/www.zhi.it\/portalnew\/","logo":{"@type":"ImageObject","inLanguage":"it-IT","@id":"https:\/\/www.zhi.it\/portalnew\/#\/schema\/logo\/image\/","url":"https:\/\/www.zhi.it\/portalnew\/wp-content\/uploads\/2018\/09\/cropped-zhi-logo-colorato.png","contentUrl":"https:\/\/www.zhi.it\/portalnew\/wp-content\/uploads\/2018\/09\/cropped-zhi-logo-colorato.png","width":325,"height":325,"caption":"Zulu Hotel Italia"},"image":{"@id":"https:\/\/www.zhi.it\/portalnew\/#\/schema\/logo\/image\/"}}]}},"_links":{"self":[{"href":"https:\/\/www.zhi.it\/portalnew\/wp-json\/wp\/v2\/pages\/525","targetHints":{"allow":["GET"]}}],"collection":[{"href":"https:\/\/www.zhi.it\/portalnew\/wp-json\/wp\/v2\/pages"}],"about":[{"href":"https:\/\/www.zhi.it\/portalnew\/wp-json\/wp\/v2\/types\/page"}],"author":[{"embeddable":true,"href":"https:\/\/www.zhi.it\/portalnew\/wp-json\/wp\/v2\/users\/2"}],"replies":[{"embeddable":true,"href":"https:\/\/www.zhi.it\/portalnew\/wp-json\/wp\/v2\/comments?post=525"}],"version-history":[{"count":6,"href":"https:\/\/www.zhi.it\/portalnew\/wp-json\/wp\/v2\/pages\/525\/revisions"}],"predecessor-version":[{"id":7213,"href":"https:\/\/www.zhi.it\/portalnew\/wp-json\/wp\/v2\/pages\/525\/revisions\/7213"}],"up":[{"embeddable":true,"href":"https:\/\/www.zhi.it\/portalnew\/wp-json\/wp\/v2\/pages\/503"}],"wp:featuredmedia":[{"embeddable":true,"href":"https:\/\/www.zhi.it\/portalnew\/wp-json\/wp\/v2\/media\/5174"}],"wp:attachment":[{"href":"https:\/\/www.zhi.it\/portalnew\/wp-json\/wp\/v2\/media?parent=525"}],"curies":[{"name":"wp","href":"https:\/\/api.w.org\/{rel}","templated":true}]}}