{"id":527,"date":"2016-03-27T17:10:07","date_gmt":"2016-03-27T17:10:07","guid":{"rendered":"http:\/\/www.linkwebsrl.it\/wordpress\/?page_id=527"},"modified":"2024-09-25T14:49:42","modified_gmt":"2024-09-25T12:49:42","slug":"mercanti","status":"publish","type":"page","link":"https:\/\/www.zhi.it\/portalnew\/wikizhi\/ambientazione\/mercanti\/","title":{"rendered":"Mercanti"},"content":{"rendered":"<p>Ecco l&#8217;elenco completo di tutti i mercanti esistenti su Sosaria.<\/p>\n<p>Questi NPC rispondono inoltre a particolari comandi:<\/p>\n<ul>\n<li>Per farsi insegnare un abilit\u00e0 da un vendor bisogna dire &#8220;<strong style=\"color: #4f1715;\">vendor train<\/strong>&#8220;. Ad esempio &#8220;vendor train cooking&#8221;, e consegnargli i soldi che chiede per eseguire l&#8217;azione<\/li>\n<li>Per comprare della merce: <strong style=\"color: #4f1715;\">buy<\/strong><\/li>\n<li>Per vendere un oggetto: <strong style=\"color: #4f1715;\">sell<\/strong><\/li>\n<li>Per vendere tutti gli oggetti presenti in una sacca: <strong style=\"color: #4f1715;\">sell bag<\/strong> e successivamente selezionare la sacca che si ha intenzione di vendere.<\/li>\n<\/ul>\n<div style=\"width: 90%; margin: auto; display: block;\">\n\t<strong>Vendor<\/strong> &#8211; <strong style=\"color: #4f1715;\">Merce disponibile<\/strong>\n<\/div>\n<p><\/p>\n<div style=\"width: 90%; margin: auto; display: block;\">Alchemist &#8211; Libro di alchimia, mortaio, heating stand, reagenti, boccette.<\/div>\n<p><\/p>\n<div style=\"width: 90%; margin: auto; display: block;\">Architet &#8211; Trashcan e vendor privati.<\/div>\n<p><\/p>\n<div style=\"width: 90%; margin: auto; display: block;\">Bard &#8211; Strumenti Musicali.<\/div>\n<p><\/p>\n<div style=\"width: 90%; margin: auto; display: block;\">Baker &#8211; Libro di ricette, cibo, caraffe di vetro, item cooking.<\/div>\n<p><\/p>\n<div style=\"width: 90%; margin: auto; display: block;\">Beekeeper &#8211; Alveari, miele, candele e strumenti per costruire candele.<\/div>\n<p><\/p>\n<div style=\"width: 90%; margin: auto; display: block;\">Blacksmith &#8211; Armi, armature e scudi di metallo, tong, martello da fabbro.<\/div>\n<p><\/p>\n<div style=\"width: 90%; margin: auto; display: block;\">Bowyer &#8211; Frecce, dardi, archi, balestre.<\/div>\n<p><\/p>\n<div style=\"width: 90%; margin: auto; display: block;\">Butcher &#8211; Uova, carne cruda e cotta.<\/div>\n<p><\/p>\n<div style=\"width: 90%; margin: auto; display: block;\">Carpenter &#8211; accette, equip da sparro, staffe, scudi, forbici e strumenti per lavorare il legno.<\/div>\n<p><\/p>\n<div style=\"width: 90%; margin: auto; display: block;\">Farmer &#8211; Frutta, verdura, pentole, semi di: cotone, verdure e reagenti.<\/div>\n<p><\/p>\n<div style=\"width: 90%; margin: auto; display: block;\">Fisherman &#8211; Canne da pesca, pesce crudo e pesce cotto, acquario.<\/div>\n<p><\/p>\n<div style=\"width: 90%; margin: auto; display: block;\">Giardiniere &#8211; Cesoie, guanti breeder, pentole, piante, semi di: alberi, verdure e reagenti.<\/div>\n<p><\/p>\n<div style=\"width: 90%; margin: auto; display: block;\">Innkeeper &#8211; Torce, bende, dadi, chiavi, bracciali, uova, cibo cotto e crudo, sacco a pelo.<\/div>\n<p><\/p>\n<div style=\"width: 90%; margin: auto; display: block;\">Mage &#8211; Reagenti, Rune, libro di incantesimi (spellbook).<\/div>\n<p><\/p>\n<div style=\"width: 90%; margin: auto; display: block;\">Mapmaker &#8211; Pale, mappe, cannocchiali.<\/div>\n<p><\/p>\n<div style=\"width: 90%; margin: auto; display: block;\">Crafter &#8211; Lanterne, Accette, Picche, strumenti da lavoro per crafter.<\/div>\n<p><\/p>\n<div style=\"width: 90%; margin: auto; display: block;\">Provisoner &#8211; Occhiali, dadi, bende, torce, borse e sacchetti, chiavi, portachiavi.<\/div>\n<p><\/p>\n<div style=\"width: 90%; margin: auto; display: block;\">Scribe &#8211; Libri bianchi, pergamene (scrolls dello spellbook).<\/div>\n<p><\/p>\n<div style=\"width: 90%; margin: auto; display: block;\">Shipwright &#8211; Barche, sestante<\/div>\n<p><\/p>\n<div style=\"width: 90%; margin: auto; display: block;\">Tailor &#8211; Bacinelle, colori, gomitoli, attrezzi da cucito, vestiti<\/div>\n<p><\/p>\n<div style=\"width: 90%; margin: auto; display: block;\">Tanner &#8211; Scarpe, sandali, pelli, armature di pelle, Trofei: Orsi, Renne, Mucche<\/div>\n<p><\/p>\n<div style=\"width: 90%; margin: auto; display: block;\">Thief &#8211; Guanti da ladro, accessori per il ladro, secure box per risorse.<\/div>\n<p><\/p>\n<div style=\"width: 90%; margin: auto; display: block;\">Waitress &#8211; Bicchieri, bottiglie, cibo crudo e cotto<\/div>\n<p style=\"text-align: left;\">Esiste poi una serie di NPC che forniscono servizi di vario genere, al giusto prezzo si intende.<\/p>\n<div style=\"width: 90%; margin: auto; display: block;\">\n<strong>Vendor<\/strong> &#8211; <strong style=\"color: #4f1715;\">Comando ed effetto<\/strong><\/div>\n<p><\/p>\n<div style=\"width: 90%; margin: auto; display: block;\">Accetta scommesse &#8211; <strong style=\"color: #4f1715;\">Blackjack:<\/strong> Per giocare a blackjack.<\/div>\n<p><\/p>\n<div style=\"width: 90%; margin: auto; display: block;\">Animal trainer &#8211; <strong style=\"color: #4f1715;\">Stable:<\/strong> per trasformare l&#8217;animale in deed. <strong style=\"color: #4f1715;\">Sell<\/strong> per vendere un animale. <strong style=\"color: #4f1715;\">buy<\/strong>: per comprare quelli che possiede il vendor.<\/div>\n<p><\/p>\n<div style=\"width: 90%; margin: auto; display: block;\">Barber &#8211; Vende capigliature e barbe come un normale vendor, ogni razza ha il suo barbiere razziale.<\/div>\n<p><\/p>\n<div style=\"width: 90%; margin: auto; display: block;\">Banker &#8211; <strong style=\"color: #4f1715;\">Bank:<\/strong> per aprire il proprio forziere.<br \/>\n<strong style=\"color: #4f1715;\">Withdraw &lt;somma di denaro&gt;:<\/strong> per ritirare una certa somma di denaro dal prorprio forziere.<br \/>\n<strong style=\"color: #4f1715;\">Balance:<\/strong> per sapere quanti soldi abbiamo in banca.<br \/>\n<strong style=\"color: #4f1715;\">Money:<\/strong> per farsi regalare le prime (e uniche) 1000 monete d&#8217;oro dal banchiere. Fondamentali per i pg [new].<\/div>\n<p><\/p>\n<div style=\"width: 90%; margin: auto; display: block;\">Cancella ricordi &#8211; <strong style=\"color: #4f1715;\">Wash: <\/strong>il vendor ci mette a disposizione una lista delle abilit\u00e0 (skills) del gioco, selezionare quella da dimenticare e successivamente i punti da decrementare.<\/div>\n<p><\/p>\n<div style=\"width: 90%; margin: auto; display: block;\">Healer &#8211; Da fantasmini mettersi in modalit\u00e0 combattimento (war sul paperdoll) e correre verso di lui per essere resucitati. Dagli healer blu \u00e8 possibile essere resuscitati solo da blu, da rossi o grigi l&#8217;npc si rifiuter\u00e0 di aiutarci. Esistono anche Healer rossi, questi ultimi vi resusciteranno a prescindere dal vostro colore ma in cambio vi chiederanno una ricompensa in denaro (che verr\u00e0 prelevato direttamente dalla banca).<\/div>\n<p><\/p>\n<div style=\"width: 90%; margin: auto; display: block;\">High Priest &#8211; <strong style=\"color: #4f1715;\">Uncurse:<\/strong> Serve per poter togliere un oggetto maledetto che si \u00e8 indossato accidentalmente. Selezionare l&#8217;oggetto maledetto e dare la somma di denaro richiesto dall&#8217;npc<br \/>\n<strong style=\"color: #4f1715;\">Purify:<\/strong> serve per purificare un oggetto maledetto.<br \/>\n<strong style=\"color: #4f1715;\">Detect Curse:<\/strong> serve per identificare un oggetto maledetto prima di essere indossato.<br \/>\n<strong style=\"color: #4f1715;\">Redeem<\/strong>: Attraverso questo comando verr\u00e0 chiesto di pagare un numero di gp per le kill presenti sul personaggio. A questo punto verranno eliminate tutte le kill presenti salvo 10 che dovranno essere smaltite nel tempo.<\/div>\n<p><\/p>\n<div style=\"width: 90%; margin: auto; display: block;\">Skills Master &#8211; Pronunciare una fra le seguenti parole: <strong style=\"color: #4f1715;\">skills master<\/strong> , <strong style=\"color: #4f1715;\">skill<\/strong>, <strong style=\"color: #4f1715;\">master<\/strong>, <strong style=\"color: #4f1715;\">increase<\/strong> per accedere al menu di selezione delle skills acquistabili con la EXP a disposizione del PG.<\/div>\n<p><\/p>\n<div style=\"width: 90%; margin: auto; display: block;\">Title Master &#8211; <strong style=\"color: #4f1715;\">Title: <\/strong>ci mette a disposizione una lista di titoli da poter assegnare al proprio pg in base alle sue abilit\u00e0.<\/div>\n<p><\/p>\n<div style=\"width: 90%; margin: auto; display: block;\">Traveler &#8211; <strong style=\"color: #4f1715;\">Travel<\/strong> o<strong style=\"color: #4f1715;\"> gate: <\/strong>si aprir\u00e0 un menu dove sar\u00e0 possibile scegliere la citt\u00e0 o il dungeon al quale il traveler pu\u00f2 condurci con un comodo gate. Assicurarsi di avere i soldi necessari addosso per poter pagare all&#8217;npc il viaggio.<\/div>\n<p><\/p>\n<div style=\"width: 90%; margin: auto; display: block;\">Fixer &#8211; <strong style=\"color: #4f1715;\">Fix<\/strong>: applica un fix gratuito al pg richiedente<\/p>\n<p><strong style=\"color: #4f1715;\">Help<\/strong>: apre un gump di scelta dove \u00e8 possibile, tramite un compenso economico, cambiare nome, razza, sesso.<\/div>\n<p><\/p>\n<div style=\"width: 90%; margin: auto; display: block;\">Auctioner &#8211; <a href=\"https:\/\/www.zhi.it\/portalnew\/auction-system\/\">Auction System Descrizione<\/a><\/div>\n<p><\/p>\n<div style=\"width: 90%; margin: auto; display: block;\">The Master Alchemist &#8211; <strong style=\"color: #4f1715;\">Buy<\/strong>: si accede all\u2019 elenco delle pozze in vendita.<\/div>\n<p><\/p>\n<div style=\"width: 90%; margin: auto; display: block;\">The Equipment Seller &#8211; <strong style=\"color: #4f1715;\">Buy<\/strong>: si accede all\u2019elenco di armature, scudi, archi, staffe ed armi in vendita di tipo Warrior, dedicato principalmente ai pg New.<\/div>\n<p><\/p>\n<div style=\"width: 90%; margin: auto; display: block;\">The Stockist &#8211; <strong style=\"color: #4f1715;\">Buy<\/strong>: si accede all\u2019elenco di stock in vendita per le diverse classi (Farmer, Warrior, Weaponsmith, Castanti) contenenti al loro interno item di equipaggiamento utili alla relativa classe comprata.<\/div>\n<p><\/p>\n<p>Come in molti avranno gi\u00e0 letto o notato \u00e8 stato da poco introdotto questo nuovo npc, lo Smuggler (contrabbandiere).<br \/>\nLo Smuggler si occupa di restituire un item magico alza skill di un certo livello in cambio di pi\u00f9 items alza skills di livello inferiore secondo una tabella di conversione e secondo certe regole. Oltre agli alza skills lo Smuggler scambia anche pentagrammi elementali.<br \/>\nPer effettuare lo scambio \u00e8 sufficiente dare il comando &#8220;Smuggle&#8221; e successivamente cliccare sulla sacca contenente gli items che si desidera scambiare.<\/p>\n<p>La tabella \u00e8 la seguente:<br \/>\n15 Expert -&gt; 1 Adept<br \/>\n20 Adept -&gt; 1 Master<br \/>\n10 Master -&gt; 1 Grandmaster<br \/>\n5 Grandmaster -&gt; 1 Grandmaster<br \/>\n5 pentagrammi elementali -&gt; 1 pentagramma<\/p>\n<p>Non sono escluse modifiche o aggiornamenti a tale tabella, in ogni caso per visualizzarla anche in game \u00e8 sufficiente dare il comando &#8220;Help&#8221; al npc.<\/p>\n<p>Dettagli per lo scambio<br \/>\nCome detto sopra per effettuare lo scambio bisogna dare il comando &#8220;Smuggle&#8221; al npc e poi targettare la sacca contenente gli items che si desiderano scambiare.<br \/>\nLe regole per lo scambio sono le seguenti:<br \/>\nGli items alza skills che si vogliono scambiare devono essere della stessa tipologia, vale a dire o &#8216;SpecialItems&#8217; (martelletto, picca, canna da pesca e accetta) o &#8216;StandardItems&#8217; (tutti gli altri items alza skills). Lo Smuggler in cambio di tot items di una tipologia dar\u00e0 un item della stessa tipologia.<br \/>\nEsempio: in cambio di una sacca contenente 3 picche, 1 martelletto e una canna da pesca master, lo Smuggler vi ritorner\u00e0 un item grandmaster dello stesso tipo.<br \/>\nIn cambio di tot items che alzano skills differenti lo Smuggler restituisce un item che alza una skill CASUALE di 1 livello superiore.<br \/>\nIn cambio di tot items che alzano tutti la stessa skill lo Smuggler restituisce un item che alza la medesima skill di 1 livello superiore.<br \/>\nEsempio: se gli date 8 adept druid, egli vi restituisce un master druid.<br \/>\nLo slot dell&#8217;item dato dallo Smuggler \u00e8 casuale.<br \/>\nIn cambio di due pentagrammi elementali lo Smuggler restituisce 1 pentagramma elementale a caso. Se siete sfortunati quindi potrebbe restituire anche uno dei due pentagrammi che gli avete appena passato.<br \/>\nLo scopo principale dello Smuggler \u00e8 quello di valorizzare items alza skills di ogni livello, garantendo un valore di mercato anche ad items di livello medio basso, potendo ottenere da tot items di basso livello un item di livello maggiore.<\/p>\n","protected":false},"excerpt":{"rendered":"<p>Ecco l&#8217;elenco completo di tutti i mercanti esistenti su Sosaria. Questi NPC rispondono inoltre a particolari comandi: Per farsi insegnare un abilit\u00e0 da un vendor bisogna dire &#8220;vendor train&#8220;. Ad esempio &#8220;vendor train cooking&#8221;, e consegnargli i soldi che chiede per eseguire l&#8217;azione Per comprare della merce: buy Per vendere un oggetto: sell Per vendere [&hellip;]<\/p>\n","protected":false},"author":2,"featured_media":990,"parent":503,"menu_order":0,"comment_status":"closed","ping_status":"closed","template":"","meta":{"inline_featured_image":false,"footnotes":""},"class_list":["post-527","page","type-page","status-publish","has-post-thumbnail","czr-hentry"],"yoast_head":"<!-- This site is optimized with the Yoast SEO plugin v27.5 - https:\/\/yoast.com\/product\/yoast-seo-wordpress\/ -->\n<title>Mercanti - Zulu Hotel Italia<\/title>\n<meta name=\"robots\" content=\"index, follow, max-snippet:-1, max-image-preview:large, max-video-preview:-1\" \/>\n<link rel=\"canonical\" href=\"https:\/\/www.zhi.it\/portalnew\/wikizhi\/ambientazione\/mercanti\/\" \/>\n<meta property=\"og:locale\" content=\"it_IT\" \/>\n<meta property=\"og:type\" content=\"article\" \/>\n<meta property=\"og:title\" content=\"Mercanti - Zulu Hotel Italia\" \/>\n<meta property=\"og:description\" content=\"Ecco l&#8217;elenco completo di tutti i mercanti esistenti su Sosaria. Questi NPC rispondono inoltre a particolari comandi: Per farsi insegnare un abilit\u00e0 da un vendor bisogna dire &#8220;vendor train&#8220;. Ad esempio &#8220;vendor train cooking&#8221;, e consegnargli i soldi che chiede per eseguire l&#8217;azione Per comprare della merce: buy Per vendere un oggetto: sell Per vendere [&hellip;]\" \/>\n<meta property=\"og:url\" content=\"https:\/\/www.zhi.it\/portalnew\/wikizhi\/ambientazione\/mercanti\/\" \/>\n<meta property=\"og:site_name\" content=\"Zulu Hotel Italia\" \/>\n<meta property=\"article:modified_time\" content=\"2024-09-25T12:49:42+00:00\" \/>\n<meta property=\"og:image\" content=\"https:\/\/www.zhi.it\/portalnew\/wp-content\/uploads\/site_image\/fail_img_evidenza.jpg\" \/>\n\t<meta property=\"og:image:width\" content=\"2292\" \/>\n\t<meta property=\"og:image:height\" content=\"2134\" \/>\n\t<meta property=\"og:image:type\" content=\"image\/jpeg\" \/>\n<meta name=\"twitter:card\" content=\"summary_large_image\" \/>\n<meta name=\"twitter:label1\" content=\"Tempo di lettura stimato\" \/>\n\t<meta name=\"twitter:data1\" content=\"7 minuti\" \/>\n<script type=\"application\/ld+json\" class=\"yoast-schema-graph\">{\"@context\":\"https:\\\/\\\/schema.org\",\"@graph\":[{\"@type\":\"WebPage\",\"@id\":\"https:\\\/\\\/www.zhi.it\\\/portalnew\\\/wikizhi\\\/ambientazione\\\/mercanti\\\/\",\"url\":\"https:\\\/\\\/www.zhi.it\\\/portalnew\\\/wikizhi\\\/ambientazione\\\/mercanti\\\/\",\"name\":\"Mercanti - Zulu Hotel Italia\",\"isPartOf\":{\"@id\":\"https:\\\/\\\/www.zhi.it\\\/portalnew\\\/#website\"},\"primaryImageOfPage\":{\"@id\":\"https:\\\/\\\/www.zhi.it\\\/portalnew\\\/wikizhi\\\/ambientazione\\\/mercanti\\\/#primaryimage\"},\"image\":{\"@id\":\"https:\\\/\\\/www.zhi.it\\\/portalnew\\\/wikizhi\\\/ambientazione\\\/mercanti\\\/#primaryimage\"},\"thumbnailUrl\":\"https:\\\/\\\/www.zhi.it\\\/portalnew\\\/wp-content\\\/uploads\\\/site_image\\\/fail_img_evidenza.jpg\",\"datePublished\":\"2016-03-27T17:10:07+00:00\",\"dateModified\":\"2024-09-25T12:49:42+00:00\",\"breadcrumb\":{\"@id\":\"https:\\\/\\\/www.zhi.it\\\/portalnew\\\/wikizhi\\\/ambientazione\\\/mercanti\\\/#breadcrumb\"},\"inLanguage\":\"it-IT\",\"potentialAction\":[{\"@type\":\"ReadAction\",\"target\":[\"https:\\\/\\\/www.zhi.it\\\/portalnew\\\/wikizhi\\\/ambientazione\\\/mercanti\\\/\"]}]},{\"@type\":\"ImageObject\",\"inLanguage\":\"it-IT\",\"@id\":\"https:\\\/\\\/www.zhi.it\\\/portalnew\\\/wikizhi\\\/ambientazione\\\/mercanti\\\/#primaryimage\",\"url\":\"https:\\\/\\\/www.zhi.it\\\/portalnew\\\/wp-content\\\/uploads\\\/site_image\\\/fail_img_evidenza.jpg\",\"contentUrl\":\"https:\\\/\\\/www.zhi.it\\\/portalnew\\\/wp-content\\\/uploads\\\/site_image\\\/fail_img_evidenza.jpg\",\"width\":2292,\"height\":2134},{\"@type\":\"BreadcrumbList\",\"@id\":\"https:\\\/\\\/www.zhi.it\\\/portalnew\\\/wikizhi\\\/ambientazione\\\/mercanti\\\/#breadcrumb\",\"itemListElement\":[{\"@type\":\"ListItem\",\"position\":1,\"name\":\"Home\",\"item\":\"https:\\\/\\\/www.zhi.it\\\/portalnew\\\/\"},{\"@type\":\"ListItem\",\"position\":2,\"name\":\"Zhi Wiki\",\"item\":\"https:\\\/\\\/www.zhi.it\\\/portalnew\\\/wikizhi\\\/\"},{\"@type\":\"ListItem\",\"position\":3,\"name\":\"Ambientazione\",\"item\":\"https:\\\/\\\/www.zhi.it\\\/portalnew\\\/wikizhi\\\/ambientazione\\\/\"},{\"@type\":\"ListItem\",\"position\":4,\"name\":\"Mercanti\"}]},{\"@type\":\"WebSite\",\"@id\":\"https:\\\/\\\/www.zhi.it\\\/portalnew\\\/#website\",\"url\":\"https:\\\/\\\/www.zhi.it\\\/portalnew\\\/\",\"name\":\"Zulu Hotel Italia\",\"description\":\"\",\"publisher\":{\"@id\":\"https:\\\/\\\/www.zhi.it\\\/portalnew\\\/#organization\"},\"potentialAction\":[{\"@type\":\"SearchAction\",\"target\":{\"@type\":\"EntryPoint\",\"urlTemplate\":\"https:\\\/\\\/www.zhi.it\\\/portalnew\\\/?s={search_term_string}\"},\"query-input\":{\"@type\":\"PropertyValueSpecification\",\"valueRequired\":true,\"valueName\":\"search_term_string\"}}],\"inLanguage\":\"it-IT\"},{\"@type\":\"Organization\",\"@id\":\"https:\\\/\\\/www.zhi.it\\\/portalnew\\\/#organization\",\"name\":\"Zulu Hotel Italia\",\"url\":\"https:\\\/\\\/www.zhi.it\\\/portalnew\\\/\",\"logo\":{\"@type\":\"ImageObject\",\"inLanguage\":\"it-IT\",\"@id\":\"https:\\\/\\\/www.zhi.it\\\/portalnew\\\/#\\\/schema\\\/logo\\\/image\\\/\",\"url\":\"https:\\\/\\\/www.zhi.it\\\/portalnew\\\/wp-content\\\/uploads\\\/2018\\\/09\\\/cropped-zhi-logo-colorato.png\",\"contentUrl\":\"https:\\\/\\\/www.zhi.it\\\/portalnew\\\/wp-content\\\/uploads\\\/2018\\\/09\\\/cropped-zhi-logo-colorato.png\",\"width\":325,\"height\":325,\"caption\":\"Zulu Hotel Italia\"},\"image\":{\"@id\":\"https:\\\/\\\/www.zhi.it\\\/portalnew\\\/#\\\/schema\\\/logo\\\/image\\\/\"}}]}<\/script>\n<!-- \/ Yoast SEO plugin. -->","yoast_head_json":{"title":"Mercanti - Zulu Hotel Italia","robots":{"index":"index","follow":"follow","max-snippet":"max-snippet:-1","max-image-preview":"max-image-preview:large","max-video-preview":"max-video-preview:-1"},"canonical":"https:\/\/www.zhi.it\/portalnew\/wikizhi\/ambientazione\/mercanti\/","og_locale":"it_IT","og_type":"article","og_title":"Mercanti - Zulu Hotel Italia","og_description":"Ecco l&#8217;elenco completo di tutti i mercanti esistenti su Sosaria. Questi NPC rispondono inoltre a particolari comandi: Per farsi insegnare un abilit\u00e0 da un vendor bisogna dire &#8220;vendor train&#8220;. Ad esempio &#8220;vendor train cooking&#8221;, e consegnargli i soldi che chiede per eseguire l&#8217;azione Per comprare della merce: buy Per vendere un oggetto: sell Per vendere [&hellip;]","og_url":"https:\/\/www.zhi.it\/portalnew\/wikizhi\/ambientazione\/mercanti\/","og_site_name":"Zulu Hotel Italia","article_modified_time":"2024-09-25T12:49:42+00:00","og_image":[{"width":2292,"height":2134,"url":"https:\/\/www.zhi.it\/portalnew\/wp-content\/uploads\/site_image\/fail_img_evidenza.jpg","type":"image\/jpeg"}],"twitter_card":"summary_large_image","twitter_misc":{"Tempo di lettura stimato":"7 minuti"},"schema":{"@context":"https:\/\/schema.org","@graph":[{"@type":"WebPage","@id":"https:\/\/www.zhi.it\/portalnew\/wikizhi\/ambientazione\/mercanti\/","url":"https:\/\/www.zhi.it\/portalnew\/wikizhi\/ambientazione\/mercanti\/","name":"Mercanti - Zulu Hotel Italia","isPartOf":{"@id":"https:\/\/www.zhi.it\/portalnew\/#website"},"primaryImageOfPage":{"@id":"https:\/\/www.zhi.it\/portalnew\/wikizhi\/ambientazione\/mercanti\/#primaryimage"},"image":{"@id":"https:\/\/www.zhi.it\/portalnew\/wikizhi\/ambientazione\/mercanti\/#primaryimage"},"thumbnailUrl":"https:\/\/www.zhi.it\/portalnew\/wp-content\/uploads\/site_image\/fail_img_evidenza.jpg","datePublished":"2016-03-27T17:10:07+00:00","dateModified":"2024-09-25T12:49:42+00:00","breadcrumb":{"@id":"https:\/\/www.zhi.it\/portalnew\/wikizhi\/ambientazione\/mercanti\/#breadcrumb"},"inLanguage":"it-IT","potentialAction":[{"@type":"ReadAction","target":["https:\/\/www.zhi.it\/portalnew\/wikizhi\/ambientazione\/mercanti\/"]}]},{"@type":"ImageObject","inLanguage":"it-IT","@id":"https:\/\/www.zhi.it\/portalnew\/wikizhi\/ambientazione\/mercanti\/#primaryimage","url":"https:\/\/www.zhi.it\/portalnew\/wp-content\/uploads\/site_image\/fail_img_evidenza.jpg","contentUrl":"https:\/\/www.zhi.it\/portalnew\/wp-content\/uploads\/site_image\/fail_img_evidenza.jpg","width":2292,"height":2134},{"@type":"BreadcrumbList","@id":"https:\/\/www.zhi.it\/portalnew\/wikizhi\/ambientazione\/mercanti\/#breadcrumb","itemListElement":[{"@type":"ListItem","position":1,"name":"Home","item":"https:\/\/www.zhi.it\/portalnew\/"},{"@type":"ListItem","position":2,"name":"Zhi Wiki","item":"https:\/\/www.zhi.it\/portalnew\/wikizhi\/"},{"@type":"ListItem","position":3,"name":"Ambientazione","item":"https:\/\/www.zhi.it\/portalnew\/wikizhi\/ambientazione\/"},{"@type":"ListItem","position":4,"name":"Mercanti"}]},{"@type":"WebSite","@id":"https:\/\/www.zhi.it\/portalnew\/#website","url":"https:\/\/www.zhi.it\/portalnew\/","name":"Zulu Hotel Italia","description":"","publisher":{"@id":"https:\/\/www.zhi.it\/portalnew\/#organization"},"potentialAction":[{"@type":"SearchAction","target":{"@type":"EntryPoint","urlTemplate":"https:\/\/www.zhi.it\/portalnew\/?s={search_term_string}"},"query-input":{"@type":"PropertyValueSpecification","valueRequired":true,"valueName":"search_term_string"}}],"inLanguage":"it-IT"},{"@type":"Organization","@id":"https:\/\/www.zhi.it\/portalnew\/#organization","name":"Zulu Hotel Italia","url":"https:\/\/www.zhi.it\/portalnew\/","logo":{"@type":"ImageObject","inLanguage":"it-IT","@id":"https:\/\/www.zhi.it\/portalnew\/#\/schema\/logo\/image\/","url":"https:\/\/www.zhi.it\/portalnew\/wp-content\/uploads\/2018\/09\/cropped-zhi-logo-colorato.png","contentUrl":"https:\/\/www.zhi.it\/portalnew\/wp-content\/uploads\/2018\/09\/cropped-zhi-logo-colorato.png","width":325,"height":325,"caption":"Zulu Hotel Italia"},"image":{"@id":"https:\/\/www.zhi.it\/portalnew\/#\/schema\/logo\/image\/"}}]}},"_links":{"self":[{"href":"https:\/\/www.zhi.it\/portalnew\/wp-json\/wp\/v2\/pages\/527","targetHints":{"allow":["GET"]}}],"collection":[{"href":"https:\/\/www.zhi.it\/portalnew\/wp-json\/wp\/v2\/pages"}],"about":[{"href":"https:\/\/www.zhi.it\/portalnew\/wp-json\/wp\/v2\/types\/page"}],"author":[{"embeddable":true,"href":"https:\/\/www.zhi.it\/portalnew\/wp-json\/wp\/v2\/users\/2"}],"replies":[{"embeddable":true,"href":"https:\/\/www.zhi.it\/portalnew\/wp-json\/wp\/v2\/comments?post=527"}],"version-history":[{"count":8,"href":"https:\/\/www.zhi.it\/portalnew\/wp-json\/wp\/v2\/pages\/527\/revisions"}],"predecessor-version":[{"id":7848,"href":"https:\/\/www.zhi.it\/portalnew\/wp-json\/wp\/v2\/pages\/527\/revisions\/7848"}],"up":[{"embeddable":true,"href":"https:\/\/www.zhi.it\/portalnew\/wp-json\/wp\/v2\/pages\/503"}],"wp:featuredmedia":[{"embeddable":true,"href":"https:\/\/www.zhi.it\/portalnew\/wp-json\/wp\/v2\/media\/990"}],"wp:attachment":[{"href":"https:\/\/www.zhi.it\/portalnew\/wp-json\/wp\/v2\/media?parent=527"}],"curies":[{"name":"wp","href":"https:\/\/api.w.org\/{rel}","templated":true}]}}