{"id":5303,"date":"2018-09-30T13:37:28","date_gmt":"2018-09-30T13:37:28","guid":{"rendered":"https:\/\/www.zhi.it\/portalnew\/?page_id=5303"},"modified":"2018-09-30T13:37:28","modified_gmt":"2018-09-30T13:37:28","slug":"virtu-e-anti-virtu","status":"publish","type":"page","link":"https:\/\/www.zhi.it\/portalnew\/wikizhi\/ambientazione\/karma-e-fama\/virtu-e-anti-virtu\/","title":{"rendered":"Virt\u00f9 e Anti-virt\u00f9"},"content":{"rendered":"<p>Negli anni vi sono stati numerosi cambiamenti.<br \/>\nUn tempo esistevano delle FAZIONI, chaos e order, a cui erano associate delle virt\u00f9. Quest&#8217;ultime ora sono presenti nel mondo di sosaria come Shrine e luoghi di culto, ma ancora oggi vengono seguite da alcuni fedelissimi.<\/p>\n<p>Per una maggiore comprensione:<br \/>\n<i><b>Dagli Scritti di Melbeth il Veggente&#8230;<\/b><\/p>\n<p>Molto tempo fa due giovani guerrieri, invitti e famosi per coraggio ed altruismo, amici fin dall&#8217;infanzia, decisero di andare a caccia insieme. Costoro erano British e Blackthorne, Lord per gli eserciti della terra che si conosce con il nome di Britannia. Durante il terzo giorno di caccia essi videro un cervo bianco, e lo inseguirono, distanziando la loro scorta. L&#8217;inseguimento dur\u00f2 tutta la giornata e alla fine i giovani persero di vista la preda, e stanchi si sedettero a riposare sotto un albero.<br \/>\nSi addormentarono ed in sogno giunsero in una sala splendidamente arredata, sospesa fra le stelle. In quella sala videro una donna che in seguito seppero definire solo come \u201cirrealmente bella\u201d. La donna, la Dea, Zoe, parl\u00f2 loro, pronunciando otto frasi cos\u00ec profonde che si incisero nei cuori dei due giovani. Purtroppo erano parole di una Dea, troppo profonde ed intense per la mente dei mortali, che non riuscirono, al loro risveglio, a ripeterle o ad esprimere correttamente i concetti che erano in ognuna delle frasi della Dea. Ed ognuno dei due era convinto di avere ragione, e l&#8217;aveva, e che l&#8217;altro avesse torto, e l&#8217;aveva. Litigarono, dando vita ad una lunga guerra che divise l&#8217;esercito, ed ognuno edific\u00f2 otto altari dedicati al significato delle frasi della Dea, otto altari dedicati ad otto Virt\u00f9 che divennero il credo delle due fazioni.<br \/>\nDi questo evento alcuni parlano definendolo l&#8217;errore di Zoe, ma sbagliano, perch\u00e9 ai mortali non \u00e8 dato poter interpretare il pensiero degli Dei, e poich\u00e9 non \u00e8 dato neppure a me che dalla Dea fui molto amato e molti doni mi diede, non cercher\u00f2 di spiegare l&#8217;evento.<\/i><\/p>\n<p>VIRTU&#8217; DEL CHAOS<\/p>\n<p>RISPETTO<br \/>\nRispetto, che racchiude in s\u00e8 il vero impulso che spinge gli uomini a comportarsi con Onest\u00e0 gli uni verso gli altri. <\/p>\n<p>TOLLERANZA<br \/>\nTolleranza, che al contrario della Compassione non rende l&#8217;avversario ridicolo ai nostri occhi, anzi ci spinge a cercare in esso la vera ragione della nostra contrapposizione <\/p>\n<p>PENSIERO<br \/>\nPensiero, in contrapposizione di Spiritualit\u00e0, perch\u00e8 le genti dovevano cominciare a risvegliare in loro l&#8217;occhio critico che avrebbe smascherato le ingiustizie della monarchia. <\/p>\n<p>GLORIA<br \/>\nGloria, invece di Onore, perch\u00e8 \u00e8 giusto che vengano riconosciuti ad ognuno i meriti che si hanno e l&#8217;Onore serve solo a celare dietro un velo di pudore la necessit\u00e0 che l&#8217;uomo ha di sentirsi importante per la comunit\u00e0 in cui vive. <\/p>\n<p>ORGOGLIO<br \/>\nOrgoglio, perch\u00e8 l&#8217;Umilt\u00e0 a volte ci obbliga ad abbassare il capo anche quando siamo nel giusto e ci\u00f2 comporta l&#8217;arrendersi di fronte alle difficolt\u00e0 che si incontrano sul cammino per raggiungere i nostri obiettivi. <\/p>\n<p>DISCIPLINA<br \/>\nDisciplina, per insegnare anche agli animi pi\u00f9 indomiti che esiste un modo di confrontarsi con altre genti ambendo a trovare la Verit\u00e0. Tutti noi abbiamo purtroppo sperimentato che la Giustizia \u00e8 un&#8217;utopia. <\/p>\n<p>DEDIZIONE<br \/>\nDedizione e non Sacrificio&#8230; non \u00e8 necessario sacrificarsi per qualcosa se si segue con dedizione e passione qualcosa in cui si crede. <\/p>\n<p>EROISMO<br \/>\nEroismo, che lega tutti noi all&#8217;ambizione di ottenere ci\u00f2 che \u00e8 giusto e ci\u00f2 che ci spetta mentre il Valore tende sempre pi\u00f9 a scomparire dalla natura degli uomini.<\/p>\n<p>VIRTU&#8217; ORDER<\/p>\n<p>ONESTA&#8217;<br \/>\nL&#8217;Onest\u00e0 e la Virt\u00f9 pi\u00f9 forte nel mondo creato da ZoE; essa deriva direttamente dalla Verit\u00e0 rappresenta proprio il rispetto scrupoloso verso di Essa. Sinonimi di Onest\u00e0 sono Sincerit\u00e0 ed Integrit\u00e0 e la persona che intende seguire tale Virt\u00f9 deve dare prova ogni giorno di essere degno del titolo di Order o Chaos. E&#8217; scritto:<br \/>\n\u201cSforzati di attrarre nuovi seguaci alla nostra Causa tramite la tua Sincerit\u00e0. Costruisci la tua Integrit\u00e0 ogni momento, in ogni discorso, in ogni situazione, ma ricorda\u2026ci sono altre sette virt\u00f9 da seguire, non \u00e8 tanto importante cosa dici, ma a chi lo dici e come\u201d.<br \/>\nCos\u00ec come Onest\u00e0 \u00e8 la pi\u00f9 importante tra le Virt\u00f9 Minori, cos\u00ec il suo opposto, Corruzione (Deceit), risulta essere la pi\u00f9 potente delle Anti-Virt\u00f9. <\/p>\n<p>COMPASSIONE<br \/>\nLa Compassione deriva dall&#8217;Amore ed \u00e8 fondamentalmente caratterizzata da una profonda consapevolezza della sofferenza umana unita ad un forte desiderio di alleviare tale sofferenza. E&#8217; scritto:<br \/>\n\u201cSii sempre consapevole della sofferenza, non solo dei tuoi compagni ma anche di tutti quelli che incontri lungo il tuo cammino.<br \/>\nTutti noi moriamo e tutti noi perdiamo oggetti ai quali siamo affezionati, ma nonostante ci\u00f2 ricorda che il Bene vince sempre sul Male. Credere sempre in questo principio ti porter\u00e0 ad essere pi\u00f9 forte e ad usare la tua forza per aiutare gli altri.\u201d<br \/>\nL&#8217;Anti-Virt\u00f9 corrispondente \u00e8 Vendetta (Despise). <\/p>\n<p>SPIRITUALITA&#8217;<br \/>\nLa Spiritualit\u00e0 nasce dall&#8217;azione di tutti e Tre i Principi Primi, Amore, Verit\u00e0 e Coraggio, e rappresenta la natura dello Spirito; \u00e8 scritto:<br \/>\n\u201c\u2026non sono in gioco potere, case, armi o ricchezza,ma l&#8217;attitudine a vivere secondo le esigenze dello spirito, a prescindere dalle strutture organizzative e culturali. Ci\u00f2 non significa che non siano nobili intenti, mantieni a mente che non sono le priorit\u00e0\u201d.<br \/>\nL&#8217;Anti-Virt\u00f9 corrispondente \u00e0 la Blasfemia (Hythloth). <\/p>\n<p>ONORE<br \/>\nOnore\u2026 il coraggio di lottare per la Verit\u00e0, contro tutto e contro tutti; sinonimi di Onore, che discende da Verit\u00e0 e Coraggio, sono Nobilt\u00e0 d&#8217;animo e Buon Nome o Reputazione. E&#8217; scritto:<br \/>\n\u201cMostra rispetto verso i tuoi superiori e i tuoi compagni. Conducili con integrit\u00e0. Quando alcuni di essi falliscono nel comportarsi secondo i dettami di questa Virt\u00f9, l&#8217;integrit\u00e0 dell&#8217;intera gilda \u00e8 in pericolo\u201d.<br \/>\nL&#8217;Anti-Virt\u00f9 dell&#8217;Onore \u00e8 la Vergogna (Shame). <\/p>\n<p>UMILTA&#8217;<br \/>\nUmilt\u00e0 significa comprendere con perfezione il proprio ruolo all&#8217;interno del Mondo, e ci\u00f2 avviene non seguendo i propri desideri o utilizzando le proprie doti, ma considerando l&#8217;intrinseco valore di tutti gli individui. E&#8217; l&#8217;unica virt\u00f9 che non deriva da nessuno dei Tre Principi Primi. Fu scritto:<br \/>\n\u201cL&#8217;Umilt\u00e0 \u00e8 la Virt\u00f9 che tutti predicano, nessuno pratica e tutti voglio sentir praticata. Il Maestro pensa sia una buona dottrina per l&#8217;allievo, il laico per l&#8217;ecclesiastico e l&#8217;ecclesiastico per il laico\u201d.<br \/>\nL&#8217;Orgoglio (Pride) \u00e8 l&#8217;Anti-Virt\u00f9 dell&#8217;Umilt\u00e0. <\/p>\n<p>GIUSTIZIA<br \/>\nNata dall&#8217;azione congiunta di Verit\u00e0 e Amore, a Giustizia \u00e8 proprio la devozione assoluta alla Verit\u00e0, temprata dall&#8217;Amore. Rappresenta il principio della giustezza morale, l&#8217;equit\u00e0, il sostegno di ci\u00f2 che \u00e8 giusto. E&#8217; scritto:<br \/>\n\u201cUna persona sola non \u00e8 mai in grado di fare Giustizia. Persino i Re si consultano con altri per agire secondo i massimi criteri di Equit\u00e0. Se dovessi avere un contrasto con qualcuno, portalo alla luce e fallo giudicare da molti. Divisi perdiamo. Uniti vinciamo\u201d.<br \/>\nL&#8217;Anti-Virt\u00f9 \u00e8 L&#8217;Illegalit\u00e0 (Wrong). <\/p>\n<p>SACRIFICIO<br \/>\nSacrificio nasce per volont\u00e0 di Amore e Coraggio, ed infatti Sacrificio significa avere il Coraggio di donare se stessi per Amore, significa perdere qualcosa di valore reale, in cambio di qualcosa di pi\u00f9 grande, ma spesso non tangibile. E&#8217; scritto:<br \/>\n\u201cTutti per uno e uno per tutti. Devi capire che non tutte le cose vanno per il verso che noi desideriamo, ma consolati con questo principio: Ogni esperienza forgia il tuo carattere, ogni crescita fisica di te stesso \u00e8 accompagnata da una crescita morale in te stesso. In verit\u00e0 ogni Sacrificio porta a tale crescita\u201d.<br \/>\nL&#8217;Anti-Virt\u00f9 \u00e8 l&#8217;Avidit\u00e0 (Covetous). <\/p>\n<p>VALORE<br \/>\nDal Coraggio discende direttamente il Valore, ed il Valore \u00e8 il coraggio di intraprendere azioni a supporto delle proprie convinzioni. Fu scritto:<br \/>\n&#8220;Quando i pilastri del cielo tremeranno e il Nemico sar\u00e0 di nuovo alle porte, porta con te il tuo migliore equipaggiamento, le tue migliori armi e fa ci\u00f2 che il vecchio Milar Barast fece;. Si! Guarda dritto negli occhi il Maligno e d\u00ec: \u201cColpiscimi! Colpiscimi con il tuo colpo pi\u00f9 forte! Lo respinger\u00f2!\u201d.<br \/>\nCodardia (Destard) invece \u00e8 la sua Anti-Virt\u00f9.<\/p>\n","protected":false},"excerpt":{"rendered":"<p>Negli anni vi sono stati numerosi cambiamenti. Un tempo esistevano delle FAZIONI, chaos e order, a cui erano associate delle virt\u00f9. Quest&#8217;ultime ora sono presenti nel mondo di sosaria come Shrine e luoghi di culto, ma ancora oggi vengono seguite da alcuni fedelissimi. Per una maggiore comprensione: Dagli Scritti di Melbeth il Veggente&#8230; Molto tempo [&hellip;]<\/p>\n","protected":false},"author":2,"featured_media":5174,"parent":521,"menu_order":0,"comment_status":"closed","ping_status":"closed","template":"","meta":{"inline_featured_image":false,"footnotes":""},"class_list":["post-5303","page","type-page","status-publish","has-post-thumbnail","czr-hentry"],"yoast_head":"<!-- This site is optimized with the Yoast SEO plugin v27.4 - https:\/\/yoast.com\/product\/yoast-seo-wordpress\/ -->\n<title>Virt\u00f9 e Anti-virt\u00f9 - Zulu Hotel Italia<\/title>\n<meta name=\"robots\" content=\"index, follow, max-snippet:-1, max-image-preview:large, max-video-preview:-1\" \/>\n<link rel=\"canonical\" href=\"https:\/\/www.zhi.it\/portalnew\/wikizhi\/ambientazione\/karma-e-fama\/virtu-e-anti-virtu\/\" \/>\n<meta property=\"og:locale\" content=\"it_IT\" \/>\n<meta property=\"og:type\" content=\"article\" \/>\n<meta property=\"og:title\" content=\"Virt\u00f9 e Anti-virt\u00f9 - Zulu Hotel Italia\" \/>\n<meta property=\"og:description\" content=\"Negli anni vi sono stati numerosi cambiamenti. Un tempo esistevano delle FAZIONI, chaos e order, a cui erano associate delle virt\u00f9. Quest&#8217;ultime ora sono presenti nel mondo di sosaria come Shrine e luoghi di culto, ma ancora oggi vengono seguite da alcuni fedelissimi. Per una maggiore comprensione: Dagli Scritti di Melbeth il Veggente&#8230; Molto tempo [&hellip;]\" \/>\n<meta property=\"og:url\" content=\"https:\/\/www.zhi.it\/portalnew\/wikizhi\/ambientazione\/karma-e-fama\/virtu-e-anti-virtu\/\" \/>\n<meta property=\"og:site_name\" content=\"Zulu Hotel Italia\" \/>\n<meta property=\"og:image\" content=\"https:\/\/www.zhi.it\/portalnew\/wp-content\/uploads\/2016\/04\/SplashZHI.png\" \/>\n\t<meta property=\"og:image:width\" content=\"820\" \/>\n\t<meta property=\"og:image:height\" content=\"312\" \/>\n\t<meta property=\"og:image:type\" content=\"image\/png\" \/>\n<meta name=\"twitter:card\" content=\"summary_large_image\" \/>\n<meta name=\"twitter:label1\" content=\"Tempo di lettura stimato\" \/>\n\t<meta name=\"twitter:data1\" content=\"6 minuti\" \/>\n<script type=\"application\/ld+json\" class=\"yoast-schema-graph\">{\"@context\":\"https:\\\/\\\/schema.org\",\"@graph\":[{\"@type\":\"WebPage\",\"@id\":\"https:\\\/\\\/www.zhi.it\\\/portalnew\\\/wikizhi\\\/ambientazione\\\/karma-e-fama\\\/virtu-e-anti-virtu\\\/\",\"url\":\"https:\\\/\\\/www.zhi.it\\\/portalnew\\\/wikizhi\\\/ambientazione\\\/karma-e-fama\\\/virtu-e-anti-virtu\\\/\",\"name\":\"Virt\u00f9 e Anti-virt\u00f9 - Zulu Hotel Italia\",\"isPartOf\":{\"@id\":\"https:\\\/\\\/www.zhi.it\\\/portalnew\\\/#website\"},\"primaryImageOfPage\":{\"@id\":\"https:\\\/\\\/www.zhi.it\\\/portalnew\\\/wikizhi\\\/ambientazione\\\/karma-e-fama\\\/virtu-e-anti-virtu\\\/#primaryimage\"},\"image\":{\"@id\":\"https:\\\/\\\/www.zhi.it\\\/portalnew\\\/wikizhi\\\/ambientazione\\\/karma-e-fama\\\/virtu-e-anti-virtu\\\/#primaryimage\"},\"thumbnailUrl\":\"https:\\\/\\\/www.zhi.it\\\/portalnew\\\/wp-content\\\/uploads\\\/2016\\\/04\\\/SplashZHI.png\",\"datePublished\":\"2018-09-30T13:37:28+00:00\",\"breadcrumb\":{\"@id\":\"https:\\\/\\\/www.zhi.it\\\/portalnew\\\/wikizhi\\\/ambientazione\\\/karma-e-fama\\\/virtu-e-anti-virtu\\\/#breadcrumb\"},\"inLanguage\":\"it-IT\",\"potentialAction\":[{\"@type\":\"ReadAction\",\"target\":[\"https:\\\/\\\/www.zhi.it\\\/portalnew\\\/wikizhi\\\/ambientazione\\\/karma-e-fama\\\/virtu-e-anti-virtu\\\/\"]}]},{\"@type\":\"ImageObject\",\"inLanguage\":\"it-IT\",\"@id\":\"https:\\\/\\\/www.zhi.it\\\/portalnew\\\/wikizhi\\\/ambientazione\\\/karma-e-fama\\\/virtu-e-anti-virtu\\\/#primaryimage\",\"url\":\"https:\\\/\\\/www.zhi.it\\\/portalnew\\\/wp-content\\\/uploads\\\/2016\\\/04\\\/SplashZHI.png\",\"contentUrl\":\"https:\\\/\\\/www.zhi.it\\\/portalnew\\\/wp-content\\\/uploads\\\/2016\\\/04\\\/SplashZHI.png\",\"width\":820,\"height\":312},{\"@type\":\"BreadcrumbList\",\"@id\":\"https:\\\/\\\/www.zhi.it\\\/portalnew\\\/wikizhi\\\/ambientazione\\\/karma-e-fama\\\/virtu-e-anti-virtu\\\/#breadcrumb\",\"itemListElement\":[{\"@type\":\"ListItem\",\"position\":1,\"name\":\"Home\",\"item\":\"https:\\\/\\\/www.zhi.it\\\/portalnew\\\/\"},{\"@type\":\"ListItem\",\"position\":2,\"name\":\"Zhi Wiki\",\"item\":\"https:\\\/\\\/www.zhi.it\\\/portalnew\\\/wikizhi\\\/\"},{\"@type\":\"ListItem\",\"position\":3,\"name\":\"Ambientazione\",\"item\":\"https:\\\/\\\/www.zhi.it\\\/portalnew\\\/wikizhi\\\/ambientazione\\\/\"},{\"@type\":\"ListItem\",\"position\":4,\"name\":\"Karma e Fama\",\"item\":\"https:\\\/\\\/www.zhi.it\\\/portalnew\\\/wikizhi\\\/ambientazione\\\/karma-e-fama\\\/\"},{\"@type\":\"ListItem\",\"position\":5,\"name\":\"Virt\u00f9 e Anti-virt\u00f9\"}]},{\"@type\":\"WebSite\",\"@id\":\"https:\\\/\\\/www.zhi.it\\\/portalnew\\\/#website\",\"url\":\"https:\\\/\\\/www.zhi.it\\\/portalnew\\\/\",\"name\":\"Zulu Hotel Italia\",\"description\":\"\",\"publisher\":{\"@id\":\"https:\\\/\\\/www.zhi.it\\\/portalnew\\\/#organization\"},\"potentialAction\":[{\"@type\":\"SearchAction\",\"target\":{\"@type\":\"EntryPoint\",\"urlTemplate\":\"https:\\\/\\\/www.zhi.it\\\/portalnew\\\/?s={search_term_string}\"},\"query-input\":{\"@type\":\"PropertyValueSpecification\",\"valueRequired\":true,\"valueName\":\"search_term_string\"}}],\"inLanguage\":\"it-IT\"},{\"@type\":\"Organization\",\"@id\":\"https:\\\/\\\/www.zhi.it\\\/portalnew\\\/#organization\",\"name\":\"Zulu Hotel Italia\",\"url\":\"https:\\\/\\\/www.zhi.it\\\/portalnew\\\/\",\"logo\":{\"@type\":\"ImageObject\",\"inLanguage\":\"it-IT\",\"@id\":\"https:\\\/\\\/www.zhi.it\\\/portalnew\\\/#\\\/schema\\\/logo\\\/image\\\/\",\"url\":\"https:\\\/\\\/www.zhi.it\\\/portalnew\\\/wp-content\\\/uploads\\\/2018\\\/09\\\/cropped-zhi-logo-colorato.png\",\"contentUrl\":\"https:\\\/\\\/www.zhi.it\\\/portalnew\\\/wp-content\\\/uploads\\\/2018\\\/09\\\/cropped-zhi-logo-colorato.png\",\"width\":325,\"height\":325,\"caption\":\"Zulu Hotel Italia\"},\"image\":{\"@id\":\"https:\\\/\\\/www.zhi.it\\\/portalnew\\\/#\\\/schema\\\/logo\\\/image\\\/\"}}]}<\/script>\n<!-- \/ Yoast SEO plugin. -->","yoast_head_json":{"title":"Virt\u00f9 e Anti-virt\u00f9 - Zulu Hotel Italia","robots":{"index":"index","follow":"follow","max-snippet":"max-snippet:-1","max-image-preview":"max-image-preview:large","max-video-preview":"max-video-preview:-1"},"canonical":"https:\/\/www.zhi.it\/portalnew\/wikizhi\/ambientazione\/karma-e-fama\/virtu-e-anti-virtu\/","og_locale":"it_IT","og_type":"article","og_title":"Virt\u00f9 e Anti-virt\u00f9 - Zulu Hotel Italia","og_description":"Negli anni vi sono stati numerosi cambiamenti. Un tempo esistevano delle FAZIONI, chaos e order, a cui erano associate delle virt\u00f9. Quest&#8217;ultime ora sono presenti nel mondo di sosaria come Shrine e luoghi di culto, ma ancora oggi vengono seguite da alcuni fedelissimi. Per una maggiore comprensione: Dagli Scritti di Melbeth il Veggente&#8230; Molto tempo [&hellip;]","og_url":"https:\/\/www.zhi.it\/portalnew\/wikizhi\/ambientazione\/karma-e-fama\/virtu-e-anti-virtu\/","og_site_name":"Zulu Hotel Italia","og_image":[{"width":820,"height":312,"url":"https:\/\/www.zhi.it\/portalnew\/wp-content\/uploads\/2016\/04\/SplashZHI.png","type":"image\/png"}],"twitter_card":"summary_large_image","twitter_misc":{"Tempo di lettura stimato":"6 minuti"},"schema":{"@context":"https:\/\/schema.org","@graph":[{"@type":"WebPage","@id":"https:\/\/www.zhi.it\/portalnew\/wikizhi\/ambientazione\/karma-e-fama\/virtu-e-anti-virtu\/","url":"https:\/\/www.zhi.it\/portalnew\/wikizhi\/ambientazione\/karma-e-fama\/virtu-e-anti-virtu\/","name":"Virt\u00f9 e Anti-virt\u00f9 - Zulu Hotel Italia","isPartOf":{"@id":"https:\/\/www.zhi.it\/portalnew\/#website"},"primaryImageOfPage":{"@id":"https:\/\/www.zhi.it\/portalnew\/wikizhi\/ambientazione\/karma-e-fama\/virtu-e-anti-virtu\/#primaryimage"},"image":{"@id":"https:\/\/www.zhi.it\/portalnew\/wikizhi\/ambientazione\/karma-e-fama\/virtu-e-anti-virtu\/#primaryimage"},"thumbnailUrl":"https:\/\/www.zhi.it\/portalnew\/wp-content\/uploads\/2016\/04\/SplashZHI.png","datePublished":"2018-09-30T13:37:28+00:00","breadcrumb":{"@id":"https:\/\/www.zhi.it\/portalnew\/wikizhi\/ambientazione\/karma-e-fama\/virtu-e-anti-virtu\/#breadcrumb"},"inLanguage":"it-IT","potentialAction":[{"@type":"ReadAction","target":["https:\/\/www.zhi.it\/portalnew\/wikizhi\/ambientazione\/karma-e-fama\/virtu-e-anti-virtu\/"]}]},{"@type":"ImageObject","inLanguage":"it-IT","@id":"https:\/\/www.zhi.it\/portalnew\/wikizhi\/ambientazione\/karma-e-fama\/virtu-e-anti-virtu\/#primaryimage","url":"https:\/\/www.zhi.it\/portalnew\/wp-content\/uploads\/2016\/04\/SplashZHI.png","contentUrl":"https:\/\/www.zhi.it\/portalnew\/wp-content\/uploads\/2016\/04\/SplashZHI.png","width":820,"height":312},{"@type":"BreadcrumbList","@id":"https:\/\/www.zhi.it\/portalnew\/wikizhi\/ambientazione\/karma-e-fama\/virtu-e-anti-virtu\/#breadcrumb","itemListElement":[{"@type":"ListItem","position":1,"name":"Home","item":"https:\/\/www.zhi.it\/portalnew\/"},{"@type":"ListItem","position":2,"name":"Zhi Wiki","item":"https:\/\/www.zhi.it\/portalnew\/wikizhi\/"},{"@type":"ListItem","position":3,"name":"Ambientazione","item":"https:\/\/www.zhi.it\/portalnew\/wikizhi\/ambientazione\/"},{"@type":"ListItem","position":4,"name":"Karma e Fama","item":"https:\/\/www.zhi.it\/portalnew\/wikizhi\/ambientazione\/karma-e-fama\/"},{"@type":"ListItem","position":5,"name":"Virt\u00f9 e Anti-virt\u00f9"}]},{"@type":"WebSite","@id":"https:\/\/www.zhi.it\/portalnew\/#website","url":"https:\/\/www.zhi.it\/portalnew\/","name":"Zulu Hotel Italia","description":"","publisher":{"@id":"https:\/\/www.zhi.it\/portalnew\/#organization"},"potentialAction":[{"@type":"SearchAction","target":{"@type":"EntryPoint","urlTemplate":"https:\/\/www.zhi.it\/portalnew\/?s={search_term_string}"},"query-input":{"@type":"PropertyValueSpecification","valueRequired":true,"valueName":"search_term_string"}}],"inLanguage":"it-IT"},{"@type":"Organization","@id":"https:\/\/www.zhi.it\/portalnew\/#organization","name":"Zulu Hotel Italia","url":"https:\/\/www.zhi.it\/portalnew\/","logo":{"@type":"ImageObject","inLanguage":"it-IT","@id":"https:\/\/www.zhi.it\/portalnew\/#\/schema\/logo\/image\/","url":"https:\/\/www.zhi.it\/portalnew\/wp-content\/uploads\/2018\/09\/cropped-zhi-logo-colorato.png","contentUrl":"https:\/\/www.zhi.it\/portalnew\/wp-content\/uploads\/2018\/09\/cropped-zhi-logo-colorato.png","width":325,"height":325,"caption":"Zulu Hotel Italia"},"image":{"@id":"https:\/\/www.zhi.it\/portalnew\/#\/schema\/logo\/image\/"}}]}},"_links":{"self":[{"href":"https:\/\/www.zhi.it\/portalnew\/wp-json\/wp\/v2\/pages\/5303","targetHints":{"allow":["GET"]}}],"collection":[{"href":"https:\/\/www.zhi.it\/portalnew\/wp-json\/wp\/v2\/pages"}],"about":[{"href":"https:\/\/www.zhi.it\/portalnew\/wp-json\/wp\/v2\/types\/page"}],"author":[{"embeddable":true,"href":"https:\/\/www.zhi.it\/portalnew\/wp-json\/wp\/v2\/users\/2"}],"replies":[{"embeddable":true,"href":"https:\/\/www.zhi.it\/portalnew\/wp-json\/wp\/v2\/comments?post=5303"}],"version-history":[{"count":1,"href":"https:\/\/www.zhi.it\/portalnew\/wp-json\/wp\/v2\/pages\/5303\/revisions"}],"predecessor-version":[{"id":5305,"href":"https:\/\/www.zhi.it\/portalnew\/wp-json\/wp\/v2\/pages\/5303\/revisions\/5305"}],"up":[{"embeddable":true,"href":"https:\/\/www.zhi.it\/portalnew\/wp-json\/wp\/v2\/pages\/521"}],"wp:featuredmedia":[{"embeddable":true,"href":"https:\/\/www.zhi.it\/portalnew\/wp-json\/wp\/v2\/media\/5174"}],"wp:attachment":[{"href":"https:\/\/www.zhi.it\/portalnew\/wp-json\/wp\/v2\/media?parent=5303"}],"curies":[{"name":"wp","href":"https:\/\/api.w.org\/{rel}","templated":true}]}}