{"id":5307,"date":"2018-09-30T13:45:51","date_gmt":"2018-09-30T13:45:51","guid":{"rendered":"https:\/\/www.zhi.it\/portalnew\/?page_id=5307"},"modified":"2018-09-30T13:45:51","modified_gmt":"2018-09-30T13:45:51","slug":"principi-e-controprincipi","status":"publish","type":"page","link":"https:\/\/www.zhi.it\/portalnew\/wikizhi\/ambientazione\/karma-e-fama\/virtu-e-anti-virtu\/principi-e-controprincipi\/","title":{"rendered":"Principi e Controprincipi"},"content":{"rendered":"<p style=\"text-align: center;\"><strong>Principi primi<\/strong><\/p>\n<p style=\"text-align: left;\">Nella sua infinit\u00e0 bont\u00e0, la Grande Madre Zoe ci insegna che tutto il mondo a noi noto, ma anche il sottomondo, si reggono su tre grandi Principi, figli della Vita da lei concessa come dono alle creature. Il sottomondo si regge invece sull&#8217;opposto di detti principi.<br \/>\nLa vita, regalo di Zoe si regge attraverso le tre leggi dell&#8217;Amore, della Verit\u00e0, e del Coraggio: questi sono i cosiddetti tre Principi Primi, da cui poi discendono anche le sedici virt\u00f9 onorate da Order e Chaos.<br \/>\nIl Consiglio di Zoe ha ritenuto di istituire quindi, a tutela ed osservanza dei Tre Principi, tre cariche che verranno assegnate ai cavalieri di Zoe che pi\u00f9 dimostreranno attitudine al mantenimento di esse.<br \/>\nNasceranno quindi i tre Guardiani:<br \/>\nLove Guardian, Guardiano dell&#8217;Amore<br \/>\nTruth Guardian, Guardiano della Verit\u00e0<br \/>\nCourage Guardian, Guardiano del Coraggio<br \/>\nLe Cariche saranno assegnate su decisione irrevocabile del Consiglio, resa successivamente pubblica ai gildati: non sar\u00e0 possibile presentare candidature spontanee, perch\u00e8 il processo di investitura dei Guardiani potrebbe anche richiedere anni. Quando il destino illuminer\u00e0 le menti dei consiglieri, e far\u00e0 risplendere di luce il volto del guardiano prescelto, quello sar\u00e0 il cavaliere degno e designato a ricoprire la carica vacante.<br \/>\nLa Carica verr\u00e0 conferita durante un&#8217;apposita cerimonia ufficiale che si terr\u00e0 presso il tempio dedicato a Zoe, la Sua Santa Chiesa.<br \/>\nIl Guardiano rimarr\u00e0 tale fino alla sua morte, o fino alla revoca decisa dalla maggioranza del Consiglio in caso di gravi e documentate mancanze o negligenze commesse da un Guardiano incaricato.<\/p>\n<p>Love Guardian<br \/>\nIl Guardiano dell&#8217;Amore \u00e8 colui il quale sa di portare oltre che una tunica, oltre che dei simboli militari e religiosi, un messaggio alle genti.<br \/>\nL&#8217;Amore muover\u00e0 i suoi passi, ed egli sapr\u00e0 sempre concedersi senza esitare, rischier\u00e0 i suoi averi, la sua stessa vita, per proteggere gli ultimi, i pi\u00f9 deboli ed indifesi. Egli non conoscer\u00e0 la parola odio, e sar\u00e0 un riferimento per gli altri gildati, che potranno da lui imparare l&#8217;osservanza del principio da lui retto, ed incarnato.<br \/>\nIl Guardiano dell&#8217;Amore con fermezza e decisione, sapr\u00e0 sempre distinguere il bene dal male, perseguir\u00e0 il primo, e sempre ed in ogni luogo combatter\u00e0 il secondo: la Santa Luce di Zoe risplender\u00e0 lungo il suo cammino a confortare i suoi passi, e manterr\u00e0 saldo il suo braccio, quando si trover\u00e0 a combattere nel Suo Santo Nome.<\/p>\n<p>Truth Guardian<br \/>\nIl Guardiano della Verit\u00e0 veglia affinch\u00e8 Corruzione non si possa mai impossessare delle menti sua e dei suoi fratelli: dotato di discernimento fuori dal comune egli sa sempre cogliere la falsit\u00e0 nei gesti e nelle parole di ogni persona che incrocia il suo cammino.<br \/>\nEgli difende la Santa Chiesa di Zoe dalla malignit\u00e0 insita purtroppo nel cuore di molti esseri, presidia affinch\u00e8 le frequentazioni del cavalieri, e specialmente degli Scudieri, non abbiano a macchiare in alcun modo il nome di questa Accademia.<br \/>\nEgli \u00e8 anche a guardia dell&#8217;immagine di Zoe, e veglia affinch\u00e8 nessuno abbia modo di puntare il dito su qualunque dei sui figli per indicarlo come menzognero, fallace o corrotto.<br \/>\nIl Guardiano della verit\u00e0 ha facolt\u00e0 di segnalare al Consiglio qualunque cavaliere, scudiero o consigliere lui reputasse in torto, e qualora l&#8217;accusa mossa dal Guardiano della Verit\u00e0 si mostrasse fondata, tale cavaliere, scudiero o consigliere, verrebbe immediatamente allontanato dalle terre di Magincia.<\/p>\n<p>Courage Guardian<br \/>\nUna carica prevalentemente militare: il Guardiano del Coraggio \u00e8 sempre in testa alle truppe, si getta per primo nella mischia e difende i suoi fratelli anche a costo della sua stessa vita.<br \/>\nSi sa distinguere in mille battaglie per forza, sveltezza e intelligenza tattica: le sue armi sono strumenti micidiali che egli sa manovrare con determinazione e maestria: il Guardiano del Coraggio non lascia scampo al nemico, sia che esso provenga da questo, che dall&#8217;altro mondo.<br \/>\nEgli \u00e8 di esempio costante per tutti i fratelli gildati, ciascuno di noi guarda a lui come maestro da imitare, da seguire e benanche da superare, qualora fosse possibile.<br \/>\nDelle tre cariche questa \u00e8 l&#8217;unica non decisa esclusivamente dal Consiglio, dando la possibilit\u00e0 ad altri cavalieri di sfidare a duello il Guardiano in carica, per contendergli il titolo. Le modalit\u00e0 dello scontro verranno decise dal Consiglio, che comunque dovr\u00e0 preventivamente autorizzare lo sfidante al duello: l&#8217;autorizzazione verr\u00e0 concessa solo e soltanto se lo sfidante presenter\u00e0 i prerequisiti richiesti per un Guardiano del Coraggio.<\/p>\n<p>I Guardiani del Principi di Zoe sono figure di riferimento per tutta Sosaria, la loro presenza \u00e8 richiesta, determinante ed importante per garantire la testimonianza del culto di Zoe.<br \/>\nI Guardiani reggono le sorti della gilda Zoe, e rappresentano pubblicamente la gilda stessa.<\/p>\n<p style=\"text-align: center;\"><strong>Controprincipi<\/strong><\/p>\n<p>In Corruzione, Nekros e Senzanome viene individuata l&#8217;esistenza dei Controprincipi e delle relative Antivirt\u00f9, nemesi malvagie dei Principi primi legati al culto di Zoe e delle Virt\u00f9 Order e Caos. Contrapposti quindi ai Principi di Amore, Verit\u00e0 e Coraggio vi sono Odio, Dominio e Falsit\u00e0.<br \/>\nDa questi ultimi nascono i tre Guardiani dei Controprincipi:<br \/>\nHate Guardian, Guardiano dell&#8217;Odio<br \/>\nDomain Guardian, Guardiano del Dominio<br \/>\nFalsity Guardian, Guardiano della Falisit\u00e0<\/p>\n<p>Hate Guardian<br \/>\nIl Guardiano dell&#8217;Odio sacrifica il maggior numero di anime alle divinit\u00e0 da lui venerate, diffondendo ovunque terrore e distruzione. Mai un cenno di piet\u00e0 guida un suo gesto, mai sfiorato dal sentimento puro e genuino dell\u2019Amore, da lui anzi combattuto con estrema determinazione e fermezza.<\/p>\n<p>Domain Guardian<br \/>\nIl Guardiano del Dominio, sempre in testa alle truppe, si getta per primo nella mischia cercando di ottenere il favore delle divinit\u00e0. Maestro nelle arti combattive, tutti gli altri lo guardanno con invidia e gelosia essendo il privilegiato tra tutti. Guida senza paura e indugio i suoi sottoposti con l\u2019unico e persistente scopo di sottomettere tutte le altre creature viventi.<\/p>\n<p>Falsity Guardian<br \/>\nl Guardiano della Falsit\u00e0 carpisce la buona fede delle persone con ogni mezzo, instillando in esse false credenze e ideologie. Egocentrico e intraprendente adora elaborare complesse strategie. Calmo e sempre pronto ad usare con le sue vittime una feroce ironia. Si muove nell\u2019oscurit\u00e0 e per lui il sotterfugio \u00e8 tutto, preferisce la manipolazione alla forza bruta.<\/p>\n<p>I Guardiani dei Controprincipi sono dunque le principali figure di riferimento per i culti di Corruzione, Nekros e Senzanome. La loro presenza \u00e8 testimonianza, determinante ed importante, del male su Sosaria.<br \/>\nLa scelta dei Guardiani \u00e8 strettamente legata al culto malvagio e il processo di investitura pu\u00f2 richiedere anche parecchi anni.<br \/>\nIl Guardiano rimarr\u00e0 in carica fino alla sua morte, a meno di gravi negligenze nel culto malvagio.<\/p>\n","protected":false},"excerpt":{"rendered":"<p>Principi primi Nella sua infinit\u00e0 bont\u00e0, la Grande Madre Zoe ci insegna che tutto il mondo a noi noto, ma anche il sottomondo, si reggono su tre grandi Principi, figli della Vita da lei concessa come dono alle creature. Il sottomondo si regge invece sull&#8217;opposto di detti principi. La vita, regalo di Zoe si regge [&hellip;]<\/p>\n","protected":false},"author":2,"featured_media":5174,"parent":5303,"menu_order":0,"comment_status":"closed","ping_status":"closed","template":"","meta":{"inline_featured_image":false,"footnotes":""},"class_list":["post-5307","page","type-page","status-publish","has-post-thumbnail","czr-hentry"],"yoast_head":"<!-- This site is optimized with the Yoast SEO plugin v27.5 - https:\/\/yoast.com\/product\/yoast-seo-wordpress\/ -->\n<title>Principi e Controprincipi - Zulu Hotel Italia<\/title>\n<meta name=\"robots\" content=\"index, follow, max-snippet:-1, max-image-preview:large, max-video-preview:-1\" \/>\n<link rel=\"canonical\" href=\"https:\/\/www.zhi.it\/portalnew\/wikizhi\/ambientazione\/karma-e-fama\/virtu-e-anti-virtu\/principi-e-controprincipi\/\" \/>\n<meta property=\"og:locale\" content=\"it_IT\" \/>\n<meta property=\"og:type\" content=\"article\" \/>\n<meta property=\"og:title\" content=\"Principi e Controprincipi - Zulu Hotel Italia\" \/>\n<meta property=\"og:description\" content=\"Principi primi Nella sua infinit\u00e0 bont\u00e0, la Grande Madre Zoe ci insegna che tutto il mondo a noi noto, ma anche il sottomondo, si reggono su tre grandi Principi, figli della Vita da lei concessa come dono alle creature. Il sottomondo si regge invece sull&#8217;opposto di detti principi. La vita, regalo di Zoe si regge [&hellip;]\" \/>\n<meta property=\"og:url\" content=\"https:\/\/www.zhi.it\/portalnew\/wikizhi\/ambientazione\/karma-e-fama\/virtu-e-anti-virtu\/principi-e-controprincipi\/\" \/>\n<meta property=\"og:site_name\" content=\"Zulu Hotel Italia\" \/>\n<meta property=\"og:image\" content=\"https:\/\/www.zhi.it\/portalnew\/wp-content\/uploads\/2016\/04\/SplashZHI.png\" \/>\n\t<meta property=\"og:image:width\" content=\"820\" \/>\n\t<meta property=\"og:image:height\" content=\"312\" \/>\n\t<meta property=\"og:image:type\" content=\"image\/png\" \/>\n<meta name=\"twitter:card\" content=\"summary_large_image\" \/>\n<meta name=\"twitter:label1\" content=\"Tempo di lettura stimato\" \/>\n\t<meta name=\"twitter:data1\" content=\"5 minuti\" \/>\n<script type=\"application\/ld+json\" class=\"yoast-schema-graph\">{\"@context\":\"https:\\\/\\\/schema.org\",\"@graph\":[{\"@type\":\"WebPage\",\"@id\":\"https:\\\/\\\/www.zhi.it\\\/portalnew\\\/wikizhi\\\/ambientazione\\\/karma-e-fama\\\/virtu-e-anti-virtu\\\/principi-e-controprincipi\\\/\",\"url\":\"https:\\\/\\\/www.zhi.it\\\/portalnew\\\/wikizhi\\\/ambientazione\\\/karma-e-fama\\\/virtu-e-anti-virtu\\\/principi-e-controprincipi\\\/\",\"name\":\"Principi e Controprincipi - Zulu Hotel Italia\",\"isPartOf\":{\"@id\":\"https:\\\/\\\/www.zhi.it\\\/portalnew\\\/#website\"},\"primaryImageOfPage\":{\"@id\":\"https:\\\/\\\/www.zhi.it\\\/portalnew\\\/wikizhi\\\/ambientazione\\\/karma-e-fama\\\/virtu-e-anti-virtu\\\/principi-e-controprincipi\\\/#primaryimage\"},\"image\":{\"@id\":\"https:\\\/\\\/www.zhi.it\\\/portalnew\\\/wikizhi\\\/ambientazione\\\/karma-e-fama\\\/virtu-e-anti-virtu\\\/principi-e-controprincipi\\\/#primaryimage\"},\"thumbnailUrl\":\"https:\\\/\\\/www.zhi.it\\\/portalnew\\\/wp-content\\\/uploads\\\/2016\\\/04\\\/SplashZHI.png\",\"datePublished\":\"2018-09-30T13:45:51+00:00\",\"breadcrumb\":{\"@id\":\"https:\\\/\\\/www.zhi.it\\\/portalnew\\\/wikizhi\\\/ambientazione\\\/karma-e-fama\\\/virtu-e-anti-virtu\\\/principi-e-controprincipi\\\/#breadcrumb\"},\"inLanguage\":\"it-IT\",\"potentialAction\":[{\"@type\":\"ReadAction\",\"target\":[\"https:\\\/\\\/www.zhi.it\\\/portalnew\\\/wikizhi\\\/ambientazione\\\/karma-e-fama\\\/virtu-e-anti-virtu\\\/principi-e-controprincipi\\\/\"]}]},{\"@type\":\"ImageObject\",\"inLanguage\":\"it-IT\",\"@id\":\"https:\\\/\\\/www.zhi.it\\\/portalnew\\\/wikizhi\\\/ambientazione\\\/karma-e-fama\\\/virtu-e-anti-virtu\\\/principi-e-controprincipi\\\/#primaryimage\",\"url\":\"https:\\\/\\\/www.zhi.it\\\/portalnew\\\/wp-content\\\/uploads\\\/2016\\\/04\\\/SplashZHI.png\",\"contentUrl\":\"https:\\\/\\\/www.zhi.it\\\/portalnew\\\/wp-content\\\/uploads\\\/2016\\\/04\\\/SplashZHI.png\",\"width\":820,\"height\":312},{\"@type\":\"BreadcrumbList\",\"@id\":\"https:\\\/\\\/www.zhi.it\\\/portalnew\\\/wikizhi\\\/ambientazione\\\/karma-e-fama\\\/virtu-e-anti-virtu\\\/principi-e-controprincipi\\\/#breadcrumb\",\"itemListElement\":[{\"@type\":\"ListItem\",\"position\":1,\"name\":\"Home\",\"item\":\"https:\\\/\\\/www.zhi.it\\\/portalnew\\\/\"},{\"@type\":\"ListItem\",\"position\":2,\"name\":\"Zhi Wiki\",\"item\":\"https:\\\/\\\/www.zhi.it\\\/portalnew\\\/wikizhi\\\/\"},{\"@type\":\"ListItem\",\"position\":3,\"name\":\"Ambientazione\",\"item\":\"https:\\\/\\\/www.zhi.it\\\/portalnew\\\/wikizhi\\\/ambientazione\\\/\"},{\"@type\":\"ListItem\",\"position\":4,\"name\":\"Karma e Fama\",\"item\":\"https:\\\/\\\/www.zhi.it\\\/portalnew\\\/wikizhi\\\/ambientazione\\\/karma-e-fama\\\/\"},{\"@type\":\"ListItem\",\"position\":5,\"name\":\"Virt\u00f9 e Anti-virt\u00f9\",\"item\":\"https:\\\/\\\/www.zhi.it\\\/portalnew\\\/wikizhi\\\/ambientazione\\\/karma-e-fama\\\/virtu-e-anti-virtu\\\/\"},{\"@type\":\"ListItem\",\"position\":6,\"name\":\"Principi e Controprincipi\"}]},{\"@type\":\"WebSite\",\"@id\":\"https:\\\/\\\/www.zhi.it\\\/portalnew\\\/#website\",\"url\":\"https:\\\/\\\/www.zhi.it\\\/portalnew\\\/\",\"name\":\"Zulu Hotel Italia\",\"description\":\"\",\"publisher\":{\"@id\":\"https:\\\/\\\/www.zhi.it\\\/portalnew\\\/#organization\"},\"potentialAction\":[{\"@type\":\"SearchAction\",\"target\":{\"@type\":\"EntryPoint\",\"urlTemplate\":\"https:\\\/\\\/www.zhi.it\\\/portalnew\\\/?s={search_term_string}\"},\"query-input\":{\"@type\":\"PropertyValueSpecification\",\"valueRequired\":true,\"valueName\":\"search_term_string\"}}],\"inLanguage\":\"it-IT\"},{\"@type\":\"Organization\",\"@id\":\"https:\\\/\\\/www.zhi.it\\\/portalnew\\\/#organization\",\"name\":\"Zulu Hotel Italia\",\"url\":\"https:\\\/\\\/www.zhi.it\\\/portalnew\\\/\",\"logo\":{\"@type\":\"ImageObject\",\"inLanguage\":\"it-IT\",\"@id\":\"https:\\\/\\\/www.zhi.it\\\/portalnew\\\/#\\\/schema\\\/logo\\\/image\\\/\",\"url\":\"https:\\\/\\\/www.zhi.it\\\/portalnew\\\/wp-content\\\/uploads\\\/2018\\\/09\\\/cropped-zhi-logo-colorato.png\",\"contentUrl\":\"https:\\\/\\\/www.zhi.it\\\/portalnew\\\/wp-content\\\/uploads\\\/2018\\\/09\\\/cropped-zhi-logo-colorato.png\",\"width\":325,\"height\":325,\"caption\":\"Zulu Hotel Italia\"},\"image\":{\"@id\":\"https:\\\/\\\/www.zhi.it\\\/portalnew\\\/#\\\/schema\\\/logo\\\/image\\\/\"}}]}<\/script>\n<!-- \/ Yoast SEO plugin. -->","yoast_head_json":{"title":"Principi e Controprincipi - Zulu Hotel Italia","robots":{"index":"index","follow":"follow","max-snippet":"max-snippet:-1","max-image-preview":"max-image-preview:large","max-video-preview":"max-video-preview:-1"},"canonical":"https:\/\/www.zhi.it\/portalnew\/wikizhi\/ambientazione\/karma-e-fama\/virtu-e-anti-virtu\/principi-e-controprincipi\/","og_locale":"it_IT","og_type":"article","og_title":"Principi e Controprincipi - Zulu Hotel Italia","og_description":"Principi primi Nella sua infinit\u00e0 bont\u00e0, la Grande Madre Zoe ci insegna che tutto il mondo a noi noto, ma anche il sottomondo, si reggono su tre grandi Principi, figli della Vita da lei concessa come dono alle creature. Il sottomondo si regge invece sull&#8217;opposto di detti principi. La vita, regalo di Zoe si regge [&hellip;]","og_url":"https:\/\/www.zhi.it\/portalnew\/wikizhi\/ambientazione\/karma-e-fama\/virtu-e-anti-virtu\/principi-e-controprincipi\/","og_site_name":"Zulu Hotel Italia","og_image":[{"width":820,"height":312,"url":"https:\/\/www.zhi.it\/portalnew\/wp-content\/uploads\/2016\/04\/SplashZHI.png","type":"image\/png"}],"twitter_card":"summary_large_image","twitter_misc":{"Tempo di lettura stimato":"5 minuti"},"schema":{"@context":"https:\/\/schema.org","@graph":[{"@type":"WebPage","@id":"https:\/\/www.zhi.it\/portalnew\/wikizhi\/ambientazione\/karma-e-fama\/virtu-e-anti-virtu\/principi-e-controprincipi\/","url":"https:\/\/www.zhi.it\/portalnew\/wikizhi\/ambientazione\/karma-e-fama\/virtu-e-anti-virtu\/principi-e-controprincipi\/","name":"Principi e Controprincipi - Zulu Hotel Italia","isPartOf":{"@id":"https:\/\/www.zhi.it\/portalnew\/#website"},"primaryImageOfPage":{"@id":"https:\/\/www.zhi.it\/portalnew\/wikizhi\/ambientazione\/karma-e-fama\/virtu-e-anti-virtu\/principi-e-controprincipi\/#primaryimage"},"image":{"@id":"https:\/\/www.zhi.it\/portalnew\/wikizhi\/ambientazione\/karma-e-fama\/virtu-e-anti-virtu\/principi-e-controprincipi\/#primaryimage"},"thumbnailUrl":"https:\/\/www.zhi.it\/portalnew\/wp-content\/uploads\/2016\/04\/SplashZHI.png","datePublished":"2018-09-30T13:45:51+00:00","breadcrumb":{"@id":"https:\/\/www.zhi.it\/portalnew\/wikizhi\/ambientazione\/karma-e-fama\/virtu-e-anti-virtu\/principi-e-controprincipi\/#breadcrumb"},"inLanguage":"it-IT","potentialAction":[{"@type":"ReadAction","target":["https:\/\/www.zhi.it\/portalnew\/wikizhi\/ambientazione\/karma-e-fama\/virtu-e-anti-virtu\/principi-e-controprincipi\/"]}]},{"@type":"ImageObject","inLanguage":"it-IT","@id":"https:\/\/www.zhi.it\/portalnew\/wikizhi\/ambientazione\/karma-e-fama\/virtu-e-anti-virtu\/principi-e-controprincipi\/#primaryimage","url":"https:\/\/www.zhi.it\/portalnew\/wp-content\/uploads\/2016\/04\/SplashZHI.png","contentUrl":"https:\/\/www.zhi.it\/portalnew\/wp-content\/uploads\/2016\/04\/SplashZHI.png","width":820,"height":312},{"@type":"BreadcrumbList","@id":"https:\/\/www.zhi.it\/portalnew\/wikizhi\/ambientazione\/karma-e-fama\/virtu-e-anti-virtu\/principi-e-controprincipi\/#breadcrumb","itemListElement":[{"@type":"ListItem","position":1,"name":"Home","item":"https:\/\/www.zhi.it\/portalnew\/"},{"@type":"ListItem","position":2,"name":"Zhi Wiki","item":"https:\/\/www.zhi.it\/portalnew\/wikizhi\/"},{"@type":"ListItem","position":3,"name":"Ambientazione","item":"https:\/\/www.zhi.it\/portalnew\/wikizhi\/ambientazione\/"},{"@type":"ListItem","position":4,"name":"Karma e Fama","item":"https:\/\/www.zhi.it\/portalnew\/wikizhi\/ambientazione\/karma-e-fama\/"},{"@type":"ListItem","position":5,"name":"Virt\u00f9 e Anti-virt\u00f9","item":"https:\/\/www.zhi.it\/portalnew\/wikizhi\/ambientazione\/karma-e-fama\/virtu-e-anti-virtu\/"},{"@type":"ListItem","position":6,"name":"Principi e Controprincipi"}]},{"@type":"WebSite","@id":"https:\/\/www.zhi.it\/portalnew\/#website","url":"https:\/\/www.zhi.it\/portalnew\/","name":"Zulu Hotel Italia","description":"","publisher":{"@id":"https:\/\/www.zhi.it\/portalnew\/#organization"},"potentialAction":[{"@type":"SearchAction","target":{"@type":"EntryPoint","urlTemplate":"https:\/\/www.zhi.it\/portalnew\/?s={search_term_string}"},"query-input":{"@type":"PropertyValueSpecification","valueRequired":true,"valueName":"search_term_string"}}],"inLanguage":"it-IT"},{"@type":"Organization","@id":"https:\/\/www.zhi.it\/portalnew\/#organization","name":"Zulu Hotel Italia","url":"https:\/\/www.zhi.it\/portalnew\/","logo":{"@type":"ImageObject","inLanguage":"it-IT","@id":"https:\/\/www.zhi.it\/portalnew\/#\/schema\/logo\/image\/","url":"https:\/\/www.zhi.it\/portalnew\/wp-content\/uploads\/2018\/09\/cropped-zhi-logo-colorato.png","contentUrl":"https:\/\/www.zhi.it\/portalnew\/wp-content\/uploads\/2018\/09\/cropped-zhi-logo-colorato.png","width":325,"height":325,"caption":"Zulu Hotel Italia"},"image":{"@id":"https:\/\/www.zhi.it\/portalnew\/#\/schema\/logo\/image\/"}}]}},"_links":{"self":[{"href":"https:\/\/www.zhi.it\/portalnew\/wp-json\/wp\/v2\/pages\/5307","targetHints":{"allow":["GET"]}}],"collection":[{"href":"https:\/\/www.zhi.it\/portalnew\/wp-json\/wp\/v2\/pages"}],"about":[{"href":"https:\/\/www.zhi.it\/portalnew\/wp-json\/wp\/v2\/types\/page"}],"author":[{"embeddable":true,"href":"https:\/\/www.zhi.it\/portalnew\/wp-json\/wp\/v2\/users\/2"}],"replies":[{"embeddable":true,"href":"https:\/\/www.zhi.it\/portalnew\/wp-json\/wp\/v2\/comments?post=5307"}],"version-history":[{"count":1,"href":"https:\/\/www.zhi.it\/portalnew\/wp-json\/wp\/v2\/pages\/5307\/revisions"}],"predecessor-version":[{"id":5309,"href":"https:\/\/www.zhi.it\/portalnew\/wp-json\/wp\/v2\/pages\/5307\/revisions\/5309"}],"up":[{"embeddable":true,"href":"https:\/\/www.zhi.it\/portalnew\/wp-json\/wp\/v2\/pages\/5303"}],"wp:featuredmedia":[{"embeddable":true,"href":"https:\/\/www.zhi.it\/portalnew\/wp-json\/wp\/v2\/media\/5174"}],"wp:attachment":[{"href":"https:\/\/www.zhi.it\/portalnew\/wp-json\/wp\/v2\/media?parent=5307"}],"curies":[{"name":"wp","href":"https:\/\/api.w.org\/{rel}","templated":true}]}}