{"id":5375,"date":"2018-09-30T20:08:33","date_gmt":"2018-09-30T20:08:33","guid":{"rendered":"https:\/\/www.zhi.it\/portalnew\/?page_id=5375"},"modified":"2024-11-28T22:10:57","modified_gmt":"2024-11-28T21:10:57","slug":"privacy-policy","status":"publish","type":"page","link":"https:\/\/www.zhi.it\/portalnew\/privacy-policy\/","title":{"rendered":"Privacy Policy &#8211; Sito"},"content":{"rendered":"<p>Privacy Policy di www.zhi.it<\/p>\n<p>L\u2019informativa \u00e8 resa solo per il sito web ufficiale di ZHI Zulu Hotel Italia 7th Age all\u2019indirizzo https:\/\/www.zhi.it e non per altri siti web esterni, eventualmente consultati dall\u2019utente tramite link.<\/p>\n<p>Titolare del trattamento dei dati personali e proprietario del marchio registrato ZHI Zulu Hotel Italia 7th Age: Marco Carminati <\/p>\n<p>Indirizzo email per informazioni: service@zhi.it<\/p>\n<p>Responsabile Protezione Dati (DPO)<\/p>\n<p>Il Titolare, ai sensi dell\u2019art. 37 GDPR, non \u00e8 tenuto a nominare il Responsabile della protezione dei dati.<\/p>\n<p>Tipi di dati trattati (Dati di navigazione)<\/p>\n<p>I sistemi informatici e le procedure software preposte al funzionamento di questo sito web acquisiscono, nel corso del loro normale esercizio, alcuni dati personali la cui trasmissione \u00e8 implicita nell\u2019uso dei protocolli di comunicazione di Internet.<\/p>\n<p>Si tratta di informazioni che non sono raccolte per essere associate a interessati identificati, ma che per loro stessa natura potrebbero, attraverso elaborazioni ed associazioni con dati detenuti da terzi, permettere di identificare gli utenti.<\/p>\n<p>In questa categoria di dati rientrano gli indirizzi IP o i nomi a dominio dei computer utilizzati dagli utenti che si connettono al sito, gli indirizzi in notazione URI (Uniform Resource Identifier) delle risorse richieste, l\u2019orario della richiesta, il metodo utilizzato nel sottoporre la richiesta al server, la dimensione del file ottenuto in risposta, il codice numerico indicante lo stato della risposta data dal server (buon fine, errore, ecc.) ed altri parametri relativi al sistema operativo e all\u2019ambiente informatico dell\u2019utente.<\/p>\n<p>I suddetti dati sono necessari per la fruizione della navigazione del sito.<\/p>\n<p>Questi dati vengono conservati dal provider per il tempo strettamente necessario. I dati potrebbero essere utilizzati per l\u2019accertamento di responsabilit\u00e0 in caso di ipotetici reati informatici ai danni del sito.<\/p>\n<p>Dati raccolti alla voce \u201ccontatti\u201d o &#8220;crea un account&#8221;<\/p>\n<p>I dati personali raccolti compilando i campi di \u201ccontatto\u201d (o l&#8217;invio di email agli indirizzi di servizio del sito) ed i campi per la registrazione di un account di gioco sono necessari per eseguire le richieste dell\u2019utente e sono utilizzati per finalit\u00e0 di costruzione dell&#8217;utenza di gioco e la sua gestione.<\/p>\n<p>Modalit\u00e0 del trattamento<\/p>\n<p>I dati personali di navigazione sono trattati con strumenti automatizzati per il tempo strettamente necessario a conseguire gli scopi per cui sono stati raccolti.<\/p>\n<p>I dati personali di contatto (Email) sono trattati con strumenti cartacei e informatici e vengono conservati fino a completa esecuzione delle finalit\u00e0 di gioco o per quanto necessario secondo eventuali termini di legge. Specifiche misure di sicurezza sono osservate per prevenire la perdita dei dati, usi illeciti o non corretti ed accessi non autorizzati.<\/p>\n<p>Diritti di accesso e reclamo<\/p>\n<p>Scrivendo agli indirizzi specifici di servizio le \u00e8 garantito il diritto di:<\/p>\n<p>chiedere l\u2019esistenza e l\u2019accesso ai dati che la riguardano;<br \/>\nchiedere l\u2019aggiornamento e l\u2019integrazione dei dati forniti;<br \/>\nchiedere la cancellazione dei dati personali, salva l\u2019esistenza di un diritto del Titolare alla conservazione degli stessi<br \/>\nchiedere la comunicazione dei dati personali conservati eventualmente dal Titolare o la consegna di una loro copia;<br \/>\nopporsi ad operazioni di trattamento che ritenga non siano legittime o chiedere limitazioni di trattamento<br \/>\nPer l\u2019esercizio dei suddetti diritti la legittimit\u00e0 della sua richiesta potr\u00e0 essere valutata previa verifica della sua identit\u00e0.<\/p>\n<p>Qualora ritenga che il trattamento abbia violato un suo diritto potr\u00e0 presentare obiezioni nei confronti del Titolare utilizzando l\u2019indirizzo sopra indicato e anche presentando reclamo presso l\u2019Autorit\u00e0 Garante www.garanteprivacy.it<\/p>\n<p>Cookie policy<\/p>\n<p>Il Titolare del trattamento dei dati, informa gli utenti del sito zhi.it e sottodomini della tipologia di cookie utilizzati e delle finalit\u00e0 perseguite con le informazioni acquisite, fornendo indicazioni per procedere all\u2019eventuale deselezione dei singoli cookie.<\/p>\n<p>COOKIE UTILIZZATI:<br \/>\nIl titolare utilizza esclusivamente cookie tecnici per garantire all\u2019utente una corretta e sicura navigazione del sito web. Non sono installati cookie potenzialmente pregiudizievoli per la riservatezza della navigazione degli utenti e non \u00e8 possibile l\u2019acquisizione di dati personali identificativi dell\u2019utente.<\/p>\n<p>Di seguito le specifiche categorie di cookie installati:<\/p>\n<p>cookieyesID\t.www.zhi.it\tcookie identificatore univoco per i visitatori in base al loro consenso.\t1 anno\tNecessario<br \/>\ncky-consent\t.www.zhi.it\tcookie per ricordare le impostazioni di consenso degli utenti in modo che il sito web riconosca gli utenti la prossima volta che visitano.\t1 anno\tNecessario<br \/>\nwpEmojiSettingsSupports\tzhi.it\tcookie che interagisce con gli emoji sul sito. Aiuta a determinare se il browser dell&#8217;utente pu\u00f2 visualizzare correttamente gli emoji.\tSessione\tNecessario<br \/>\ncookieyes-necessary\t.www.zhi.it\tCookieYes imposta questo cookie per ricordare il consenso degli utenti all&#8217;utilizzo dei cookie nella categoria &#8216;Necessari&#8217; \t1 anno\tNecessario<br \/>\ncookieyes-functional\t.www.zhi.it\tCookieYes imposta questo cookie per ricordare il consenso degli utenti all&#8217;utilizzo dei cookie nella categoria &#8216;Funzionali&#8217;\t1 anno\tNecessario<br \/>\ncookieyes-analytics\t.www.zhi.it\tCookieYes imposta questo cookie per ricordare il consenso degli utenti all&#8217;utilizzo dei cookie nella categoria &#8216;Analitici&#8217; \t1 anno\tNecessario<br \/>\ncookieyes-performance\t.www.zhi.it\tCookieYes imposta questo cookie per ricordare il consenso degli utenti all&#8217;utilizzo dei cookie nella categoria &#8216;Analitici&#8217; \t1 anno\tNecessario<br \/>\ncookieyes-advertisement\t.www.zhi.it\tCookieYes imposta questo cookie per ricordare il consenso degli utenti all&#8217;utilizzo dei cookie nella categoria &#8216;Advertising&#8217;\t1 anno\tNecessario<br \/>\ncookieyes-other\t.www.zhi.it\tCookieYes imposta questo cookie per ricordare il consenso degli utenti all&#8217;utilizzo dei cookie nella categoria &#8220;Altro&#8221;\t1 anno\tNecessario<\/p>\n<p>Ulteriori approfondimenti inerenti al regolamento interno dello shard, sul disclaimer di gioco e sulle norme di buona condotta possono essere consultati nella sezione apposita.<\/p>\n<p>Il sito www.zhi.it ha deciso di impostare dei criteri di sicurezza per garantire la trasparenza e sicurezza delle visite per i nostri utenti.<\/p>\n<p>Qualora tu abbia segnalazioni o richieste, ti invitiamo a contattare il nostro staff tecnico alla mail:<br \/>\nservice@zhi.it<\/p>\n<p>Riferimenti legali<br \/>\nLa presente informativa privacy \u00e8 redatta sulla base di molteplici ordinamenti legislativi, inclusi gli artt. 13 e 14 del Regolamento (UE) 2016\/679.<\/p>\n<p>Ove non diversamente specificato, questa informativa privacy riguarda esclusivamente questa Applicazione.<\/p>\n","protected":false},"excerpt":{"rendered":"<p>Privacy Policy di www.zhi.it L\u2019informativa \u00e8 resa solo per il sito web ufficiale di ZHI Zulu Hotel Italia 7th Age all\u2019indirizzo https:\/\/www.zhi.it e non per altri siti web esterni, eventualmente consultati dall\u2019utente tramite link. Titolare del trattamento dei dati personali e proprietario del marchio registrato ZHI Zulu Hotel Italia 7th Age: Marco Carminati Indirizzo email [&hellip;]<\/p>\n","protected":false},"author":2,"featured_media":990,"parent":0,"menu_order":0,"comment_status":"closed","ping_status":"closed","template":"page-home-blank.php","meta":{"inline_featured_image":false,"footnotes":""},"class_list":["post-5375","page","type-page","status-publish","has-post-thumbnail","czr-hentry"],"yoast_head":"<!-- This site is optimized with the Yoast SEO plugin v27.6 - https:\/\/yoast.com\/product\/yoast-seo-wordpress\/ -->\n<title>Privacy Policy - Sito - Zulu Hotel Italia<\/title>\n<meta name=\"robots\" content=\"index, follow, max-snippet:-1, max-image-preview:large, max-video-preview:-1\" \/>\n<link rel=\"canonical\" href=\"https:\/\/www.zhi.it\/portalnew\/privacy-policy\/\" \/>\n<meta property=\"og:locale\" content=\"it_IT\" \/>\n<meta property=\"og:type\" content=\"article\" \/>\n<meta property=\"og:title\" content=\"Privacy Policy - Sito - Zulu Hotel Italia\" \/>\n<meta property=\"og:description\" content=\"Privacy Policy di www.zhi.it L\u2019informativa \u00e8 resa solo per il sito web ufficiale di ZHI Zulu Hotel Italia 7th Age all\u2019indirizzo https:\/\/www.zhi.it e non per altri siti web esterni, eventualmente consultati dall\u2019utente tramite link. Titolare del trattamento dei dati personali e proprietario del marchio registrato ZHI Zulu Hotel Italia 7th Age: Marco Carminati Indirizzo email [&hellip;]\" \/>\n<meta property=\"og:url\" content=\"https:\/\/www.zhi.it\/portalnew\/privacy-policy\/\" \/>\n<meta property=\"og:site_name\" content=\"Zulu Hotel Italia\" \/>\n<meta property=\"article:modified_time\" content=\"2024-11-28T21:10:57+00:00\" \/>\n<meta property=\"og:image\" content=\"https:\/\/www.zhi.it\/portalnew\/wp-content\/uploads\/site_image\/fail_img_evidenza.jpg\" \/>\n\t<meta property=\"og:image:width\" content=\"2292\" \/>\n\t<meta property=\"og:image:height\" content=\"2134\" \/>\n\t<meta property=\"og:image:type\" content=\"image\/jpeg\" \/>\n<meta name=\"twitter:card\" content=\"summary_large_image\" \/>\n<meta name=\"twitter:label1\" content=\"Tempo di lettura stimato\" \/>\n\t<meta name=\"twitter:data1\" content=\"6 minuti\" \/>\n<script type=\"application\/ld+json\" class=\"yoast-schema-graph\">{\"@context\":\"https:\\\/\\\/schema.org\",\"@graph\":[{\"@type\":\"WebPage\",\"@id\":\"https:\\\/\\\/www.zhi.it\\\/portalnew\\\/privacy-policy\\\/\",\"url\":\"https:\\\/\\\/www.zhi.it\\\/portalnew\\\/privacy-policy\\\/\",\"name\":\"Privacy Policy - Sito - Zulu Hotel Italia\",\"isPartOf\":{\"@id\":\"https:\\\/\\\/www.zhi.it\\\/portalnew\\\/#website\"},\"primaryImageOfPage\":{\"@id\":\"https:\\\/\\\/www.zhi.it\\\/portalnew\\\/privacy-policy\\\/#primaryimage\"},\"image\":{\"@id\":\"https:\\\/\\\/www.zhi.it\\\/portalnew\\\/privacy-policy\\\/#primaryimage\"},\"thumbnailUrl\":\"https:\\\/\\\/www.zhi.it\\\/portalnew\\\/wp-content\\\/uploads\\\/site_image\\\/fail_img_evidenza.jpg\",\"datePublished\":\"2018-09-30T20:08:33+00:00\",\"dateModified\":\"2024-11-28T21:10:57+00:00\",\"breadcrumb\":{\"@id\":\"https:\\\/\\\/www.zhi.it\\\/portalnew\\\/privacy-policy\\\/#breadcrumb\"},\"inLanguage\":\"it-IT\",\"potentialAction\":[{\"@type\":\"ReadAction\",\"target\":[\"https:\\\/\\\/www.zhi.it\\\/portalnew\\\/privacy-policy\\\/\"]}]},{\"@type\":\"ImageObject\",\"inLanguage\":\"it-IT\",\"@id\":\"https:\\\/\\\/www.zhi.it\\\/portalnew\\\/privacy-policy\\\/#primaryimage\",\"url\":\"https:\\\/\\\/www.zhi.it\\\/portalnew\\\/wp-content\\\/uploads\\\/site_image\\\/fail_img_evidenza.jpg\",\"contentUrl\":\"https:\\\/\\\/www.zhi.it\\\/portalnew\\\/wp-content\\\/uploads\\\/site_image\\\/fail_img_evidenza.jpg\",\"width\":2292,\"height\":2134},{\"@type\":\"BreadcrumbList\",\"@id\":\"https:\\\/\\\/www.zhi.it\\\/portalnew\\\/privacy-policy\\\/#breadcrumb\",\"itemListElement\":[{\"@type\":\"ListItem\",\"position\":1,\"name\":\"Home\",\"item\":\"https:\\\/\\\/www.zhi.it\\\/portalnew\\\/\"},{\"@type\":\"ListItem\",\"position\":2,\"name\":\"Privacy Policy &#8211; Sito\"}]},{\"@type\":\"WebSite\",\"@id\":\"https:\\\/\\\/www.zhi.it\\\/portalnew\\\/#website\",\"url\":\"https:\\\/\\\/www.zhi.it\\\/portalnew\\\/\",\"name\":\"Zulu Hotel Italia\",\"description\":\"\",\"publisher\":{\"@id\":\"https:\\\/\\\/www.zhi.it\\\/portalnew\\\/#organization\"},\"potentialAction\":[{\"@type\":\"SearchAction\",\"target\":{\"@type\":\"EntryPoint\",\"urlTemplate\":\"https:\\\/\\\/www.zhi.it\\\/portalnew\\\/?s={search_term_string}\"},\"query-input\":{\"@type\":\"PropertyValueSpecification\",\"valueRequired\":true,\"valueName\":\"search_term_string\"}}],\"inLanguage\":\"it-IT\"},{\"@type\":\"Organization\",\"@id\":\"https:\\\/\\\/www.zhi.it\\\/portalnew\\\/#organization\",\"name\":\"Zulu Hotel Italia\",\"url\":\"https:\\\/\\\/www.zhi.it\\\/portalnew\\\/\",\"logo\":{\"@type\":\"ImageObject\",\"inLanguage\":\"it-IT\",\"@id\":\"https:\\\/\\\/www.zhi.it\\\/portalnew\\\/#\\\/schema\\\/logo\\\/image\\\/\",\"url\":\"https:\\\/\\\/www.zhi.it\\\/portalnew\\\/wp-content\\\/uploads\\\/2018\\\/09\\\/cropped-zhi-logo-colorato.png\",\"contentUrl\":\"https:\\\/\\\/www.zhi.it\\\/portalnew\\\/wp-content\\\/uploads\\\/2018\\\/09\\\/cropped-zhi-logo-colorato.png\",\"width\":325,\"height\":325,\"caption\":\"Zulu Hotel Italia\"},\"image\":{\"@id\":\"https:\\\/\\\/www.zhi.it\\\/portalnew\\\/#\\\/schema\\\/logo\\\/image\\\/\"}}]}<\/script>\n<!-- \/ Yoast SEO plugin. -->","yoast_head_json":{"title":"Privacy Policy - Sito - Zulu Hotel Italia","robots":{"index":"index","follow":"follow","max-snippet":"max-snippet:-1","max-image-preview":"max-image-preview:large","max-video-preview":"max-video-preview:-1"},"canonical":"https:\/\/www.zhi.it\/portalnew\/privacy-policy\/","og_locale":"it_IT","og_type":"article","og_title":"Privacy Policy - Sito - Zulu Hotel Italia","og_description":"Privacy Policy di www.zhi.it L\u2019informativa \u00e8 resa solo per il sito web ufficiale di ZHI Zulu Hotel Italia 7th Age all\u2019indirizzo https:\/\/www.zhi.it e non per altri siti web esterni, eventualmente consultati dall\u2019utente tramite link. Titolare del trattamento dei dati personali e proprietario del marchio registrato ZHI Zulu Hotel Italia 7th Age: Marco Carminati Indirizzo email [&hellip;]","og_url":"https:\/\/www.zhi.it\/portalnew\/privacy-policy\/","og_site_name":"Zulu Hotel Italia","article_modified_time":"2024-11-28T21:10:57+00:00","og_image":[{"width":2292,"height":2134,"url":"https:\/\/www.zhi.it\/portalnew\/wp-content\/uploads\/site_image\/fail_img_evidenza.jpg","type":"image\/jpeg"}],"twitter_card":"summary_large_image","twitter_misc":{"Tempo di lettura stimato":"6 minuti"},"schema":{"@context":"https:\/\/schema.org","@graph":[{"@type":"WebPage","@id":"https:\/\/www.zhi.it\/portalnew\/privacy-policy\/","url":"https:\/\/www.zhi.it\/portalnew\/privacy-policy\/","name":"Privacy Policy - Sito - Zulu Hotel Italia","isPartOf":{"@id":"https:\/\/www.zhi.it\/portalnew\/#website"},"primaryImageOfPage":{"@id":"https:\/\/www.zhi.it\/portalnew\/privacy-policy\/#primaryimage"},"image":{"@id":"https:\/\/www.zhi.it\/portalnew\/privacy-policy\/#primaryimage"},"thumbnailUrl":"https:\/\/www.zhi.it\/portalnew\/wp-content\/uploads\/site_image\/fail_img_evidenza.jpg","datePublished":"2018-09-30T20:08:33+00:00","dateModified":"2024-11-28T21:10:57+00:00","breadcrumb":{"@id":"https:\/\/www.zhi.it\/portalnew\/privacy-policy\/#breadcrumb"},"inLanguage":"it-IT","potentialAction":[{"@type":"ReadAction","target":["https:\/\/www.zhi.it\/portalnew\/privacy-policy\/"]}]},{"@type":"ImageObject","inLanguage":"it-IT","@id":"https:\/\/www.zhi.it\/portalnew\/privacy-policy\/#primaryimage","url":"https:\/\/www.zhi.it\/portalnew\/wp-content\/uploads\/site_image\/fail_img_evidenza.jpg","contentUrl":"https:\/\/www.zhi.it\/portalnew\/wp-content\/uploads\/site_image\/fail_img_evidenza.jpg","width":2292,"height":2134},{"@type":"BreadcrumbList","@id":"https:\/\/www.zhi.it\/portalnew\/privacy-policy\/#breadcrumb","itemListElement":[{"@type":"ListItem","position":1,"name":"Home","item":"https:\/\/www.zhi.it\/portalnew\/"},{"@type":"ListItem","position":2,"name":"Privacy Policy &#8211; Sito"}]},{"@type":"WebSite","@id":"https:\/\/www.zhi.it\/portalnew\/#website","url":"https:\/\/www.zhi.it\/portalnew\/","name":"Zulu Hotel Italia","description":"","publisher":{"@id":"https:\/\/www.zhi.it\/portalnew\/#organization"},"potentialAction":[{"@type":"SearchAction","target":{"@type":"EntryPoint","urlTemplate":"https:\/\/www.zhi.it\/portalnew\/?s={search_term_string}"},"query-input":{"@type":"PropertyValueSpecification","valueRequired":true,"valueName":"search_term_string"}}],"inLanguage":"it-IT"},{"@type":"Organization","@id":"https:\/\/www.zhi.it\/portalnew\/#organization","name":"Zulu Hotel Italia","url":"https:\/\/www.zhi.it\/portalnew\/","logo":{"@type":"ImageObject","inLanguage":"it-IT","@id":"https:\/\/www.zhi.it\/portalnew\/#\/schema\/logo\/image\/","url":"https:\/\/www.zhi.it\/portalnew\/wp-content\/uploads\/2018\/09\/cropped-zhi-logo-colorato.png","contentUrl":"https:\/\/www.zhi.it\/portalnew\/wp-content\/uploads\/2018\/09\/cropped-zhi-logo-colorato.png","width":325,"height":325,"caption":"Zulu Hotel Italia"},"image":{"@id":"https:\/\/www.zhi.it\/portalnew\/#\/schema\/logo\/image\/"}}]}},"_links":{"self":[{"href":"https:\/\/www.zhi.it\/portalnew\/wp-json\/wp\/v2\/pages\/5375","targetHints":{"allow":["GET"]}}],"collection":[{"href":"https:\/\/www.zhi.it\/portalnew\/wp-json\/wp\/v2\/pages"}],"about":[{"href":"https:\/\/www.zhi.it\/portalnew\/wp-json\/wp\/v2\/types\/page"}],"author":[{"embeddable":true,"href":"https:\/\/www.zhi.it\/portalnew\/wp-json\/wp\/v2\/users\/2"}],"replies":[{"embeddable":true,"href":"https:\/\/www.zhi.it\/portalnew\/wp-json\/wp\/v2\/comments?post=5375"}],"version-history":[{"count":12,"href":"https:\/\/www.zhi.it\/portalnew\/wp-json\/wp\/v2\/pages\/5375\/revisions"}],"predecessor-version":[{"id":7978,"href":"https:\/\/www.zhi.it\/portalnew\/wp-json\/wp\/v2\/pages\/5375\/revisions\/7978"}],"wp:featuredmedia":[{"embeddable":true,"href":"https:\/\/www.zhi.it\/portalnew\/wp-json\/wp\/v2\/media\/990"}],"wp:attachment":[{"href":"https:\/\/www.zhi.it\/portalnew\/wp-json\/wp\/v2\/media?parent=5375"}],"curies":[{"name":"wp","href":"https:\/\/api.w.org\/{rel}","templated":true}]}}