{"id":563,"date":"2016-03-27T17:19:00","date_gmt":"2016-03-27T17:19:00","guid":{"rendered":"http:\/\/www.linkwebsrl.it\/wordpress\/?page_id=563"},"modified":"2025-02-17T11:31:55","modified_gmt":"2025-02-17T10:31:55","slug":"creare-il-pg","status":"publish","type":"page","link":"https:\/\/www.zhi.it\/portalnew\/wikizhi\/guide-rapide\/creare-il-pg\/","title":{"rendered":"Creare il PG"},"content":{"rendered":"<h2>Creare il PG<\/h2>\n<p>La creazione di un PG \u00e8 praticamente la sua nascita. Vi richiediamo attenzione sia nella scelta del nome che della razza. Fate delle prove: se il PG \u00e8 appena nato ed avete sbagliato razza o nome, \u00e8 pi\u00f9 facile rifarlo da capo che non richiedere un cambio di nome\u00a0visto che per cambiarlo dopo \u00e8 necessario pagare e i cambi nome sono limitati.<\/p>\n<p>Quando create un pg vi viene chiesto di sceglierne innanzitutto il nome e l&#8217;aspetto. Poi potete optare se iniziare con le skills gi\u00e0 assegnate, scegliendo tra una lista di combinazioni possibili, corrispondenti alle varie \u2018professioni\u2019, oppure crearlo voi scegliendo le singole abilit\u00e0 da un elenco. In ogni caso la scelta iniziale non influenza assolutamente quello che poi diventerete perch\u00e8 le skills iniziali sono un piccolo aiuto, poi star\u00e0 a voi decidere se continuare ad allenarle o intraprendere nuove vie.. quindi se siete indecisi non fatevi troppi problemi, potete ad esempio iniziare con <a href=\"https:\/\/www.zhi.itportal\/zhicompendium\/skills\/cooking\">Cooking<\/a>, <a href=\"https:\/\/www.zhi.itportal\/zhicompendium\/skills\/fishing\">Fishing<\/a> e <a href=\"https:\/\/www.zhi.itportal\/zhicompendium\/skills\/mining\">Mining<\/a>, che permettono di fare i primi soldi.<\/p>\n<p>Successivamente vi ritroverete in una stanza con diversi portali (gates) che corrispondono alle diverse razze, cliccando sul portale potrete leggere a quale razza esso \u00e8 collegato, una volta scelta la razza attraversate il portale.<\/p>\n<p>Dopo aver scelto la razza verrete teleportati in un&#8217;altra stanza dove per ogni razza ci sono 4 gates con sfumature diverse, cos\u00ec da poter scegliere la sfumatura della vostra pelle, una volta scelta la sfumatura verrete teletrasportati in un&#8217;altra stanza dove potrete scegliere l&#8217;acconciatura da dare al vostro personaggio e colorare i capelli, le acconciature non sono definitive in ogni momento potrete cambiarla da un barbiere in citt\u00e0.<\/p>\n<p>Una volta conclusa la scelta di sesso e razza, vi troverete alla citt\u00e0 sicura di Evergreen e troverete nel vostro Backpack un Equip Base per la classe scelta, nominato Newbie, della durata di 30 giorni da sfruttare per iniziare la Vostra avventura nelle terre di Sosaria.<\/p>\n","protected":false},"excerpt":{"rendered":"<p>Creare il PG La creazione di un PG \u00e8 praticamente la sua nascita. Vi richiediamo attenzione sia nella scelta del nome che della razza. Fate delle prove: se il PG \u00e8 appena nato ed avete sbagliato razza o nome, \u00e8 pi\u00f9 facile rifarlo da capo che non richiedere un cambio di nome\u00a0visto che per cambiarlo [&hellip;]<\/p>\n","protected":false},"author":2,"featured_media":4766,"parent":9059,"menu_order":0,"comment_status":"closed","ping_status":"closed","template":"","meta":{"inline_featured_image":false,"footnotes":""},"class_list":["post-563","page","type-page","status-publish","has-post-thumbnail","czr-hentry"],"yoast_head":"<!-- This site is optimized with the Yoast SEO plugin v27.4 - https:\/\/yoast.com\/product\/yoast-seo-wordpress\/ -->\n<title>Creare il PG - Zulu Hotel Italia<\/title>\n<meta name=\"robots\" content=\"index, follow, max-snippet:-1, max-image-preview:large, max-video-preview:-1\" \/>\n<link rel=\"canonical\" href=\"https:\/\/www.zhi.it\/portalnew\/wikizhi\/guide-rapide\/creare-il-pg\/\" \/>\n<meta property=\"og:locale\" content=\"it_IT\" \/>\n<meta property=\"og:type\" content=\"article\" \/>\n<meta property=\"og:title\" content=\"Creare il PG - Zulu Hotel Italia\" \/>\n<meta property=\"og:description\" content=\"Creare il PG La creazione di un PG \u00e8 praticamente la sua nascita. Vi richiediamo attenzione sia nella scelta del nome che della razza. Fate delle prove: se il PG \u00e8 appena nato ed avete sbagliato razza o nome, \u00e8 pi\u00f9 facile rifarlo da capo che non richiedere un cambio di nome\u00a0visto che per cambiarlo [&hellip;]\" \/>\n<meta property=\"og:url\" content=\"https:\/\/www.zhi.it\/portalnew\/wikizhi\/guide-rapide\/creare-il-pg\/\" \/>\n<meta property=\"og:site_name\" content=\"Zulu Hotel Italia\" \/>\n<meta property=\"article:modified_time\" content=\"2025-02-17T10:31:55+00:00\" \/>\n<meta property=\"og:image\" content=\"https:\/\/www.zhi.it\/portalnew\/wp-content\/uploads\/2011\/02\/ultima-online-splash.jpg\" \/>\n\t<meta property=\"og:image:width\" content=\"1024\" \/>\n\t<meta property=\"og:image:height\" content=\"650\" \/>\n\t<meta property=\"og:image:type\" content=\"image\/jpeg\" \/>\n<meta name=\"twitter:card\" content=\"summary_large_image\" \/>\n<meta name=\"twitter:label1\" content=\"Tempo di lettura stimato\" \/>\n\t<meta name=\"twitter:data1\" content=\"2 minuti\" \/>\n<script type=\"application\/ld+json\" class=\"yoast-schema-graph\">{\"@context\":\"https:\\\/\\\/schema.org\",\"@graph\":[{\"@type\":\"WebPage\",\"@id\":\"https:\\\/\\\/www.zhi.it\\\/portalnew\\\/wikizhi\\\/guide-rapide\\\/creare-il-pg\\\/\",\"url\":\"https:\\\/\\\/www.zhi.it\\\/portalnew\\\/wikizhi\\\/guide-rapide\\\/creare-il-pg\\\/\",\"name\":\"Creare il PG - Zulu Hotel Italia\",\"isPartOf\":{\"@id\":\"https:\\\/\\\/www.zhi.it\\\/portalnew\\\/#website\"},\"primaryImageOfPage\":{\"@id\":\"https:\\\/\\\/www.zhi.it\\\/portalnew\\\/wikizhi\\\/guide-rapide\\\/creare-il-pg\\\/#primaryimage\"},\"image\":{\"@id\":\"https:\\\/\\\/www.zhi.it\\\/portalnew\\\/wikizhi\\\/guide-rapide\\\/creare-il-pg\\\/#primaryimage\"},\"thumbnailUrl\":\"https:\\\/\\\/www.zhi.it\\\/portalnew\\\/wp-content\\\/uploads\\\/2011\\\/02\\\/ultima-online-splash.jpg\",\"datePublished\":\"2016-03-27T17:19:00+00:00\",\"dateModified\":\"2025-02-17T10:31:55+00:00\",\"breadcrumb\":{\"@id\":\"https:\\\/\\\/www.zhi.it\\\/portalnew\\\/wikizhi\\\/guide-rapide\\\/creare-il-pg\\\/#breadcrumb\"},\"inLanguage\":\"it-IT\",\"potentialAction\":[{\"@type\":\"ReadAction\",\"target\":[\"https:\\\/\\\/www.zhi.it\\\/portalnew\\\/wikizhi\\\/guide-rapide\\\/creare-il-pg\\\/\"]}]},{\"@type\":\"ImageObject\",\"inLanguage\":\"it-IT\",\"@id\":\"https:\\\/\\\/www.zhi.it\\\/portalnew\\\/wikizhi\\\/guide-rapide\\\/creare-il-pg\\\/#primaryimage\",\"url\":\"https:\\\/\\\/www.zhi.it\\\/portalnew\\\/wp-content\\\/uploads\\\/2011\\\/02\\\/ultima-online-splash.jpg\",\"contentUrl\":\"https:\\\/\\\/www.zhi.it\\\/portalnew\\\/wp-content\\\/uploads\\\/2011\\\/02\\\/ultima-online-splash.jpg\",\"width\":1024,\"height\":650},{\"@type\":\"BreadcrumbList\",\"@id\":\"https:\\\/\\\/www.zhi.it\\\/portalnew\\\/wikizhi\\\/guide-rapide\\\/creare-il-pg\\\/#breadcrumb\",\"itemListElement\":[{\"@type\":\"ListItem\",\"position\":1,\"name\":\"Home\",\"item\":\"https:\\\/\\\/www.zhi.it\\\/portalnew\\\/\"},{\"@type\":\"ListItem\",\"position\":2,\"name\":\"Zhi Wiki\",\"item\":\"https:\\\/\\\/www.zhi.it\\\/portalnew\\\/wikizhi\\\/\"},{\"@type\":\"ListItem\",\"position\":3,\"name\":\"!Guide rapide\",\"item\":\"https:\\\/\\\/www.zhi.it\\\/portalnew\\\/wikizhi\\\/guide-rapide\\\/\"},{\"@type\":\"ListItem\",\"position\":4,\"name\":\"Creare il PG\"}]},{\"@type\":\"WebSite\",\"@id\":\"https:\\\/\\\/www.zhi.it\\\/portalnew\\\/#website\",\"url\":\"https:\\\/\\\/www.zhi.it\\\/portalnew\\\/\",\"name\":\"Zulu Hotel Italia\",\"description\":\"\",\"publisher\":{\"@id\":\"https:\\\/\\\/www.zhi.it\\\/portalnew\\\/#organization\"},\"potentialAction\":[{\"@type\":\"SearchAction\",\"target\":{\"@type\":\"EntryPoint\",\"urlTemplate\":\"https:\\\/\\\/www.zhi.it\\\/portalnew\\\/?s={search_term_string}\"},\"query-input\":{\"@type\":\"PropertyValueSpecification\",\"valueRequired\":true,\"valueName\":\"search_term_string\"}}],\"inLanguage\":\"it-IT\"},{\"@type\":\"Organization\",\"@id\":\"https:\\\/\\\/www.zhi.it\\\/portalnew\\\/#organization\",\"name\":\"Zulu Hotel Italia\",\"url\":\"https:\\\/\\\/www.zhi.it\\\/portalnew\\\/\",\"logo\":{\"@type\":\"ImageObject\",\"inLanguage\":\"it-IT\",\"@id\":\"https:\\\/\\\/www.zhi.it\\\/portalnew\\\/#\\\/schema\\\/logo\\\/image\\\/\",\"url\":\"https:\\\/\\\/www.zhi.it\\\/portalnew\\\/wp-content\\\/uploads\\\/2018\\\/09\\\/cropped-zhi-logo-colorato.png\",\"contentUrl\":\"https:\\\/\\\/www.zhi.it\\\/portalnew\\\/wp-content\\\/uploads\\\/2018\\\/09\\\/cropped-zhi-logo-colorato.png\",\"width\":325,\"height\":325,\"caption\":\"Zulu Hotel Italia\"},\"image\":{\"@id\":\"https:\\\/\\\/www.zhi.it\\\/portalnew\\\/#\\\/schema\\\/logo\\\/image\\\/\"}}]}<\/script>\n<!-- \/ Yoast SEO plugin. -->","yoast_head_json":{"title":"Creare il PG - Zulu Hotel Italia","robots":{"index":"index","follow":"follow","max-snippet":"max-snippet:-1","max-image-preview":"max-image-preview:large","max-video-preview":"max-video-preview:-1"},"canonical":"https:\/\/www.zhi.it\/portalnew\/wikizhi\/guide-rapide\/creare-il-pg\/","og_locale":"it_IT","og_type":"article","og_title":"Creare il PG - Zulu Hotel Italia","og_description":"Creare il PG La creazione di un PG \u00e8 praticamente la sua nascita. Vi richiediamo attenzione sia nella scelta del nome che della razza. Fate delle prove: se il PG \u00e8 appena nato ed avete sbagliato razza o nome, \u00e8 pi\u00f9 facile rifarlo da capo che non richiedere un cambio di nome\u00a0visto che per cambiarlo [&hellip;]","og_url":"https:\/\/www.zhi.it\/portalnew\/wikizhi\/guide-rapide\/creare-il-pg\/","og_site_name":"Zulu Hotel Italia","article_modified_time":"2025-02-17T10:31:55+00:00","og_image":[{"width":1024,"height":650,"url":"https:\/\/www.zhi.it\/portalnew\/wp-content\/uploads\/2011\/02\/ultima-online-splash.jpg","type":"image\/jpeg"}],"twitter_card":"summary_large_image","twitter_misc":{"Tempo di lettura stimato":"2 minuti"},"schema":{"@context":"https:\/\/schema.org","@graph":[{"@type":"WebPage","@id":"https:\/\/www.zhi.it\/portalnew\/wikizhi\/guide-rapide\/creare-il-pg\/","url":"https:\/\/www.zhi.it\/portalnew\/wikizhi\/guide-rapide\/creare-il-pg\/","name":"Creare il PG - Zulu Hotel Italia","isPartOf":{"@id":"https:\/\/www.zhi.it\/portalnew\/#website"},"primaryImageOfPage":{"@id":"https:\/\/www.zhi.it\/portalnew\/wikizhi\/guide-rapide\/creare-il-pg\/#primaryimage"},"image":{"@id":"https:\/\/www.zhi.it\/portalnew\/wikizhi\/guide-rapide\/creare-il-pg\/#primaryimage"},"thumbnailUrl":"https:\/\/www.zhi.it\/portalnew\/wp-content\/uploads\/2011\/02\/ultima-online-splash.jpg","datePublished":"2016-03-27T17:19:00+00:00","dateModified":"2025-02-17T10:31:55+00:00","breadcrumb":{"@id":"https:\/\/www.zhi.it\/portalnew\/wikizhi\/guide-rapide\/creare-il-pg\/#breadcrumb"},"inLanguage":"it-IT","potentialAction":[{"@type":"ReadAction","target":["https:\/\/www.zhi.it\/portalnew\/wikizhi\/guide-rapide\/creare-il-pg\/"]}]},{"@type":"ImageObject","inLanguage":"it-IT","@id":"https:\/\/www.zhi.it\/portalnew\/wikizhi\/guide-rapide\/creare-il-pg\/#primaryimage","url":"https:\/\/www.zhi.it\/portalnew\/wp-content\/uploads\/2011\/02\/ultima-online-splash.jpg","contentUrl":"https:\/\/www.zhi.it\/portalnew\/wp-content\/uploads\/2011\/02\/ultima-online-splash.jpg","width":1024,"height":650},{"@type":"BreadcrumbList","@id":"https:\/\/www.zhi.it\/portalnew\/wikizhi\/guide-rapide\/creare-il-pg\/#breadcrumb","itemListElement":[{"@type":"ListItem","position":1,"name":"Home","item":"https:\/\/www.zhi.it\/portalnew\/"},{"@type":"ListItem","position":2,"name":"Zhi Wiki","item":"https:\/\/www.zhi.it\/portalnew\/wikizhi\/"},{"@type":"ListItem","position":3,"name":"!Guide rapide","item":"https:\/\/www.zhi.it\/portalnew\/wikizhi\/guide-rapide\/"},{"@type":"ListItem","position":4,"name":"Creare il PG"}]},{"@type":"WebSite","@id":"https:\/\/www.zhi.it\/portalnew\/#website","url":"https:\/\/www.zhi.it\/portalnew\/","name":"Zulu Hotel Italia","description":"","publisher":{"@id":"https:\/\/www.zhi.it\/portalnew\/#organization"},"potentialAction":[{"@type":"SearchAction","target":{"@type":"EntryPoint","urlTemplate":"https:\/\/www.zhi.it\/portalnew\/?s={search_term_string}"},"query-input":{"@type":"PropertyValueSpecification","valueRequired":true,"valueName":"search_term_string"}}],"inLanguage":"it-IT"},{"@type":"Organization","@id":"https:\/\/www.zhi.it\/portalnew\/#organization","name":"Zulu Hotel Italia","url":"https:\/\/www.zhi.it\/portalnew\/","logo":{"@type":"ImageObject","inLanguage":"it-IT","@id":"https:\/\/www.zhi.it\/portalnew\/#\/schema\/logo\/image\/","url":"https:\/\/www.zhi.it\/portalnew\/wp-content\/uploads\/2018\/09\/cropped-zhi-logo-colorato.png","contentUrl":"https:\/\/www.zhi.it\/portalnew\/wp-content\/uploads\/2018\/09\/cropped-zhi-logo-colorato.png","width":325,"height":325,"caption":"Zulu Hotel Italia"},"image":{"@id":"https:\/\/www.zhi.it\/portalnew\/#\/schema\/logo\/image\/"}}]}},"_links":{"self":[{"href":"https:\/\/www.zhi.it\/portalnew\/wp-json\/wp\/v2\/pages\/563","targetHints":{"allow":["GET"]}}],"collection":[{"href":"https:\/\/www.zhi.it\/portalnew\/wp-json\/wp\/v2\/pages"}],"about":[{"href":"https:\/\/www.zhi.it\/portalnew\/wp-json\/wp\/v2\/types\/page"}],"author":[{"embeddable":true,"href":"https:\/\/www.zhi.it\/portalnew\/wp-json\/wp\/v2\/users\/2"}],"replies":[{"embeddable":true,"href":"https:\/\/www.zhi.it\/portalnew\/wp-json\/wp\/v2\/comments?post=563"}],"version-history":[{"count":4,"href":"https:\/\/www.zhi.it\/portalnew\/wp-json\/wp\/v2\/pages\/563\/revisions"}],"predecessor-version":[{"id":7169,"href":"https:\/\/www.zhi.it\/portalnew\/wp-json\/wp\/v2\/pages\/563\/revisions\/7169"}],"up":[{"embeddable":true,"href":"https:\/\/www.zhi.it\/portalnew\/wp-json\/wp\/v2\/pages\/9059"}],"wp:featuredmedia":[{"embeddable":true,"href":"https:\/\/www.zhi.it\/portalnew\/wp-json\/wp\/v2\/media\/4766"}],"wp:attachment":[{"href":"https:\/\/www.zhi.it\/portalnew\/wp-json\/wp\/v2\/media?parent=563"}],"curies":[{"name":"wp","href":"https:\/\/api.w.org\/{rel}","templated":true}]}}