{"id":569,"date":"2016-03-27T17:20:23","date_gmt":"2016-03-27T17:20:23","guid":{"rendered":"http:\/\/www.linkwebsrl.it\/wordpress\/?page_id=569"},"modified":"2025-02-17T11:31:55","modified_gmt":"2025-02-17T10:31:55","slug":"allenarsi","status":"publish","type":"page","link":"https:\/\/www.zhi.it\/portalnew\/wikizhi\/guide-rapide\/allenarsi\/","title":{"rendered":"Allenarsi"},"content":{"rendered":"<p style=\"text-align: justify;\">In Ultima Online l&#8217;allenamento riveste un ruolo veramente importante. Per far salire le vostre abilit\u00e0 (skills) sul nostro server hai due alternative:<\/p>\n<ol>\n<li>Usare il <a href=\"https:\/\/www.zhi.it\/portalnew\/wikizhi\/systems\/pvm-experience-system\/\">PVM Experience System<\/a>;<\/li>\n<li>Praticare il classico Macroing, ossia ripetere continuamente un&#8217;azione al fine di perfezionarsi.<\/li>\n<\/ol>\n<p style=\"text-align: justify;\">Il luogo perfetto per allenare le vostre skills \u00e8 l&#8217;<strong>Arena Sparro <\/strong>raggiungibile dai Traveler scrivendo il comando &#8220;gate&#8221; e selezionando la destinazione Arena sparro.<\/p>\n<p style=\"text-align: justify;\">Ogni abilit\u00e0 ha un modo particolare per essere allenata. Fondamentalmente si possono dividere le skills in due categorie: quelle che si possono portare al massimo ripetendo sempre la stessa identica azione e quelle che in base al loro perfezionamento richiedono una specifica azione, o gruppo di azioni, per essere implementate. Due esempi potrebbero essere quelli di Anatomy e Magery. Da quando creerete il personaggio a quando sarete al culmine della vostra abilit\u00e0 Anatomy potrete sempre alzarla ripetendo la stessa azione\u2026 Magery, al contrario, \u00e8 impossibile da incrementare fino in fondo utilizzando solo le magie pi\u00f9 semplici (quelle del primo circolo); \u00e8 necessario infatti aumentare gradualmente la difficolt\u00e0 degli incantesimi lanciati.<\/p>\n<p style=\"text-align: justify;\">In aiuto del giocatore intervengono inoltre le crescite collaterali: quando si utilizzano talune skills si incrementano anche quelle ad esse abbinate. Sparrando ad esempio con una mazza, (dall&#8217;inglese &#8220;to spar = allenarsi, combattere&#8221;) al fine di alzare Macefighting, si alzano anche Tactics, Anatomy e Arms Lore, che sono skills strettamente collegate alle tecniche combattive.<\/p>\n<p style=\"text-align: justify;\">Oltre alle vostre abilit\u00e0 dovrete dare un occhio anche alle vostre \u201ccaratteristiche\u201d, definite col nome di Stats. Esse comprendono: Forza, Destrezza ed Intelligenza. Ogni volta che vi cimenterete nell&#8217;uso di una skill anche le vostre caratteristiche ne risentiranno. Mettersi a lavorare il ferro in fucina implementer\u00e0 la vostra forza, cos\u00ec come il lancio di incantesimi stimoler\u00e0 la vostra mente, alzando l&#8217;intelligenza. Capita inoltre, come per le skills, che alcuni lavori particolari alzino pi\u00f9 di una stat contemporaneamente: sparrare utilizzando armi pesanti come le mazze incrementer\u00e0 soprattutto la vostra forza, ma anche la vostra destrezza ne trarr\u00e0 giovamento.<\/p>\n<p style=\"text-align: justify;\">Per maggiori informazioni circa le skills potrete trovare ci\u00f2 che cercate nel capitolo inerente; che vi illustra inoltre quali stats si alzeranno con l&#8217;uso specifico di quelle singole abilit\u00e0.<\/p>\n<p style=\"text-align: justify;\">Per maggiori informazioni circa le tecniche di macroing potete consultate la sezione <a href=\"https:\/\/www.zhi.it\/portalnew\/wikizhi\/regolamenti-e-tutorial\/guida-al-macroing\/\">Macroing<\/a>.<\/p>\n<p style=\"text-align: justify;\">E&#8217; possibile macrare le vostre skills away fatta eccezione per le skills che producono risorse (Farming, Fishing, Lumberjacking, Mining), queste ultime potranno essere macrate away solo utilizzando il <strong>.working<\/strong> (30 ore mensili)<br \/>\nPer ulteriori info consultare la sezione <a href=\"https:\/\/www.zhi.it\/portalnew\/inizia-a-giocare\/regolamento\/\">Regolamento<\/a>.<\/p>\n<p style=\"text-align: justify;\">In ogni caso il miglior supporto che potrete ricevere sar\u00e0 in game, approfittando dell&#8217;esperienza e del consiglio dei giocatori pi\u00f9 esperti e delle varie gilde e clan.<\/p>\n","protected":false},"excerpt":{"rendered":"<p>In Ultima Online l&#8217;allenamento riveste un ruolo veramente importante. Per far salire le vostre abilit\u00e0 (skills) sul nostro server hai due alternative: Usare il PVM Experience System; Praticare il classico Macroing, ossia ripetere continuamente un&#8217;azione al fine di perfezionarsi. Il luogo perfetto per allenare le vostre skills \u00e8 l&#8217;Arena Sparro raggiungibile dai Traveler scrivendo il [&hellip;]<\/p>\n","protected":false},"author":2,"featured_media":4766,"parent":9059,"menu_order":0,"comment_status":"closed","ping_status":"closed","template":"","meta":{"inline_featured_image":false,"footnotes":""},"class_list":["post-569","page","type-page","status-publish","has-post-thumbnail","czr-hentry"],"yoast_head":"<!-- This site is optimized with the Yoast SEO plugin v27.5 - https:\/\/yoast.com\/product\/yoast-seo-wordpress\/ -->\n<title>Allenarsi - Zulu Hotel Italia<\/title>\n<meta name=\"robots\" content=\"index, follow, max-snippet:-1, max-image-preview:large, max-video-preview:-1\" \/>\n<link rel=\"canonical\" href=\"https:\/\/www.zhi.it\/portalnew\/wikizhi\/guide-rapide\/allenarsi\/\" \/>\n<meta property=\"og:locale\" content=\"it_IT\" \/>\n<meta property=\"og:type\" content=\"article\" \/>\n<meta property=\"og:title\" content=\"Allenarsi - Zulu Hotel Italia\" \/>\n<meta property=\"og:description\" content=\"In Ultima Online l&#8217;allenamento riveste un ruolo veramente importante. Per far salire le vostre abilit\u00e0 (skills) sul nostro server hai due alternative: Usare il PVM Experience System; Praticare il classico Macroing, ossia ripetere continuamente un&#8217;azione al fine di perfezionarsi. Il luogo perfetto per allenare le vostre skills \u00e8 l&#8217;Arena Sparro raggiungibile dai Traveler scrivendo il [&hellip;]\" \/>\n<meta property=\"og:url\" content=\"https:\/\/www.zhi.it\/portalnew\/wikizhi\/guide-rapide\/allenarsi\/\" \/>\n<meta property=\"og:site_name\" content=\"Zulu Hotel Italia\" \/>\n<meta property=\"article:modified_time\" content=\"2025-02-17T10:31:55+00:00\" \/>\n<meta property=\"og:image\" content=\"https:\/\/www.zhi.it\/portalnew\/wp-content\/uploads\/2011\/02\/ultima-online-splash.jpg\" \/>\n\t<meta property=\"og:image:width\" content=\"1024\" \/>\n\t<meta property=\"og:image:height\" content=\"650\" \/>\n\t<meta property=\"og:image:type\" content=\"image\/jpeg\" \/>\n<meta name=\"twitter:card\" content=\"summary_large_image\" \/>\n<meta name=\"twitter:label1\" content=\"Tempo di lettura stimato\" \/>\n\t<meta name=\"twitter:data1\" content=\"2 minuti\" \/>\n<script type=\"application\/ld+json\" class=\"yoast-schema-graph\">{\"@context\":\"https:\\\/\\\/schema.org\",\"@graph\":[{\"@type\":\"WebPage\",\"@id\":\"https:\\\/\\\/www.zhi.it\\\/portalnew\\\/wikizhi\\\/guide-rapide\\\/allenarsi\\\/\",\"url\":\"https:\\\/\\\/www.zhi.it\\\/portalnew\\\/wikizhi\\\/guide-rapide\\\/allenarsi\\\/\",\"name\":\"Allenarsi - Zulu Hotel Italia\",\"isPartOf\":{\"@id\":\"https:\\\/\\\/www.zhi.it\\\/portalnew\\\/#website\"},\"primaryImageOfPage\":{\"@id\":\"https:\\\/\\\/www.zhi.it\\\/portalnew\\\/wikizhi\\\/guide-rapide\\\/allenarsi\\\/#primaryimage\"},\"image\":{\"@id\":\"https:\\\/\\\/www.zhi.it\\\/portalnew\\\/wikizhi\\\/guide-rapide\\\/allenarsi\\\/#primaryimage\"},\"thumbnailUrl\":\"https:\\\/\\\/www.zhi.it\\\/portalnew\\\/wp-content\\\/uploads\\\/2011\\\/02\\\/ultima-online-splash.jpg\",\"datePublished\":\"2016-03-27T17:20:23+00:00\",\"dateModified\":\"2025-02-17T10:31:55+00:00\",\"breadcrumb\":{\"@id\":\"https:\\\/\\\/www.zhi.it\\\/portalnew\\\/wikizhi\\\/guide-rapide\\\/allenarsi\\\/#breadcrumb\"},\"inLanguage\":\"it-IT\",\"potentialAction\":[{\"@type\":\"ReadAction\",\"target\":[\"https:\\\/\\\/www.zhi.it\\\/portalnew\\\/wikizhi\\\/guide-rapide\\\/allenarsi\\\/\"]}]},{\"@type\":\"ImageObject\",\"inLanguage\":\"it-IT\",\"@id\":\"https:\\\/\\\/www.zhi.it\\\/portalnew\\\/wikizhi\\\/guide-rapide\\\/allenarsi\\\/#primaryimage\",\"url\":\"https:\\\/\\\/www.zhi.it\\\/portalnew\\\/wp-content\\\/uploads\\\/2011\\\/02\\\/ultima-online-splash.jpg\",\"contentUrl\":\"https:\\\/\\\/www.zhi.it\\\/portalnew\\\/wp-content\\\/uploads\\\/2011\\\/02\\\/ultima-online-splash.jpg\",\"width\":1024,\"height\":650},{\"@type\":\"BreadcrumbList\",\"@id\":\"https:\\\/\\\/www.zhi.it\\\/portalnew\\\/wikizhi\\\/guide-rapide\\\/allenarsi\\\/#breadcrumb\",\"itemListElement\":[{\"@type\":\"ListItem\",\"position\":1,\"name\":\"Home\",\"item\":\"https:\\\/\\\/www.zhi.it\\\/portalnew\\\/\"},{\"@type\":\"ListItem\",\"position\":2,\"name\":\"Zhi Wiki\",\"item\":\"https:\\\/\\\/www.zhi.it\\\/portalnew\\\/wikizhi\\\/\"},{\"@type\":\"ListItem\",\"position\":3,\"name\":\"!Guide rapide\",\"item\":\"https:\\\/\\\/www.zhi.it\\\/portalnew\\\/wikizhi\\\/guide-rapide\\\/\"},{\"@type\":\"ListItem\",\"position\":4,\"name\":\"Allenarsi\"}]},{\"@type\":\"WebSite\",\"@id\":\"https:\\\/\\\/www.zhi.it\\\/portalnew\\\/#website\",\"url\":\"https:\\\/\\\/www.zhi.it\\\/portalnew\\\/\",\"name\":\"Zulu Hotel Italia\",\"description\":\"\",\"publisher\":{\"@id\":\"https:\\\/\\\/www.zhi.it\\\/portalnew\\\/#organization\"},\"potentialAction\":[{\"@type\":\"SearchAction\",\"target\":{\"@type\":\"EntryPoint\",\"urlTemplate\":\"https:\\\/\\\/www.zhi.it\\\/portalnew\\\/?s={search_term_string}\"},\"query-input\":{\"@type\":\"PropertyValueSpecification\",\"valueRequired\":true,\"valueName\":\"search_term_string\"}}],\"inLanguage\":\"it-IT\"},{\"@type\":\"Organization\",\"@id\":\"https:\\\/\\\/www.zhi.it\\\/portalnew\\\/#organization\",\"name\":\"Zulu Hotel Italia\",\"url\":\"https:\\\/\\\/www.zhi.it\\\/portalnew\\\/\",\"logo\":{\"@type\":\"ImageObject\",\"inLanguage\":\"it-IT\",\"@id\":\"https:\\\/\\\/www.zhi.it\\\/portalnew\\\/#\\\/schema\\\/logo\\\/image\\\/\",\"url\":\"https:\\\/\\\/www.zhi.it\\\/portalnew\\\/wp-content\\\/uploads\\\/2018\\\/09\\\/cropped-zhi-logo-colorato.png\",\"contentUrl\":\"https:\\\/\\\/www.zhi.it\\\/portalnew\\\/wp-content\\\/uploads\\\/2018\\\/09\\\/cropped-zhi-logo-colorato.png\",\"width\":325,\"height\":325,\"caption\":\"Zulu Hotel Italia\"},\"image\":{\"@id\":\"https:\\\/\\\/www.zhi.it\\\/portalnew\\\/#\\\/schema\\\/logo\\\/image\\\/\"}}]}<\/script>\n<!-- \/ Yoast SEO plugin. -->","yoast_head_json":{"title":"Allenarsi - Zulu Hotel Italia","robots":{"index":"index","follow":"follow","max-snippet":"max-snippet:-1","max-image-preview":"max-image-preview:large","max-video-preview":"max-video-preview:-1"},"canonical":"https:\/\/www.zhi.it\/portalnew\/wikizhi\/guide-rapide\/allenarsi\/","og_locale":"it_IT","og_type":"article","og_title":"Allenarsi - Zulu Hotel Italia","og_description":"In Ultima Online l&#8217;allenamento riveste un ruolo veramente importante. Per far salire le vostre abilit\u00e0 (skills) sul nostro server hai due alternative: Usare il PVM Experience System; Praticare il classico Macroing, ossia ripetere continuamente un&#8217;azione al fine di perfezionarsi. Il luogo perfetto per allenare le vostre skills \u00e8 l&#8217;Arena Sparro raggiungibile dai Traveler scrivendo il [&hellip;]","og_url":"https:\/\/www.zhi.it\/portalnew\/wikizhi\/guide-rapide\/allenarsi\/","og_site_name":"Zulu Hotel Italia","article_modified_time":"2025-02-17T10:31:55+00:00","og_image":[{"width":1024,"height":650,"url":"https:\/\/www.zhi.it\/portalnew\/wp-content\/uploads\/2011\/02\/ultima-online-splash.jpg","type":"image\/jpeg"}],"twitter_card":"summary_large_image","twitter_misc":{"Tempo di lettura stimato":"2 minuti"},"schema":{"@context":"https:\/\/schema.org","@graph":[{"@type":"WebPage","@id":"https:\/\/www.zhi.it\/portalnew\/wikizhi\/guide-rapide\/allenarsi\/","url":"https:\/\/www.zhi.it\/portalnew\/wikizhi\/guide-rapide\/allenarsi\/","name":"Allenarsi - Zulu Hotel Italia","isPartOf":{"@id":"https:\/\/www.zhi.it\/portalnew\/#website"},"primaryImageOfPage":{"@id":"https:\/\/www.zhi.it\/portalnew\/wikizhi\/guide-rapide\/allenarsi\/#primaryimage"},"image":{"@id":"https:\/\/www.zhi.it\/portalnew\/wikizhi\/guide-rapide\/allenarsi\/#primaryimage"},"thumbnailUrl":"https:\/\/www.zhi.it\/portalnew\/wp-content\/uploads\/2011\/02\/ultima-online-splash.jpg","datePublished":"2016-03-27T17:20:23+00:00","dateModified":"2025-02-17T10:31:55+00:00","breadcrumb":{"@id":"https:\/\/www.zhi.it\/portalnew\/wikizhi\/guide-rapide\/allenarsi\/#breadcrumb"},"inLanguage":"it-IT","potentialAction":[{"@type":"ReadAction","target":["https:\/\/www.zhi.it\/portalnew\/wikizhi\/guide-rapide\/allenarsi\/"]}]},{"@type":"ImageObject","inLanguage":"it-IT","@id":"https:\/\/www.zhi.it\/portalnew\/wikizhi\/guide-rapide\/allenarsi\/#primaryimage","url":"https:\/\/www.zhi.it\/portalnew\/wp-content\/uploads\/2011\/02\/ultima-online-splash.jpg","contentUrl":"https:\/\/www.zhi.it\/portalnew\/wp-content\/uploads\/2011\/02\/ultima-online-splash.jpg","width":1024,"height":650},{"@type":"BreadcrumbList","@id":"https:\/\/www.zhi.it\/portalnew\/wikizhi\/guide-rapide\/allenarsi\/#breadcrumb","itemListElement":[{"@type":"ListItem","position":1,"name":"Home","item":"https:\/\/www.zhi.it\/portalnew\/"},{"@type":"ListItem","position":2,"name":"Zhi Wiki","item":"https:\/\/www.zhi.it\/portalnew\/wikizhi\/"},{"@type":"ListItem","position":3,"name":"!Guide rapide","item":"https:\/\/www.zhi.it\/portalnew\/wikizhi\/guide-rapide\/"},{"@type":"ListItem","position":4,"name":"Allenarsi"}]},{"@type":"WebSite","@id":"https:\/\/www.zhi.it\/portalnew\/#website","url":"https:\/\/www.zhi.it\/portalnew\/","name":"Zulu Hotel Italia","description":"","publisher":{"@id":"https:\/\/www.zhi.it\/portalnew\/#organization"},"potentialAction":[{"@type":"SearchAction","target":{"@type":"EntryPoint","urlTemplate":"https:\/\/www.zhi.it\/portalnew\/?s={search_term_string}"},"query-input":{"@type":"PropertyValueSpecification","valueRequired":true,"valueName":"search_term_string"}}],"inLanguage":"it-IT"},{"@type":"Organization","@id":"https:\/\/www.zhi.it\/portalnew\/#organization","name":"Zulu Hotel Italia","url":"https:\/\/www.zhi.it\/portalnew\/","logo":{"@type":"ImageObject","inLanguage":"it-IT","@id":"https:\/\/www.zhi.it\/portalnew\/#\/schema\/logo\/image\/","url":"https:\/\/www.zhi.it\/portalnew\/wp-content\/uploads\/2018\/09\/cropped-zhi-logo-colorato.png","contentUrl":"https:\/\/www.zhi.it\/portalnew\/wp-content\/uploads\/2018\/09\/cropped-zhi-logo-colorato.png","width":325,"height":325,"caption":"Zulu Hotel Italia"},"image":{"@id":"https:\/\/www.zhi.it\/portalnew\/#\/schema\/logo\/image\/"}}]}},"_links":{"self":[{"href":"https:\/\/www.zhi.it\/portalnew\/wp-json\/wp\/v2\/pages\/569","targetHints":{"allow":["GET"]}}],"collection":[{"href":"https:\/\/www.zhi.it\/portalnew\/wp-json\/wp\/v2\/pages"}],"about":[{"href":"https:\/\/www.zhi.it\/portalnew\/wp-json\/wp\/v2\/types\/page"}],"author":[{"embeddable":true,"href":"https:\/\/www.zhi.it\/portalnew\/wp-json\/wp\/v2\/users\/2"}],"replies":[{"embeddable":true,"href":"https:\/\/www.zhi.it\/portalnew\/wp-json\/wp\/v2\/comments?post=569"}],"version-history":[{"count":7,"href":"https:\/\/www.zhi.it\/portalnew\/wp-json\/wp\/v2\/pages\/569\/revisions"}],"predecessor-version":[{"id":7171,"href":"https:\/\/www.zhi.it\/portalnew\/wp-json\/wp\/v2\/pages\/569\/revisions\/7171"}],"up":[{"embeddable":true,"href":"https:\/\/www.zhi.it\/portalnew\/wp-json\/wp\/v2\/pages\/9059"}],"wp:featuredmedia":[{"embeddable":true,"href":"https:\/\/www.zhi.it\/portalnew\/wp-json\/wp\/v2\/media\/4766"}],"wp:attachment":[{"href":"https:\/\/www.zhi.it\/portalnew\/wp-json\/wp\/v2\/media?parent=569"}],"curies":[{"name":"wp","href":"https:\/\/api.w.org\/{rel}","templated":true}]}}