{"id":856,"date":"2016-02-16T16:59:48","date_gmt":"2016-02-16T16:59:48","guid":{"rendered":"https:\/\/www.zhi.it\/portalnew\/special-varnish\/"},"modified":"2022-11-18T18:11:11","modified_gmt":"2022-11-18T17:11:11","slug":"special-varnish","status":"publish","type":"page","link":"https:\/\/www.zhi.it\/portalnew\/wikizhi\/systems\/crafting-system\/special-varnish\/","title":{"rendered":"Special Varnish"},"content":{"rendered":"<p>Per utilizzare la propriet\u00e0 Artistic sono stati introdotti gli smalti speciali (special varnish) che permetteranno di colorare gli oggetti.<\/p>\n<p>Minando e choppando, sar\u00e0 possibile estrarre:<\/p>\n<p>\u2013 ancient stone: piccole pietre che contengono traccie di minerali non pi\u00f9 reperibili;<br \/>\n\u2013 ancient piece of amber: pezzi di ambra che contengono traccie di legnami non pi\u00f9 reperibili.<\/p>\n<p>Per ottenere lo smalto speciale, quindi lo special varnish, occorre eseguire i seguenti passaggi:<\/p>\n<p>Creare il varnish bottle, ingredienti presenti nell\u2019alchemical book, skills required 50. E\u2019 possibile inserirli nei keg.<br \/>\nCreare lo special varnish usando il calderone con 1 varnish bottle, 10 blocks of glass, 1 ancient amber\/stone, 6 dead wood e 6 volcanic ash. Skill required 135.<\/p>\n<p>Per ricolorare l\u2019item baster\u00e0 clickare sullo special varnish e selezionare l\u2019items con propriet\u00e0 Artistic (Realizzati in iron o log normale). Alcuni oggetti (es: owen, bed, table, ecc\u2026) essendo composti da pi\u00f9 componenti hanno bisogno di uno special varnish per ogni singolo pezzo che li compone.<br \/>\nAffinch\u00e8 un item abbia la propriet\u00e0 Artistic occore che sia:<\/p>\n<p>\u2022 Craftato con solo iron\/log\/hide<br \/>\n\u2022 Crafting log+iron -&gt; entrambi devono essere log e iron<br \/>\n\u2022 Crafting glass -&gt; il glass deve essere combinato solo con iron<\/p>\n<p><span class=\"inline inline-middle\"><img loading=\"lazy\" decoding=\"async\" class=\"image image-_original\" title=\"\" src=\"https:\/\/www.zhi.it\/portalnew\/images\/34pez2o.jpg\" alt=\"\" width=\"537\" height=\"532\" \/><\/span><\/p>\n<p>1 &#8211; virginity stone varnish<br \/>\n2 &#8211; ice rock stone varnish<br \/>\n3 &#8211; lavarock stone varnish<br \/>\n4 &#8211; snowfall stone varnish<br \/>\n5 &#8211; dripstone stone varnish<br \/>\n6 &#8211; skystone stone varnish<br \/>\n7 &#8211; red elven stone varnish<br \/>\n8 &#8211; doom stone varnish<br \/>\n9 &#8211; celestial stone varnish<br \/>\n10 &#8211; peachblue stone varnish<br \/>\n11 &#8211; adamantium stone varnish<br \/>\n12 &#8211; spectral stone varnish<br \/>\n13 &#8211; sun amber varnish<br \/>\n14 &#8211; swamp amber varnish<br \/>\n15 &#8211; cinder amber varnish<br \/>\n16 &#8211; orange amber varnish<br \/>\n17 &#8211; golden reflection amber varnish<br \/>\n18 &#8211; purple passion amber varnish<br \/>\n19 &#8211; koto amber varnish<br \/>\n20 &#8211; blood amber varnish<br \/>\n21 &#8211; crystal amber varnish<br \/>\n22 &#8211; gaunlet amber varnish<br \/>\n23 &#8211; jade amber varnish<br \/>\n24 &#8211; blood horse amber varnish<\/p>\n<p>Vi \u00e8 anche la possibilit\u00e0 di trovare le shells con fishing e fishing net (non in .working), naturalmente alcune sono pi\u00f9 rare di altre, ecco l\u2019ordine specifico:<\/p>\n<p>Aquaria<br \/>\nCapricornia<br \/>\nSea Nymph<br \/>\nNeptune\u2019s Nautilus<br \/>\nSea Shore Sand Dollar<br \/>\nDivinia<br \/>\nMermaid<br \/>\nOcean Odyssey<br \/>\nTalimari<\/p>\n<p>Sar\u00e0 possibile ottenere delle tinture particolari da queste conchiglie con cui potrete colorare le stoffe, ed ecco i vari colori applicati su una veste, la rarit\u00e0 \u00e8 divisa in gruppi di 3 crescente:<\/p>\n<p>1-2-3 comuni<br \/>\n4-5-6 non comuni<br \/>\n7-8-9 rari<\/p>\n<p><img loading=\"lazy\" decoding=\"async\" class=\"image image-preview\" title=\"\" src=\"https:\/\/www.zhi.it\/portalnew\/images\/conchiglie.preview.png\" alt=\"\" width=\"640\" height=\"504\" \/><\/p>\n<p>Ecco il procedimento:<\/p>\n<p>1) Heating stand sulla shells per ottenere la shell powder (100 alchemy);<br \/>\n2) Cauldron e 1 shell powder, 10 pitchers of water e 5 pig iron per ottenere 1 shell dye bottle (110 alchemy);<br \/>\n3) Shell dye bottle su dying tub. Con il dying tub \u00e8 possibile ricolorare un solo items di stoffa.<\/p>\n<p>&nbsp;<\/p>\n","protected":false},"excerpt":{"rendered":"<p>Per utilizzare la propriet\u00e0 Artistic sono stati introdotti gli smalti speciali (special varnish) che permetteranno di colorare gli oggetti. Minando e choppando, sar\u00e0 possibile estrarre: \u2013 ancient stone: piccole pietre che contengono traccie di minerali non pi\u00f9 reperibili; \u2013 ancient piece of amber: pezzi di ambra che contengono traccie di legnami non pi\u00f9 reperibili. Per [&hellip;]<\/p>\n","protected":false},"author":2,"featured_media":990,"parent":537,"menu_order":0,"comment_status":"closed","ping_status":"closed","template":"","meta":{"inline_featured_image":false,"footnotes":""},"class_list":["post-856","page","type-page","status-publish","has-post-thumbnail","czr-hentry"],"yoast_head":"<!-- This site is optimized with the Yoast SEO plugin v27.4 - https:\/\/yoast.com\/product\/yoast-seo-wordpress\/ -->\n<title>Special Varnish - Zulu Hotel Italia<\/title>\n<meta name=\"robots\" content=\"index, follow, max-snippet:-1, max-image-preview:large, max-video-preview:-1\" \/>\n<link rel=\"canonical\" href=\"https:\/\/www.zhi.it\/portalnew\/wikizhi\/systems\/crafting-system\/special-varnish\/\" \/>\n<meta property=\"og:locale\" content=\"it_IT\" \/>\n<meta property=\"og:type\" content=\"article\" \/>\n<meta property=\"og:title\" content=\"Special Varnish - Zulu Hotel Italia\" \/>\n<meta property=\"og:description\" content=\"Per utilizzare la propriet\u00e0 Artistic sono stati introdotti gli smalti speciali (special varnish) che permetteranno di colorare gli oggetti. Minando e choppando, sar\u00e0 possibile estrarre: \u2013 ancient stone: piccole pietre che contengono traccie di minerali non pi\u00f9 reperibili; \u2013 ancient piece of amber: pezzi di ambra che contengono traccie di legnami non pi\u00f9 reperibili. Per [&hellip;]\" \/>\n<meta property=\"og:url\" content=\"https:\/\/www.zhi.it\/portalnew\/wikizhi\/systems\/crafting-system\/special-varnish\/\" \/>\n<meta property=\"og:site_name\" content=\"Zulu Hotel Italia\" \/>\n<meta property=\"article:modified_time\" content=\"2022-11-18T17:11:11+00:00\" \/>\n<meta property=\"og:image\" content=\"https:\/\/www.zhi.it\/portalnew\/wp-content\/uploads\/site_image\/fail_img_evidenza.jpg\" \/>\n\t<meta property=\"og:image:width\" content=\"2292\" \/>\n\t<meta property=\"og:image:height\" content=\"2134\" \/>\n\t<meta property=\"og:image:type\" content=\"image\/jpeg\" \/>\n<meta name=\"twitter:card\" content=\"summary_large_image\" \/>\n<meta name=\"twitter:label1\" content=\"Tempo di lettura stimato\" \/>\n\t<meta name=\"twitter:data1\" content=\"3 minuti\" \/>\n<script type=\"application\/ld+json\" class=\"yoast-schema-graph\">{\"@context\":\"https:\\\/\\\/schema.org\",\"@graph\":[{\"@type\":\"WebPage\",\"@id\":\"https:\\\/\\\/www.zhi.it\\\/portalnew\\\/wikizhi\\\/systems\\\/crafting-system\\\/special-varnish\\\/\",\"url\":\"https:\\\/\\\/www.zhi.it\\\/portalnew\\\/wikizhi\\\/systems\\\/crafting-system\\\/special-varnish\\\/\",\"name\":\"Special Varnish - Zulu Hotel Italia\",\"isPartOf\":{\"@id\":\"https:\\\/\\\/www.zhi.it\\\/portalnew\\\/#website\"},\"primaryImageOfPage\":{\"@id\":\"https:\\\/\\\/www.zhi.it\\\/portalnew\\\/wikizhi\\\/systems\\\/crafting-system\\\/special-varnish\\\/#primaryimage\"},\"image\":{\"@id\":\"https:\\\/\\\/www.zhi.it\\\/portalnew\\\/wikizhi\\\/systems\\\/crafting-system\\\/special-varnish\\\/#primaryimage\"},\"thumbnailUrl\":\"https:\\\/\\\/www.zhi.it\\\/portalnew\\\/wp-content\\\/uploads\\\/site_image\\\/fail_img_evidenza.jpg\",\"datePublished\":\"2016-02-16T16:59:48+00:00\",\"dateModified\":\"2022-11-18T17:11:11+00:00\",\"breadcrumb\":{\"@id\":\"https:\\\/\\\/www.zhi.it\\\/portalnew\\\/wikizhi\\\/systems\\\/crafting-system\\\/special-varnish\\\/#breadcrumb\"},\"inLanguage\":\"it-IT\",\"potentialAction\":[{\"@type\":\"ReadAction\",\"target\":[\"https:\\\/\\\/www.zhi.it\\\/portalnew\\\/wikizhi\\\/systems\\\/crafting-system\\\/special-varnish\\\/\"]}]},{\"@type\":\"ImageObject\",\"inLanguage\":\"it-IT\",\"@id\":\"https:\\\/\\\/www.zhi.it\\\/portalnew\\\/wikizhi\\\/systems\\\/crafting-system\\\/special-varnish\\\/#primaryimage\",\"url\":\"https:\\\/\\\/www.zhi.it\\\/portalnew\\\/wp-content\\\/uploads\\\/site_image\\\/fail_img_evidenza.jpg\",\"contentUrl\":\"https:\\\/\\\/www.zhi.it\\\/portalnew\\\/wp-content\\\/uploads\\\/site_image\\\/fail_img_evidenza.jpg\",\"width\":2292,\"height\":2134},{\"@type\":\"BreadcrumbList\",\"@id\":\"https:\\\/\\\/www.zhi.it\\\/portalnew\\\/wikizhi\\\/systems\\\/crafting-system\\\/special-varnish\\\/#breadcrumb\",\"itemListElement\":[{\"@type\":\"ListItem\",\"position\":1,\"name\":\"Home\",\"item\":\"https:\\\/\\\/www.zhi.it\\\/portalnew\\\/\"},{\"@type\":\"ListItem\",\"position\":2,\"name\":\"Zhi Wiki\",\"item\":\"https:\\\/\\\/www.zhi.it\\\/portalnew\\\/wikizhi\\\/\"},{\"@type\":\"ListItem\",\"position\":3,\"name\":\"!Systems\",\"item\":\"https:\\\/\\\/www.zhi.it\\\/portalnew\\\/wikizhi\\\/systems\\\/\"},{\"@type\":\"ListItem\",\"position\":4,\"name\":\"Crafting System\",\"item\":\"https:\\\/\\\/www.zhi.it\\\/portalnew\\\/wikizhi\\\/systems\\\/crafting-system\\\/\"},{\"@type\":\"ListItem\",\"position\":5,\"name\":\"Special Varnish\"}]},{\"@type\":\"WebSite\",\"@id\":\"https:\\\/\\\/www.zhi.it\\\/portalnew\\\/#website\",\"url\":\"https:\\\/\\\/www.zhi.it\\\/portalnew\\\/\",\"name\":\"Zulu Hotel Italia\",\"description\":\"\",\"publisher\":{\"@id\":\"https:\\\/\\\/www.zhi.it\\\/portalnew\\\/#organization\"},\"potentialAction\":[{\"@type\":\"SearchAction\",\"target\":{\"@type\":\"EntryPoint\",\"urlTemplate\":\"https:\\\/\\\/www.zhi.it\\\/portalnew\\\/?s={search_term_string}\"},\"query-input\":{\"@type\":\"PropertyValueSpecification\",\"valueRequired\":true,\"valueName\":\"search_term_string\"}}],\"inLanguage\":\"it-IT\"},{\"@type\":\"Organization\",\"@id\":\"https:\\\/\\\/www.zhi.it\\\/portalnew\\\/#organization\",\"name\":\"Zulu Hotel Italia\",\"url\":\"https:\\\/\\\/www.zhi.it\\\/portalnew\\\/\",\"logo\":{\"@type\":\"ImageObject\",\"inLanguage\":\"it-IT\",\"@id\":\"https:\\\/\\\/www.zhi.it\\\/portalnew\\\/#\\\/schema\\\/logo\\\/image\\\/\",\"url\":\"https:\\\/\\\/www.zhi.it\\\/portalnew\\\/wp-content\\\/uploads\\\/2018\\\/09\\\/cropped-zhi-logo-colorato.png\",\"contentUrl\":\"https:\\\/\\\/www.zhi.it\\\/portalnew\\\/wp-content\\\/uploads\\\/2018\\\/09\\\/cropped-zhi-logo-colorato.png\",\"width\":325,\"height\":325,\"caption\":\"Zulu Hotel Italia\"},\"image\":{\"@id\":\"https:\\\/\\\/www.zhi.it\\\/portalnew\\\/#\\\/schema\\\/logo\\\/image\\\/\"}}]}<\/script>\n<!-- \/ Yoast SEO plugin. -->","yoast_head_json":{"title":"Special Varnish - Zulu Hotel Italia","robots":{"index":"index","follow":"follow","max-snippet":"max-snippet:-1","max-image-preview":"max-image-preview:large","max-video-preview":"max-video-preview:-1"},"canonical":"https:\/\/www.zhi.it\/portalnew\/wikizhi\/systems\/crafting-system\/special-varnish\/","og_locale":"it_IT","og_type":"article","og_title":"Special Varnish - Zulu Hotel Italia","og_description":"Per utilizzare la propriet\u00e0 Artistic sono stati introdotti gli smalti speciali (special varnish) che permetteranno di colorare gli oggetti. Minando e choppando, sar\u00e0 possibile estrarre: \u2013 ancient stone: piccole pietre che contengono traccie di minerali non pi\u00f9 reperibili; \u2013 ancient piece of amber: pezzi di ambra che contengono traccie di legnami non pi\u00f9 reperibili. Per [&hellip;]","og_url":"https:\/\/www.zhi.it\/portalnew\/wikizhi\/systems\/crafting-system\/special-varnish\/","og_site_name":"Zulu Hotel Italia","article_modified_time":"2022-11-18T17:11:11+00:00","og_image":[{"width":2292,"height":2134,"url":"https:\/\/www.zhi.it\/portalnew\/wp-content\/uploads\/site_image\/fail_img_evidenza.jpg","type":"image\/jpeg"}],"twitter_card":"summary_large_image","twitter_misc":{"Tempo di lettura stimato":"3 minuti"},"schema":{"@context":"https:\/\/schema.org","@graph":[{"@type":"WebPage","@id":"https:\/\/www.zhi.it\/portalnew\/wikizhi\/systems\/crafting-system\/special-varnish\/","url":"https:\/\/www.zhi.it\/portalnew\/wikizhi\/systems\/crafting-system\/special-varnish\/","name":"Special Varnish - Zulu Hotel Italia","isPartOf":{"@id":"https:\/\/www.zhi.it\/portalnew\/#website"},"primaryImageOfPage":{"@id":"https:\/\/www.zhi.it\/portalnew\/wikizhi\/systems\/crafting-system\/special-varnish\/#primaryimage"},"image":{"@id":"https:\/\/www.zhi.it\/portalnew\/wikizhi\/systems\/crafting-system\/special-varnish\/#primaryimage"},"thumbnailUrl":"https:\/\/www.zhi.it\/portalnew\/wp-content\/uploads\/site_image\/fail_img_evidenza.jpg","datePublished":"2016-02-16T16:59:48+00:00","dateModified":"2022-11-18T17:11:11+00:00","breadcrumb":{"@id":"https:\/\/www.zhi.it\/portalnew\/wikizhi\/systems\/crafting-system\/special-varnish\/#breadcrumb"},"inLanguage":"it-IT","potentialAction":[{"@type":"ReadAction","target":["https:\/\/www.zhi.it\/portalnew\/wikizhi\/systems\/crafting-system\/special-varnish\/"]}]},{"@type":"ImageObject","inLanguage":"it-IT","@id":"https:\/\/www.zhi.it\/portalnew\/wikizhi\/systems\/crafting-system\/special-varnish\/#primaryimage","url":"https:\/\/www.zhi.it\/portalnew\/wp-content\/uploads\/site_image\/fail_img_evidenza.jpg","contentUrl":"https:\/\/www.zhi.it\/portalnew\/wp-content\/uploads\/site_image\/fail_img_evidenza.jpg","width":2292,"height":2134},{"@type":"BreadcrumbList","@id":"https:\/\/www.zhi.it\/portalnew\/wikizhi\/systems\/crafting-system\/special-varnish\/#breadcrumb","itemListElement":[{"@type":"ListItem","position":1,"name":"Home","item":"https:\/\/www.zhi.it\/portalnew\/"},{"@type":"ListItem","position":2,"name":"Zhi Wiki","item":"https:\/\/www.zhi.it\/portalnew\/wikizhi\/"},{"@type":"ListItem","position":3,"name":"!Systems","item":"https:\/\/www.zhi.it\/portalnew\/wikizhi\/systems\/"},{"@type":"ListItem","position":4,"name":"Crafting System","item":"https:\/\/www.zhi.it\/portalnew\/wikizhi\/systems\/crafting-system\/"},{"@type":"ListItem","position":5,"name":"Special Varnish"}]},{"@type":"WebSite","@id":"https:\/\/www.zhi.it\/portalnew\/#website","url":"https:\/\/www.zhi.it\/portalnew\/","name":"Zulu Hotel Italia","description":"","publisher":{"@id":"https:\/\/www.zhi.it\/portalnew\/#organization"},"potentialAction":[{"@type":"SearchAction","target":{"@type":"EntryPoint","urlTemplate":"https:\/\/www.zhi.it\/portalnew\/?s={search_term_string}"},"query-input":{"@type":"PropertyValueSpecification","valueRequired":true,"valueName":"search_term_string"}}],"inLanguage":"it-IT"},{"@type":"Organization","@id":"https:\/\/www.zhi.it\/portalnew\/#organization","name":"Zulu Hotel Italia","url":"https:\/\/www.zhi.it\/portalnew\/","logo":{"@type":"ImageObject","inLanguage":"it-IT","@id":"https:\/\/www.zhi.it\/portalnew\/#\/schema\/logo\/image\/","url":"https:\/\/www.zhi.it\/portalnew\/wp-content\/uploads\/2018\/09\/cropped-zhi-logo-colorato.png","contentUrl":"https:\/\/www.zhi.it\/portalnew\/wp-content\/uploads\/2018\/09\/cropped-zhi-logo-colorato.png","width":325,"height":325,"caption":"Zulu Hotel Italia"},"image":{"@id":"https:\/\/www.zhi.it\/portalnew\/#\/schema\/logo\/image\/"}}]}},"_links":{"self":[{"href":"https:\/\/www.zhi.it\/portalnew\/wp-json\/wp\/v2\/pages\/856","targetHints":{"allow":["GET"]}}],"collection":[{"href":"https:\/\/www.zhi.it\/portalnew\/wp-json\/wp\/v2\/pages"}],"about":[{"href":"https:\/\/www.zhi.it\/portalnew\/wp-json\/wp\/v2\/types\/page"}],"author":[{"embeddable":true,"href":"https:\/\/www.zhi.it\/portalnew\/wp-json\/wp\/v2\/users\/2"}],"replies":[{"embeddable":true,"href":"https:\/\/www.zhi.it\/portalnew\/wp-json\/wp\/v2\/comments?post=856"}],"version-history":[{"count":6,"href":"https:\/\/www.zhi.it\/portalnew\/wp-json\/wp\/v2\/pages\/856\/revisions"}],"predecessor-version":[{"id":7328,"href":"https:\/\/www.zhi.it\/portalnew\/wp-json\/wp\/v2\/pages\/856\/revisions\/7328"}],"up":[{"embeddable":true,"href":"https:\/\/www.zhi.it\/portalnew\/wp-json\/wp\/v2\/pages\/537"}],"wp:featuredmedia":[{"embeddable":true,"href":"https:\/\/www.zhi.it\/portalnew\/wp-json\/wp\/v2\/media\/990"}],"wp:attachment":[{"href":"https:\/\/www.zhi.it\/portalnew\/wp-json\/wp\/v2\/media?parent=856"}],"curies":[{"name":"wp","href":"https:\/\/api.w.org\/{rel}","templated":true}]}}